{"id":9678,"date":"2017-12-18T13:04:34","date_gmt":"2017-12-18T13:04:34","guid":{"rendered":"https:\/\/www.grillsymbol.com\/shop\/sin%20categor\u00eda\/grillsymbol-cor-ten-steel-fire-pit-chiaro\/"},"modified":"2026-03-27T14:17:20","modified_gmt":"2026-03-27T14:17:20","slug":"grillsymbol-pozo-de-fuego-chiaro-o-67-cm","status":"publish","type":"product","link":"https:\/\/www.grillsymbol.com\/es\/shop\/pozos-de-fuego\/grillsymbol-pozo-de-fuego-chiaro-o-67-cm\/","title":{"rendered":"GrillSymbol pozo de fuego Chiaro, \u00f8 67 cm"},"content":{"rendered":"<ul>\n<li>Di\u00e1metro: 67 cm<\/li>\n<li>Profundidad: 10 cm<\/li>\n<li>Altura desde el suelo: 20 cm (borde superior)<\/li>\n<li>Peso: 18 kg<\/li>\n<li>Material: cuenco fabricado en acero Corten de 4 mm, pata fabricada en acero Corten de 2\u20134 mm.<\/li>\n<\/ul>\n<p>&nbsp;<\/p>\n<p>El producto no debe instalarse sobre una superficie de madera, ya que el el pozo se calentar\u00e1 durante el fuego. Hay agujeros en el fondo de la hoguera de los que pueden caer peque\u00f1os trozos de carb\u00f3n. Los orificios en el fondo act\u00faan como desag\u00fces para evitar que se acumule agua estancada dentro de la hoguera.<\/p>\n<p><strong>\u00a1NB!<\/strong>\u00a0Los productos de acero Cor-Ten se entregan con una superficie sin tratar. El acero COR-TEN\u00ae completamente nuevo es de color gris como el acero laminado en caliente convencional. Puede encontrar las instrucciones de envejecimiento en nuestro sitio web o puede escanear directamente desde el producto.<\/p>\n<p>&nbsp;<\/p>\n<h5><a href=\"https:\/\/www.grillsymbol.com\/es\/instructions\/instrucciones-para-productos-cor-ten\/\" target=\"_blank\" rel=\"noopener\">Mira aqu\u00ed: Instrucciones para productos Cor-Ten<\/a><\/h5>\n","protected":false},"excerpt":{"rendered":"<p>La palabra clave de este pozo de fuego es claridad.\u00a0Sencillas l\u00edneas claras y practicidad, combinadas con un material duradero y de exterior.<\/p>\n<p>El pozo de fuego est\u00e1 hecho de acero Cor-Ten, que es acero al carbono casi puro, pero tratado para crear una capa protectora resistente a la intemperie en su superficie. La capa superficial es inicialmente gris\u00e1cea, luego se vuelve marr\u00f3n rojiza (un tono similar al \u00f3xido), y se oscurece a\u00fan m\u00e1s con el tiempo. Usado correctamente, el acero Cor-Ten es expresivo, duradero y libre de mantenimiento. Resiste el tiempo de una manera \u00f9nica.<\/p>\n<p>El nombre \\\u00bbchiaro\\\u00bb significa \\\u00bbclaro\\\u00bb o \\\u00bbluz\\\u00bb. \u00a1Deja que la luz entre en tu jard\u00edn y convierte las noches oscuras en una agradable reuni\u00f3n!<\/p>\n<p><strong>Dise\u00f1o: Petteri Wiimaa<\/strong><\/p>\n<p>&nbsp;<\/p>\n","protected":false},"featured_media":12624,"comment_status":"open","ping_status":"closed","template":"","meta":{"footnotes":""},"class_list":["post-9678","product","type-product","status-publish","has-post-thumbnail","hentry","product_cat-pozos-de-fuego"],"_links":{"self":[{"href":"https:\/\/www.grillsymbol.com\/es\/wp-json\/wp\/v2\/product\/9678","targetHints":{"allow":["GET"]}}],"collection":[{"href":"https:\/\/www.grillsymbol.com\/es\/wp-json\/wp\/v2\/product"}],"about":[{"href":"https:\/\/www.grillsymbol.com\/es\/wp-json\/wp\/v2\/types\/product"}],"replies":[{"embeddable":true,"href":"https:\/\/www.grillsymbol.com\/es\/wp-json\/wp\/v2\/comments?post=9678"}],"version-history":[{"count":0,"href":"https:\/\/www.grillsymbol.com\/es\/wp-json\/wp\/v2\/product\/9678\/revisions"}],"wp:featuredmedia":[{"embeddable":true,"href":"https:\/\/www.grillsymbol.com\/es\/wp-json\/wp\/v2\/media\/12624"}],"wp:attachment":[{"href":"https:\/\/www.grillsymbol.com\/es\/wp-json\/wp\/v2\/media?parent=9678"}],"curies":[{"name":"wp","href":"https:\/\/api.w.org\/{rel}","templated":true}]}}