{"id":9775,"date":"2017-12-13T13:32:32","date_gmt":"2017-12-13T13:32:32","guid":{"rendered":"https:\/\/www.grillsymbol.com\/shop\/sin%20categor\u00eda\/grillsymbol-paella-wok-set-pro-450\/"},"modified":"2023-10-13T09:01:29","modified_gmt":"2023-10-13T09:01:29","slug":"grillsymbol-quemador-de-sarten-wok-pro-450","status":"publish","type":"product","link":"https:\/\/www.grillsymbol.com\/es\/shop\/quemadores-de-sarten-wok\/grillsymbol-quemador-de-sarten-wok-pro-450\/","title":{"rendered":"GrillSymbol Quemador de sart\u00e9n wok PRO-450"},"content":{"rendered":"<ul>\n<li>Di\u00e1metro: 45 cm<\/li>\n<li>Capacidad: 10-12 porciones<\/li>\n<li>Altura: 29 cm<\/li>\n<li>Profundidad: 10 cm<\/li>\n<li>Peso: La sart\u00e9n 6 kg, peso total del kit 10 kg<\/li>\n<li>La sart\u00e9n esta hecha de acero de 3 mm<\/li>\n<li>Quemador: 6,5 kW, di\u00e1metro 30 cm<\/li>\n<li>Consumo de gas a plena capacidad 0,6 kg\/h, en circunstancias normales desde 0,2 hasta 0,4 kg\/h<\/li>\n<li>Las patas se desmontan y montan con tornillos (mariposa)<\/li>\n<li>Triple Windshield &#8211; triple protecci\u00f3n contra el viento<\/li>\n<li>Triple Windshield &#8211;\u00a0 el calor se dirige directamente a la sart\u00e9n, no se desvanece<\/li>\n<li>Triple Windshield &#8211;\u00a0 menor consumo de gas<\/li>\n<li>Estructura y pies resistentes: el producto es estable<\/li>\n<li>La protecci\u00f3n contra el viento y las patas son de acero inoxidable, no se oxida y es f\u00e1cil de mantener<\/li>\n<li>Listo para usar, premontado y el montaje toma solo dos minutos<\/li>\n<li>Las partes del quemador y de la protecci\u00f3n contra el viento se pueden usar con diferentes sartenes<\/li>\n<\/ul>\n<p>&nbsp;<\/p>\n<p>\u00a1NB! La boquilla adecuada se monta en f\u00e1brica seg\u00fan el pa\u00eds de destino del pedido.<\/p>\n<p>\u00a1NB! El regulador de gas, la manguera de gas y la tapa no est\u00e1n incluidos en el set.<\/p>\n","protected":false},"excerpt":{"rendered":"<p>La sart\u00e9n WOK de acero profundo con <strong>fondo curvo<\/strong> est\u00e1 dise\u00f1ada principalmente para preparar platos asi\u00e1ticos. Tiene muy buenas caracter\u00edsticas para cocinar. Se pueden preparar r\u00e1pidamente diferentes woks, sopas, como Tom Kha, Tom Yum, y muchos otros platos gracias a un potente quemador de gas. Dado que el wok de 45 cm<strong> es m\u00e1s eficiente y r\u00e1pido que la mayor\u00eda de las freidoras<\/strong>, se adapta perfectamente para freir: rollitos de primavera, tempura, fish and chips, falafels, alitas de pollo, aros de cebolla y calamares, etc.<\/p>\n<p><strong>PRO-450\u00a0<\/strong>es un modelo popular para usuarios dom\u00e9sticos que reciben a muchos invitados y organizan barbacoas. Estructura fuerte, potente quemador de gas y sart\u00e9n-wok con fondo curvo, son la mejor uni\u00f3n. Triple Windshield\u00a0garantiza la mejor protecci\u00f3n posible contra el viento y la llama de gas no se apagar\u00e1 ni con viento moderado.<\/p>\n","protected":false},"featured_media":16235,"comment_status":"open","ping_status":"closed","template":"","meta":{"footnotes":""},"class_list":["post-9775","product","type-product","status-publish","has-post-thumbnail","hentry","product_cat-quemadores-de-sarten-wok"],"_links":{"self":[{"href":"https:\/\/www.grillsymbol.com\/es\/wp-json\/wp\/v2\/product\/9775","targetHints":{"allow":["GET"]}}],"collection":[{"href":"https:\/\/www.grillsymbol.com\/es\/wp-json\/wp\/v2\/product"}],"about":[{"href":"https:\/\/www.grillsymbol.com\/es\/wp-json\/wp\/v2\/types\/product"}],"replies":[{"embeddable":true,"href":"https:\/\/www.grillsymbol.com\/es\/wp-json\/wp\/v2\/comments?post=9775"}],"version-history":[{"count":0,"href":"https:\/\/www.grillsymbol.com\/es\/wp-json\/wp\/v2\/product\/9775\/revisions"}],"wp:featuredmedia":[{"embeddable":true,"href":"https:\/\/www.grillsymbol.com\/es\/wp-json\/wp\/v2\/media\/16235"}],"wp:attachment":[{"href":"https:\/\/www.grillsymbol.com\/es\/wp-json\/wp\/v2\/media?parent=9775"}],"curies":[{"name":"wp","href":"https:\/\/api.w.org\/{rel}","templated":true}]}}