{"id":9816,"date":"2017-12-07T12:40:46","date_gmt":"2017-12-07T12:40:46","guid":{"rendered":"https:\/\/www.grillsymbol.com\/shop\/sin%20categor\u00eda\/grillsymbol-cor-ten-steel-fire-pit-antigo\/"},"modified":"2026-03-29T10:14:45","modified_gmt":"2026-03-29T10:14:45","slug":"grillsymbol-pozo-de-fuego-antigo-o-116-cm","status":"publish","type":"product","link":"https:\/\/www.grillsymbol.com\/es\/shop\/pozos-de-fuego\/grillsymbol-pozo-de-fuego-antigo-o-116-cm\/","title":{"rendered":"GrillSymbol pozo de fuego Antigo, \u00f8 116 cm"},"content":{"rendered":"<ul>\n<li>Di\u00e1metro: 116 cm<\/li>\n<li>Altura: 65 cm<\/li>\n<li>Peso del set completo: 125 kg<\/li>\n<li>Material: acero Cor-Ten de 3 mm<\/li>\n<li>El pozo de fuego consta de dos partes: el panel exterior y el interior<\/li>\n<li>Hay un triple fondo entre el pozo de fuego y el almacenamiento de le\u00f1a, que act\u00faa como estabilizador de temperatura<\/li>\n<li>En medio canasta de cenizas\/le\u00f1a, que se pueda quitar y limpiar (Medidas: 60 x 60 x 12 cm)<\/li>\n<li>El pozo de fuego se apoya al suelo con 3 patas<\/li>\n<li>Por su tama\u00f1o tambi\u00e9n es adecuado para espacios p\u00fablicos: jardines exteriores de restaurantes, campos de golf, zonas de fogatas en municipios\/pueblos rurales, etc<\/li>\n<\/ul>\n<p>&nbsp;<\/p>\n<p>El producto no debe instalarse sobre una superficie de madera, ya que el el pozo se calentar\u00e1 durante el fuego. Hay agujeros en el fondo de la hoguera de los que pueden caer peque\u00f1os trozos de carb\u00f3n. Los orificios en el fondo act\u00faan como desag\u00fces para evitar que se acumule agua estancada dentro de la hoguera.<\/p>\n<p><strong>\u00a1NB!<\/strong>\u00a0Los productos de acero Cor-Ten se entregan con una superficie sin tratar. El acero COR-TEN\u00ae completamente nuevo es de color gris como el acero laminado en caliente convencional. Puede encontrar las instrucciones de envejecimiento en nuestro sitio web o puede escanear directamente desde el producto.<\/p>\n<p>&nbsp;<\/p>\n<h5><a href=\"https:\/\/www.grillsymbol.com\/es\/instructions\/instrucciones-para-productos-cor-ten\/\" target=\"_blank\" rel=\"noopener\">Mira aqu\u00ed: Instrucciones para productos Cor-Ten<\/a><\/h5>\n","protected":false},"excerpt":{"rendered":"<p>Uno de los pozos de fuego m\u00e1s grandes de nuestra gama de productos.<\/p>\n<p>El pozo de fuego para el exterior abarca la mitolog\u00eda antigua y el mundo moderno de hoy. El s\u00edmbolo del \u201cTriskelion\u201c en el c\u00edrculo exterior arroja una luz acogedora sobre el jard\u00edn, simbolizando as\u00ed los tres puntos del movimiento del Sol, seg\u00fan la iconograf\u00eda celta: amanecer, cenit y atardecer. La froma giratoria del triskelion simboliza dinamismo, movimiento y entusiasmo. Es un s\u00edmbolo de vida.<\/p>\n<p>El pozo de fuego est\u00e1 hecho de acero Cor-Ten, que es acero al carbono casi puro, pero tratado para crear una capa protectora resistente a la intemperie en su superficie. La capa superficial es inicialmente gris\u00e1cea, luego se vuelve marr\u00f3n rojiza (un tono similar al \u00f3xido), y se oscurece a\u00fan m\u00e1s con el tiempo. Usado correctamente, el acero Cor-Ten es expresivo, duradero y libre de mantenimiento. Resiste el tiempo de una manera \u00f9nica.<\/p>\n<p><strong>Dise\u00f1o: Petteri Wiimaa<\/strong><\/p>\n","protected":false},"featured_media":23091,"comment_status":"open","ping_status":"closed","template":"","meta":{"footnotes":""},"class_list":["post-9816","product","type-product","status-publish","has-post-thumbnail","hentry","product_cat-pozos-de-fuego"],"_links":{"self":[{"href":"https:\/\/www.grillsymbol.com\/es\/wp-json\/wp\/v2\/product\/9816","targetHints":{"allow":["GET"]}}],"collection":[{"href":"https:\/\/www.grillsymbol.com\/es\/wp-json\/wp\/v2\/product"}],"about":[{"href":"https:\/\/www.grillsymbol.com\/es\/wp-json\/wp\/v2\/types\/product"}],"replies":[{"embeddable":true,"href":"https:\/\/www.grillsymbol.com\/es\/wp-json\/wp\/v2\/comments?post=9816"}],"version-history":[{"count":0,"href":"https:\/\/www.grillsymbol.com\/es\/wp-json\/wp\/v2\/product\/9816\/revisions"}],"wp:featuredmedia":[{"embeddable":true,"href":"https:\/\/www.grillsymbol.com\/es\/wp-json\/wp\/v2\/media\/23091"}],"wp:attachment":[{"href":"https:\/\/www.grillsymbol.com\/es\/wp-json\/wp\/v2\/media?parent=9816"}],"curies":[{"name":"wp","href":"https:\/\/api.w.org\/{rel}","templated":true}]}}