{"id":12039,"date":"2021-08-09T13:07:28","date_gmt":"2021-08-09T13:07:28","guid":{"rendered":"https:\/\/www.grillsymbol.com\/outlet\/"},"modified":"2024-03-26T11:36:14","modified_gmt":"2024-03-26T11:36:14","slug":"destockage","status":"publish","type":"page","link":"https:\/\/www.grillsymbol.com\/fr\/destockage\/","title":{"rendered":"D\u00e9stockage"},"content":{"rendered":"<p><strong>Ici vous pouvez trouver des produits avec des prix sp\u00e9ciaux.<\/strong> Un prototype d&rsquo;un produit qui n&rsquo;est pas \u00e0 100% conforme \u00e0 la norme de production, un autre produit qui pr\u00e9sente un petit d\u00e9faut (comme des rayures) ou un produit qui a \u00e9t\u00e9 utilis\u00e9 pour la photographie ou pour des expositions. La garantie est comme d&rsquo;habitude de 2 ans mais ne s&rsquo;appliquera pas aux d\u00e9fauts mentionn\u00e9s.<\/p>\n<p>&nbsp;<\/p>\n<p>Vous pouvez retrouver les produits Outlet <a href=\"https:\/\/www.grillsymbol.com\/fr\/categorie-produit\/outlet-fr\/\" target=\"_blank\" rel=\"noopener\"><span style=\"text-decoration: underline;\"><strong>ICI<\/strong><\/span>.<\/a><\/p>\n","protected":false},"excerpt":{"rendered":"<p>Ici vous pouvez trouver des produits avec des prix sp\u00e9ciaux. Un prototype d&rsquo;un produit qui n&rsquo;est pas \u00e0 100% conforme \u00e0 la norme de production, un autre produit qui pr\u00e9sente un petit d\u00e9faut (comme des rayures) ou un produit qui a \u00e9t\u00e9 utilis\u00e9 pour la photographie ou pour des expositions. La garantie est comme d&rsquo;habitude [&hellip;]<\/p>\n","protected":false},"author":1,"featured_media":0,"parent":0,"menu_order":0,"comment_status":"closed","ping_status":"closed","template":"","meta":{"footnotes":""},"class_list":["post-12039","page","type-page","status-publish","hentry"],"_links":{"self":[{"href":"https:\/\/www.grillsymbol.com\/fr\/wp-json\/wp\/v2\/pages\/12039","targetHints":{"allow":["GET"]}}],"collection":[{"href":"https:\/\/www.grillsymbol.com\/fr\/wp-json\/wp\/v2\/pages"}],"about":[{"href":"https:\/\/www.grillsymbol.com\/fr\/wp-json\/wp\/v2\/types\/page"}],"author":[{"embeddable":true,"href":"https:\/\/www.grillsymbol.com\/fr\/wp-json\/wp\/v2\/users\/1"}],"replies":[{"embeddable":true,"href":"https:\/\/www.grillsymbol.com\/fr\/wp-json\/wp\/v2\/comments?post=12039"}],"version-history":[{"count":0,"href":"https:\/\/www.grillsymbol.com\/fr\/wp-json\/wp\/v2\/pages\/12039\/revisions"}],"wp:attachment":[{"href":"https:\/\/www.grillsymbol.com\/fr\/wp-json\/wp\/v2\/media?parent=12039"}],"curies":[{"name":"wp","href":"https:\/\/api.w.org\/{rel}","templated":true}]}}