{"id":19540,"date":"2021-10-28T10:03:09","date_gmt":"2021-10-28T10:03:09","guid":{"rendered":"https:\/\/www.grillsymbol.com\/become-a-dealer\/"},"modified":"2023-07-18T07:29:45","modified_gmt":"2023-07-18T07:29:45","slug":"devenir-revendeur","status":"publish","type":"page","link":"https:\/\/www.grillsymbol.com\/fr\/devenir-revendeur\/","title":{"rendered":"Devenir Revendeur"},"content":{"rendered":"<p>[vc_row full_width=\u00a0\u00bbstretch_row\u00a0\u00bb el_class=\u00a0\u00bbdealer-section\u00a0\u00bb][vc_column][vc_column_text]<div class=\"bad-section\">\r\n\t\t\t<div class=\"bad-container\">\r\n\t\t\t\t<h2>Devenir Revendeur<\/h2>\r\n\t\t\t\t<div class=\"bad-row\">\r\n\t\t\t\t\t<div class=\"bad-box\">\r\n\t\t\t\t\t\t<div class=\"bad-box-3\">\r\n\t\t\t\t\t\t\t<div class=\"box-img dd\">\r\n\t\t\t\t\t\t\t\t<img decoding=\"async\" src=\"https:\/\/www.grillsymbol.com\/wp-content\/themes\/handystore-child\/img\/DiamondDealer.png\">\r\n\t\t\t\t\t\t\t\t<span>Diamond Dealer<\/span>\r\n\t\t\t\t\t\t\t<\/div>\r\n\t\t\t\t\t\t\t<h5>Authorized Diamond Dealer<\/h5>\r\n\t\t\t\t\t\t\t<ul>\r\n\t\t\t\t\t\t\t\t<li>Contrat de franchise. Droit de repr\u00e9sentation de tout notre assortiment et des projets sp\u00e9ciaux sur le march\u00e9 cible\n<\/li>\r\n                                <li>Vente au d\u00e9tail et en gros dans le showroom et dans la boutique en ligne officielle du march\u00e9 cible de GrillSymbol\n<\/li>\r\n                                <li>Livraison gratuite sur les achats en gros. Dropshipping rapide et partiellement gratuit\n<\/li>\r\n                                <li>L'assistance des campagnes commerciales\n<\/li>\r\n                                <li>Soutien aux foires et expositions\n<\/li>\r\n\t\t\t\t\t\t\t<\/ul>\r\n                            <br>\r\n                            <p>* Renseignez-vous sur les conditions suppl\u00e9mentaires\n<\/p>\r\n\t\t\t\t\t\t<\/div>\r\n\t\t\t\t\t\t<div class=\"bad-box-3\">\r\n\t\t\t\t\t\t\t<div class=\"box-img pd\">\r\n\t\t\t\t\t\t\t\t<img decoding=\"async\" src=\"https:\/\/www.grillsymbol.com\/wp-content\/themes\/handystore-child\/img\/GoldDealer.png\">\r\n\t\t\t\t\t\t\t\t<span>Platinum Dealer<\/span>\r\n\t\t\t\t\t\t\t<\/div>\r\n\t\t\t\t\t\t\t<h5>Authorized Platinum Dealer<\/h5>\r\n\t\t\t\t\t\t\t<ul>\r\n\t\t\t\t\t\t\t\t<li>Droits de repr\u00e9sentation de tout notre assortiment sur le march\u00e9 cible\n<\/li>\r\n                                <li>Vente en showroom\/magasin\/e-shop du revendeur\n<\/li>\r\n                                <li>Livraison gratuite sur les achats en gros. Dropshipping rapide et partiellement gratuit\n<\/li>\r\n                                <li>L'assistance des campagnes commerciales\n<\/li>\r\n                                <li>Soutien aux foires et expositions\n<\/li>\r\n\t\t\t\t\t\t\t<\/ul>\r\n\t\t\t\t\t\t<\/div>\r\n\t\t\t\t\t\t<div class=\"bad-box-3\">\r\n\t\t\t\t\t\t\t<div class=\"box-img gd\">\r\n\t\t\t\t\t\t\t\t<img decoding=\"async\" src=\"https:\/\/www.grillsymbol.com\/wp-content\/themes\/handystore-child\/img\/PlatinumDealer.png\">\r\n\t\t\t\t\t\t\t\t<span>Gold Dealer<\/span>\r\n\t\t\t\t\t\t\t<\/div>\r\n\t\t\t\t\t\t\t<h5>Authorized Gold e-Dealer<\/h5>\r\n\t\t\t\t\t\t\t<ul>\r\n\t\t\t\t\t\t\t\t<li>Droits de repr\u00e9sentation pour 150 \u00e0 200 produits de l'assortiment sur le march\u00e9 cible\n<\/li>\r\n                                <li>Ventes via la e-boutique du revendeur\n<\/li>\r\n                                <li>Livraison directe rapide et gratuite*\n<\/li>\r\n                                <li>L'assistance des campagnes commerciales\n<\/li>\r\n\t\t\t\t\t\t\t<\/ul>\r\n\t\t\t\t\t\t<\/div>\r\n\t\t\t\t\t\t<div class=\"bad-box-3\">\r\n\t\t\t\t\t\t\t<div class=\"box-img sd\">\r\n\t\t\t\t\t\t\t\t<img decoding=\"async\" src=\"https:\/\/www.grillsymbol.com\/wp-content\/themes\/handystore-child\/img\/SilverDealer.png\">\r\n\t\t\t\t\t\t\t\t<span>Silver Dealer<\/span>\r\n\t\t\t\t\t\t\t<\/div>\r\n\t\t\t\t\t\t\t<h5>Authorized Silver e-Dealer<\/h5>\r\n\t\t\t\t\t\t\t<ul>\r\n\t\t\t\t\t\t\t\t<li>Droits de repr\u00e9sentation pour 10 \u00e0 50 produits de l'assortiment sur le march\u00e9 cible\n<\/li>\r\n                                <li>Ventes via la e-boutique du revendeur\n<\/li>\r\n                                <li>Dropshipping rapide et partiellement gratuit\n<\/li>\r\n                                <li>L'assistance des campagnes commerciales\n<\/li>\r\n\t\t\t\t\t\t\t<\/ul>\r\n\t\t\t\t\t\t<\/div>\r\n\t\t\t\t\t<\/div>\r\n\t\t\t\t<\/div>\r\n\t\t\t<\/div>\r\n\t\t\t<div class=\"finddealer\"><a href=\"https:\/\/www.grillsymbol.com\/fr\/trouver-un-revendeur\/\">Trouver un revendeur<\/a><ul>\r\n\t\t\t<li><img decoding=\"async\" src=\"https:\/\/www.grillsymbol.com\/wp-content\/themes\/handystore-child\/img\/flag1.png\" \/><\/li>\r\n\t\t\t<li><img decoding=\"async\" src=\"https:\/\/www.grillsymbol.com\/wp-content\/themes\/handystore-child\/img\/flag3.png\" \/><\/li>\r\n\t\t\t<li><img decoding=\"async\" src=\"https:\/\/www.grillsymbol.com\/wp-content\/themes\/handystore-child\/img\/flag2.png\" \/><\/li>\r\n\t\t\t<li><img decoding=\"async\" src=\"https:\/\/www.grillsymbol.com\/wp-content\/themes\/handystore-child\/img\/flag4.png\" \/><\/li>\r\n\t\t\t<li><img decoding=\"async\" src=\"https:\/\/www.grillsymbol.com\/wp-content\/themes\/handystore-child\/img\/flag5.png\" \/><\/li>\r\n\t\t\t<li><img decoding=\"async\" src=\"https:\/\/www.grillsymbol.com\/wp-content\/themes\/handystore-child\/img\/flag7.jpg\" \/><\/li>\r\n\r\n\t\t\t<\/ul>\r\n\t\t\t<\/div>\r\n\t\t<\/div>[\/vc_column_text][\/vc_column][\/vc_row][vc_row full_width=\u00a0\u00bbstretch_row\u00a0\u00bb css=\u00a0\u00bb.vc_custom_1609222015261{background-color: #f3f3f3 !important;}\u00a0\u00bb el_class=\u00a0\u00bbcontact-row\u00a0\u00bb][vc_column][vc_column_text]<\/p>\n<div class=\"cell-wrapper layout-widget-wrapper\">\n<h3 style=\"text-align: center;\">Si vous avez des questions ou des suggestions, n&rsquo;h\u00e9sitez pas \u00e0 nous contacter<\/h3>\n<\/div>\n<p>[\/vc_column_text][vc_row_inner][vc_column_inner width=\u00a0\u00bb2\/3&Prime;][vc_column_text]\n<div class=\"wpcf7 no-js\" id=\"wpcf7-f12007-o1\" lang=\"en-US\" dir=\"ltr\">\n<div class=\"screen-reader-response\"><p role=\"status\" aria-live=\"polite\" aria-atomic=\"true\"><\/p> <ul><\/ul><\/div>\n<form action=\"\/fr\/wp-json\/wp\/v2\/pages\/19540#wpcf7-f12007-o1\" method=\"post\" class=\"wpcf7-form init\" aria-label=\"Contact form\" novalidate=\"novalidate\" data-status=\"init\">\n<div style=\"display: none;\">\n<input type=\"hidden\" name=\"_wpcf7\" value=\"12007\" \/>\n<input type=\"hidden\" name=\"_wpcf7_version\" value=\"5.9.6\" \/>\n<input type=\"hidden\" name=\"_wpcf7_locale\" value=\"en_US\" \/>\n<input type=\"hidden\" name=\"_wpcf7_unit_tag\" value=\"wpcf7-f12007-o1\" \/>\n<input type=\"hidden\" name=\"_wpcf7_container_post\" value=\"0\" \/>\n<input type=\"hidden\" name=\"_wpcf7_posted_data_hash\" value=\"\" \/>\n<\/div>\n<div class=\"csfield half-field\">\n\t<div>\n\t\t<p><span class=\"wpcf7-form-control-wrap\" data-name=\"your-name\"><input size=\"40\" maxlength=\"80\" class=\"wpcf7-form-control wpcf7-text wpcf7-validates-as-required\" aria-required=\"true\" aria-invalid=\"false\" placeholder=\"Nom*\" value=\"\" type=\"text\" name=\"your-name\" \/><\/span>\n\t\t<\/p>\n\t<\/div>\n<\/div>\n<div class=\"csfield half-field\">\n\t<div>\n\t\t<p><span class=\"wpcf7-form-control-wrap\" data-name=\"your-email\"><input size=\"40\" maxlength=\"80\" class=\"wpcf7-form-control wpcf7-email wpcf7-validates-as-required wpcf7-text wpcf7-validates-as-email\" aria-required=\"true\" aria-invalid=\"false\" placeholder=\"Adresse e-mail*\" value=\"\" type=\"email\" name=\"your-email\" \/><\/span>\n\t\t<\/p>\n\t<\/div>\n<\/div>\n<div class=\"csfield half-field\">\n\t<div>\n\t\t<p><span class=\"wpcf7-form-control-wrap\" data-name=\"tel-137\"><input size=\"40\" maxlength=\"80\" class=\"wpcf7-form-control wpcf7-tel wpcf7-text wpcf7-validates-as-tel\" aria-invalid=\"false\" placeholder=\"T\u00e9l\u00e9phone\" value=\"\" type=\"tel\" name=\"tel-137\" \/><\/span>\n\t\t<\/p>\n\t<\/div>\n<\/div>\n<div class=\"csfield half-field\">\n\t<div>\n\t\t<p><span class=\"wpcf7-form-control-wrap\" data-name=\"select-topic\"><select class=\"wpcf7-form-control wpcf7-select wpcf7-validates-as-required\" aria-required=\"true\" aria-invalid=\"false\" name=\"select-topic\"><option value=\"s\u00e9lectionnez une option\">s\u00e9lectionnez une option<\/option><option value=\"Question sur un produit\">Question sur un produit<\/option><option value=\"Facture pour une entreprise\">Facture pour une entreprise<\/option><option value=\"Garantie\/entretien\">Garantie\/entretien<\/option><option value=\"Je souhaite devenir distributeur\">Je souhaite devenir distributeur<\/option><option value=\"Je souhaite acheter une franchise\">Je souhaite acheter une franchise<\/option><option value=\"Autre\">Autre<\/option><\/select><\/span>\n\t\t<\/p>\n\t<\/div>\n<\/div>\n<div class=\"csfield full-field\">\n\t<div>\n\t\t<p><span class=\"wpcf7-form-control-wrap\" data-name=\"your-message\"><textarea cols=\"40\" rows=\"10\" maxlength=\"400\" class=\"wpcf7-form-control wpcf7-textarea\" aria-invalid=\"false\" placeholder=\"Message\" name=\"your-message\"><\/textarea><\/span>\n\t\t<\/p>\n\t<\/div>\n<\/div>\n<div class=\"csfield message-wrap\">\n\t<div>\n\t\t<p><input class=\"wpcf7-form-control wpcf7-submit has-spinner\" type=\"submit\" value=\"Envoyer le message\" \/>\n\t\t<\/p>\n\t<\/div>\n<\/div><input type=\"hidden\" id=\"ct_checkjs_cf7_d79aac075930c83c2f1e369a511148fe\" name=\"ct_checkjs_cf7\" value=\"0\" \/><label class=\"apbct_special_field\" id=\"apbct_label_id7884\" for=\"apbct__email_id__wp_contact_form_7_7884\">7884<\/label><input \n        id=\"apbct__email_id__wp_contact_form_7_7884\" \n        class=\"apbct_special_field apbct__email_id__wp_contact_form_7\"\n        autocomplete=\"off\" \n        name=\"apbct__email_id__wp_contact_form_7_7884\"  \n        type=\"text\" \n        value=\"7884\" \n        size=\"30\" \n        apbct_event_id=\"7884\"\n        maxlength=\"200\" \n    \/><input \n        id=\"apbct_event_id\"\n        class=\"apbct_special_field\"\n        name=\"apbct_event_id\"\n        type=\"hidden\" \n        value=\"7884\" \n            \/><input type='hidden' class='wpcf7-pum' value='{\"closepopup\":false,\"closedelay\":0,\"openpopup\":false,\"openpopup_id\":0}' \/><div class=\"wpcf7-response-output\" aria-hidden=\"true\"><\/div>\n<\/form>\n<\/div>\n[\/vc_column_text][\/vc_column_inner][vc_column_inner el_class=\u00a0\u00bbgray-box\u00a0\u00bb width=\u00a0\u00bb1\/3&Prime; css=\u00a0\u00bb.vc_custom_1609216513240{background-color: #4f4f4f !important;}\u00a0\u00bb][vc_column_text]<\/p>\n<div class=\"contact-boxdetail\">\n<p><img loading=\"lazy\" decoding=\"async\" class=\"alignnone size-full wp-image-518\" src=\"https:\/\/www.grillsymbol.com\/wp-content\/uploads\/2021\/02\/imgpsh_fullsize_anim-6.png\" alt=\"\" width=\"17\" height=\"22\" \/><\/p>\n<div class=\"details\">\n<h6>Adresse<\/h6>\n<p>Suur-S\u00f5jam\u00e4e 19A<br \/>\n11415 Tallinn, Estonia<\/p>\n<\/div>\n<\/div>\n<div class=\"contact-boxdetail\">\n<p><img loading=\"lazy\" decoding=\"async\" class=\"alignnone size-full wp-image-520\" src=\"https:\/\/www.grillsymbol.com\/wp-content\/uploads\/2021\/02\/imgpsh_fullsize_anim-4.png\" alt=\"\" width=\"17\" height=\"13\" \/><\/p>\n<div class=\"details\">\n<h6>Adresse e-mail<\/h6>\n<p><a href=\"mailto:info@grillsymbol.com\">info@grillsymbol.com<\/a><\/p>\n<\/div>\n<\/div>\n<div class=\"contact-boxdetail\">\n<p><img loading=\"lazy\" decoding=\"async\" class=\"alignnone size-full wp-image-519\" src=\"https:\/\/www.grillsymbol.com\/wp-content\/uploads\/2021\/02\/imgpsh_fullsize_anim-5.png\" alt=\"\" width=\"17\" height=\"17\" \/><\/p>\n<div class=\"details\">\n<h6>T\u00e9l\u00e9phone<\/h6>\n<p><a href=\"tel:+44 1622 37 0862\">+44 1622 37 0862<\/a><\/p>\n<\/div>\n<\/div>\n<p>[\/vc_column_text][\/vc_column_inner][\/vc_row_inner][\/vc_column][\/vc_row][vc_row][vc_column][vc_column_text]<h4 style=\"color: #151515;text-align: center;font-family:Roboto;font-weight:100;font-style:normal\" class=\"vc_custom_heading\">Service client et contacts<\/h4><div class=\"vc_row wpb_row vc_row-fluid\"><div class=\"wpb_column vc_column_container vc_col-sm-4\"><div class=\"vc_column-inner \"><div class=\"wpb_wrapper\"><div class=\"pt-member-contact wpb_content_element img-pos-left flag-en\"><div class=\"text-wrapper\"><div class=\"contact-img-wrapper\"><img loading=\"lazy\" decoding=\"async\" alt=\"\" src=\"https:\/\/www.grillsymbol.com\/wp-content\/themes\/handystore-child\/img\/DSC_1030.jpg\" width=\"312\" height=\"312\"><\/div><h3>Laur Suurv\u00e4li<\/h3><span>Responsable r\u00e9gional des ventes Europe\/PDG<\/span><p>Mob: +372 56 669 723<br>laur@grillsymbol.com<\/p><img decoding=\"async\" src=\"https:\/\/www.grillsymbol.com\/wp-content\/plugins\/sitepress-multilingual-cms\/res\/flags\/en.png\"> <img decoding=\"async\" src=\"https:\/\/www.grillsymbol.com\/wp-content\/plugins\/sitepress-multilingual-cms\/res\/flags\/et.png\"> <img decoding=\"async\" src=\"https:\/\/www.grillsymbol.com\/wp-content\/plugins\/sitepress-multilingual-cms\/res\/flags\/fi.png\"><\/div><\/div><\/div><\/div><\/div><div class=\"wpb_column vc_column_container vc_col-sm-4\"><div class=\"vc_column-inner \"><div class=\"wpb_wrapper\"><div class=\"pt-member-contact wpb_content_element img-pos-left flag-se\"><div class=\"text-wrapper\"><div class=\"contact-img-wrapper\"><img loading=\"lazy\" decoding=\"async\" alt=\"\" src=\"https:\/\/www.grillsymbol.com\/wp-content\/themes\/handystore-child\/img\/sandra.jpg\" width=\"280\" height=\"280\"><\/div><h3>Sandra Tarjus<\/h3><span>Responsable r\u00e9gional des ventes Europe centrale<\/span><p>Mob: +44 1622 37 0862<br>sandra@grillsymbol.com<\/p><img decoding=\"async\" src=\"https:\/\/www.grillsymbol.com\/wp-content\/plugins\/sitepress-multilingual-cms\/res\/flags\/fr.png\"> <img decoding=\"async\" src=\"https:\/\/www.grillsymbol.com\/wp-content\/plugins\/sitepress-multilingual-cms\/res\/flags\/en.png\"> <img decoding=\"async\" src=\"https:\/\/www.grillsymbol.com\/wp-content\/plugins\/sitepress-multilingual-cms\/res\/flags\/et.png\"><\/div><\/div><\/div><\/div><\/div><div class=\"wpb_column vc_column_container vc_col-sm-4\"><div class=\"vc_column-inner \"><div class=\"wpb_wrapper\"><div class=\"pt-member-contact wpb_content_element img-pos-left flag-se\"><div class=\"text-wrapper\"><div class=\"contact-img-wrapper\"><img loading=\"lazy\" decoding=\"async\" alt=\"\" src=\"https:\/\/www.grillsymbol.com\/wp-content\/themes\/handystore-child\/img\/annika.jpg\" width=\"286\" height=\"286\"><\/div><h3>Annika Aas<\/h3><span>on temporary leave<\/span><span>Responsable r\u00e9gional des ventes Scandinavie<\/span><p>Mob: +372 58 536 820<br>annika@grillsymbol.com<\/p><img decoding=\"async\" src=\"https:\/\/www.grillsymbol.com\/wp-content\/plugins\/sitepress-multilingual-cms\/res\/flags\/sv.png\"> <img decoding=\"async\" src=\"https:\/\/www.grillsymbol.com\/wp-content\/plugins\/sitepress-multilingual-cms\/res\/flags\/en.png\"> <img decoding=\"async\" src=\"https:\/\/www.grillsymbol.com\/wp-content\/plugins\/sitepress-multilingual-cms\/res\/flags\/da.png\"> <img decoding=\"async\" src=\"https:\/\/www.grillsymbol.com\/wp-content\/plugins\/sitepress-multilingual-cms\/res\/flags\/no.png\"><\/div><\/div><\/div><\/div><\/div><\/div>[\/vc_column_text][\/vc_column][\/vc_row]<\/p>\n","protected":false},"excerpt":{"rendered":"<p>[vc_row full_width=\u00a0\u00bbstretch_row\u00a0\u00bb el_class=\u00a0\u00bbdealer-section\u00a0\u00bb][vc_column][vc_column_text][\/vc_column_text][\/vc_column][\/vc_row][vc_row full_width=\u00a0\u00bbstretch_row\u00a0\u00bb css=\u00a0\u00bb.vc_custom_1609222015261{background-color: #f3f3f3 !important;}\u00a0\u00bb el_class=\u00a0\u00bbcontact-row\u00a0\u00bb][vc_column][vc_column_text] Si vous avez des questions ou des suggestions, n&rsquo;h\u00e9sitez pas \u00e0 nous contacter [\/vc_column_text][vc_row_inner][vc_column_inner width=\u00a0\u00bb2\/3&Prime;][vc_column_text][\/vc_column_text][\/vc_column_inner][vc_column_inner el_class=\u00a0\u00bbgray-box\u00a0\u00bb width=\u00a0\u00bb1\/3&Prime; css=\u00a0\u00bb.vc_custom_1609216513240{background-color: #4f4f4f !important;}\u00a0\u00bb][vc_column_text] Adresse Suur-S\u00f5jam\u00e4e 19A 11415 Tallinn, Estonia Adresse e-mail info@grillsymbol.com T\u00e9l\u00e9phone +44 1622 37 0862 [\/vc_column_text][\/vc_column_inner][\/vc_row_inner][\/vc_column][\/vc_row][vc_row][vc_column][vc_column_text][\/vc_column_text][\/vc_column][\/vc_row]<\/p>\n","protected":false},"author":1,"featured_media":0,"parent":0,"menu_order":0,"comment_status":"closed","ping_status":"closed","template":"","meta":{"footnotes":""},"class_list":["post-19540","page","type-page","status-publish","hentry"],"_links":{"self":[{"href":"https:\/\/www.grillsymbol.com\/fr\/wp-json\/wp\/v2\/pages\/19540","targetHints":{"allow":["GET"]}}],"collection":[{"href":"https:\/\/www.grillsymbol.com\/fr\/wp-json\/wp\/v2\/pages"}],"about":[{"href":"https:\/\/www.grillsymbol.com\/fr\/wp-json\/wp\/v2\/types\/page"}],"author":[{"embeddable":true,"href":"https:\/\/www.grillsymbol.com\/fr\/wp-json\/wp\/v2\/users\/1"}],"replies":[{"embeddable":true,"href":"https:\/\/www.grillsymbol.com\/fr\/wp-json\/wp\/v2\/comments?post=19540"}],"version-history":[{"count":0,"href":"https:\/\/www.grillsymbol.com\/fr\/wp-json\/wp\/v2\/pages\/19540\/revisions"}],"wp:attachment":[{"href":"https:\/\/www.grillsymbol.com\/fr\/wp-json\/wp\/v2\/media?parent=19540"}],"curies":[{"name":"wp","href":"https:\/\/api.w.org\/{rel}","templated":true}]}}