{"id":22560,"date":"2023-12-21T09:43:09","date_gmt":"2023-12-21T09:43:09","guid":{"rendered":"https:\/\/www.grillsymbol.com\/?page_id=22560"},"modified":"2023-12-21T09:43:33","modified_gmt":"2023-12-21T09:43:33","slug":"client-commercial","status":"publish","type":"page","link":"https:\/\/www.grillsymbol.com\/fr\/client-commercial\/","title":{"rendered":"Client Commercial"},"content":{"rendered":"<p>[vc_row][vc_column width=\u00a0\u00bb2\/3&Prime;][vc_column_text]<\/p>\n<h6>Bienvenue chez GrillSymbol en tant que client commercial\u00a0!<\/h6>\n<p>&nbsp;<\/p>\n<p>Si vous souhaitez commander en tant que client commercial et b\u00e9n\u00e9ficier d&rsquo;une TVA \u00e0 0 %, l&rsquo;entreprise doit disposer d&rsquo;un identifiant TVA agr\u00e9\u00e9 pour le commerce transfrontalier dans l&rsquo;UE. V\u00e9rifiez le num\u00e9ro de TVA de votre entreprise <span style=\"text-decoration: underline;\"><strong><a href=\"https:\/\/ec.europa.eu\/taxation_customs\/vies\/#\/vat-validation\" target=\"_blank\" rel=\"noopener\">ici<\/a><\/strong><\/span>.<\/p>\n<p>Pour commander en tant que client commercial, contactez-nous par e-mail order@grillsymbol.com. Donnez-nous les coordonn\u00e9es de l&rsquo;entreprise et l&rsquo;adresse de livraison, nous vous r\u00e9pondrons dans les plus brefs d\u00e9lais.<\/p>\n<p>Une r\u00e9duction suppl\u00e9mentaire s&rsquo;appliquera sur les commandes sup\u00e9rieures \u00e0 1500 \u20ac (hors TVA)<\/p>\n<p>Nous produisons \u00e9galement des bacs \u00e0 fleurs de diff\u00e9rentes tailles \u2013 envoyez-nous votre demande ![\/vc_column_text][\/vc_column][vc_column width=\u00a0\u00bb1\/3&Prime;][vc_single_image image=\u00a0\u00bb21763&Prime; img_size=\u00a0\u00bbfull\u00a0\u00bb][\/vc_column][\/vc_row]<\/p>\n","protected":false},"excerpt":{"rendered":"<p>[vc_row][vc_column width=\u00a0\u00bb2\/3&Prime;][vc_column_text] Bienvenue chez GrillSymbol en tant que client commercial\u00a0! &nbsp; Si vous souhaitez commander en tant que client commercial et b\u00e9n\u00e9ficier d&rsquo;une TVA \u00e0 0 %, l&rsquo;entreprise doit disposer d&rsquo;un identifiant TVA agr\u00e9\u00e9 pour le commerce transfrontalier dans l&rsquo;UE. V\u00e9rifiez le num\u00e9ro de TVA de votre entreprise ici. Pour commander en tant que client [&hellip;]<\/p>\n","protected":false},"author":1,"featured_media":21763,"parent":0,"menu_order":0,"comment_status":"closed","ping_status":"closed","template":"","meta":{"footnotes":""},"class_list":["post-22560","page","type-page","status-publish","has-post-thumbnail","hentry"],"_links":{"self":[{"href":"https:\/\/www.grillsymbol.com\/fr\/wp-json\/wp\/v2\/pages\/22560","targetHints":{"allow":["GET"]}}],"collection":[{"href":"https:\/\/www.grillsymbol.com\/fr\/wp-json\/wp\/v2\/pages"}],"about":[{"href":"https:\/\/www.grillsymbol.com\/fr\/wp-json\/wp\/v2\/types\/page"}],"author":[{"embeddable":true,"href":"https:\/\/www.grillsymbol.com\/fr\/wp-json\/wp\/v2\/users\/1"}],"replies":[{"embeddable":true,"href":"https:\/\/www.grillsymbol.com\/fr\/wp-json\/wp\/v2\/comments?post=22560"}],"version-history":[{"count":0,"href":"https:\/\/www.grillsymbol.com\/fr\/wp-json\/wp\/v2\/pages\/22560\/revisions"}],"wp:featuredmedia":[{"embeddable":true,"href":"https:\/\/www.grillsymbol.com\/fr\/wp-json\/wp\/v2\/media\/21763"}],"wp:attachment":[{"href":"https:\/\/www.grillsymbol.com\/fr\/wp-json\/wp\/v2\/media?parent=22560"}],"curies":[{"name":"wp","href":"https:\/\/api.w.org\/{rel}","templated":true}]}}