{"id":8414,"date":"2020-11-03T12:42:21","date_gmt":"2020-11-03T12:42:21","guid":{"rendered":"https:\/\/www.grillsymbol.com\/garden-and-cor-ten\/"},"modified":"2021-09-01T12:44:47","modified_gmt":"2021-09-01T12:44:47","slug":"jardin-et-cor-ten","status":"publish","type":"page","link":"https:\/\/www.grillsymbol.com\/fr\/jardin-et-cor-ten\/","title":{"rendered":"Jardin et Cor-Ten"},"content":{"rendered":"<p>[vc_row][vc_column width=\u00a0\u00bb1\/2&Prime;][vc_column_text]<strong>Qu&rsquo;est-ce que l&rsquo;acier r\u00e9sistant aux intemp\u00e9ries?<\/strong><\/p>\n<p>L&rsquo;acier r\u00e9sistant aux intemp\u00e9ries, g\u00e9n\u00e9ralement connu sous le nom d&rsquo;acier Cor-Ten, a \u00e9t\u00e9 initialement d\u00e9velopp\u00e9 afin d&rsquo;exclure la n\u00e9cessit\u00e9 de peindre l&rsquo;acier. En 1933, la States Steel Corporation United d\u00e9veloppa et breveta cet acier m\u00e9caniquement extraordinairement r\u00e9sistant destin\u00e9 principalement \u00e0 la construction des wagons-tr\u00e9mies ferroviaires. Gr\u00e2ce \u00e0 ses caract\u00e9ristiques extraordinaires, l&rsquo;acier Cor-Ten est tr\u00e8s largement utilis\u00e9 aujourd&rsquo;hui.<\/p>\n<p>&nbsp;<\/p>\n<p><strong>En quoi l&rsquo;acier Cor-Ten diff\u00e8re-t-il des marques d&rsquo;acier ordinaire au carbone ?<\/strong><\/p>\n<p>Une couche est cr\u00e9\u00e9e \u00e0 la surface de l&rsquo;acier Cor-Ten, qui forme une couche protectrice pour tol\u00e9rer l&rsquo;impact des intemp\u00e9ries. La couche protectrice est r\u00e9alis\u00e9e gr\u00e2ce au contenu sp\u00e9cial de l&rsquo;acier Cor-Ten &#8211; en plus d&rsquo;autres \u00e9l\u00e9ments, l&rsquo;acier Cor-Ten comprend \u00e9galement du cuivre, du nickel et du chrome en petites quantit\u00e9s. La couche prot\u00e9geant la surface se d\u00e9veloppe et se restaure continuellement en raison de l&rsquo;impact environnemental. En d&rsquo;autres termes : pour d\u00e9velopper la couche protectrice, l&rsquo;acier est laiss\u00e9 rouiller. L&rsquo;oxydation de la surface de l&rsquo;acier peut prendre jusqu&rsquo;\u00e0 six mois. Le processus de rouille peut \u00eatre consid\u00e9rablement acc\u00e9l\u00e9r\u00e9 en aspergeant de solution saline.<\/p>\n<p>&nbsp;<\/p>\n<p><strong>O\u00f9 peut-on voir des produits en acier Cor-Ten ?<\/strong><\/p>\n<p>Des objets en acier Cor-Ten sont visibles dans l&rsquo;espace public de nombreux pays du Nord et dans les villes d&rsquo;Europe Centrale. Par exemple : fa\u00e7ades de maisons, bancs de parcs, pots de fleurs, \u00e9l\u00e9ments de d\u00e9coration de terrasses ext\u00e9rieures, foyers ext\u00e9rieurs, fontaines, mobilier d&rsquo;ext\u00e9rieur, etc. Constructions et sculptures bien connues dans le monde en acier Corten:<\/p>\n<p>&nbsp;<\/p>\n<ul>\n<li><a href=\"https:\/\/en.wikipedia.org\/wiki\/Chicago_Picasso\" target=\"_blank\" rel=\"noopener\">Sculpture de Picasso<\/a> (Chicago, USA)<\/li>\n<li><a href=\"https:\/\/en.wikipedia.org\/wiki\/John_Deere_World_Headquarters\" target=\"_blank\" rel=\"noopener\">Si\u00e8ge social de John Deere World<\/a> (Illinois, \u00c9tats-Unis)<\/li>\n<li><a href=\"https:\/\/en.wikipedia.org\/wiki\/Australian_Centre_for_Contemporary_Art\" target=\"_blank\" rel=\"noopener\">Centre d&rsquo;art moderne australien<\/a> (Melbourne, Australie)<\/li>\n<li><a href=\"https:\/\/en.wikipedia.org\/wiki\/Courtyard_Theatre\" target=\"_blank\" rel=\"noopener\">Le Th\u00e9\u00e2tre de la Cour<\/a> (Stratford, Royaume-Uni)<\/li>\n<li><a href=\"https:\/\/en.wikipedia.org\/wiki\/Abetxuko_Bridge\" target=\"_blank\" rel=\"noopener\">Pont Abetxuko<\/a> (<a href=\"https:\/\/en.wikipedia.org\/wiki\/Abetxuko\">Abetxuko<\/a>, Espagne)<\/li>\n<li><a href=\"https:\/\/en.wikipedia.org\/wiki\/Barclays_Center\" target=\"_blank\" rel=\"noopener\">Barclays Centre Sports Arena<\/a> (New York, \u00c9tats-Unis)<\/li>\n<li><a href=\"https:\/\/da.wikipedia.org\/wiki\/Camp_Adventure\" target=\"_blank\" rel=\"noopener\">Camp Aventure For\u00eat Tour<\/a> (Haslev, Danemark)<\/li>\n<\/ul>\n<p>&nbsp;<\/p>\n<p>De plus, il existe d&rsquo;innombrables objets et produits plus petits en acier Cor-Ten, qui est le meilleur mat\u00e9riau \u00e0 cet effet. Gr\u00e2ce \u00e0 leur r\u00e9sistance aux intemp\u00e9ries et \u00e0 leur aspect attrayant (mais modeste en m\u00eame temps), les produits en acier Cor-Ten sont de plus en plus utilis\u00e9s pour d\u00e9corer les jardins familiaux.<\/p>\n<p>Chez GrillSymbol, nous voulons sensibiliser les gens \u00e0 ce mat\u00e9riau extraordinaire, qui dure des d\u00e9cennies dans des conditions ext\u00e9rieures sans aucun entretien. En d\u00e9veloppant et en concevant nos produits, nous nous concentrons sur l&rsquo;environnement afin que nos produits soient aussi intemporels que le mat\u00e9riau lui-m\u00eame.<\/p>\n<p>En conclusion : les \u00e9l\u00e9ments rouill\u00e9s dans les parcs urbains et les jardins familiaux ne doivent pas \u00eatre des morceaux de m\u00e9tal ab\u00eem\u00e9s par la corrosion mais des \u00e9l\u00e9ments de conception, destin\u00e9s \u00e0 durer longtemps et dans toutes les conditions m\u00e9t\u00e9orologiques.[\/vc_column_text][\/vc_column][vc_column width=\u00a0\u00bb1\/2&Prime;][vc_single_image image=\u00a0\u00bb8428&Prime;][vc_single_image image=\u00a0\u00bb8415&Prime;][vc_single_image image=\u00a0\u00bb8429&Prime;][\/vc_column][\/vc_row]<\/p>\n","protected":false},"excerpt":{"rendered":"<p>[vc_row][vc_column width=\u00a0\u00bb1\/2&Prime;][vc_column_text]Qu&rsquo;est-ce que l&rsquo;acier r\u00e9sistant aux intemp\u00e9ries? L&rsquo;acier r\u00e9sistant aux intemp\u00e9ries, g\u00e9n\u00e9ralement connu sous le nom d&rsquo;acier Cor-Ten, a \u00e9t\u00e9 initialement d\u00e9velopp\u00e9 afin d&rsquo;exclure la n\u00e9cessit\u00e9 de peindre l&rsquo;acier. En 1933, la States Steel Corporation United d\u00e9veloppa et breveta cet acier m\u00e9caniquement extraordinairement r\u00e9sistant destin\u00e9 principalement \u00e0 la construction des wagons-tr\u00e9mies ferroviaires. Gr\u00e2ce \u00e0 ses [&hellip;]<\/p>\n","protected":false},"author":1,"featured_media":0,"parent":0,"menu_order":0,"comment_status":"closed","ping_status":"closed","template":"","meta":{"footnotes":""},"class_list":["post-8414","page","type-page","status-publish","hentry"],"_links":{"self":[{"href":"https:\/\/www.grillsymbol.com\/fr\/wp-json\/wp\/v2\/pages\/8414","targetHints":{"allow":["GET"]}}],"collection":[{"href":"https:\/\/www.grillsymbol.com\/fr\/wp-json\/wp\/v2\/pages"}],"about":[{"href":"https:\/\/www.grillsymbol.com\/fr\/wp-json\/wp\/v2\/types\/page"}],"author":[{"embeddable":true,"href":"https:\/\/www.grillsymbol.com\/fr\/wp-json\/wp\/v2\/users\/1"}],"replies":[{"embeddable":true,"href":"https:\/\/www.grillsymbol.com\/fr\/wp-json\/wp\/v2\/comments?post=8414"}],"version-history":[{"count":0,"href":"https:\/\/www.grillsymbol.com\/fr\/wp-json\/wp\/v2\/pages\/8414\/revisions"}],"wp:attachment":[{"href":"https:\/\/www.grillsymbol.com\/fr\/wp-json\/wp\/v2\/media?parent=8414"}],"curies":[{"name":"wp","href":"https:\/\/api.w.org\/{rel}","templated":true}]}}