{"id":8438,"date":"2020-04-23T11:18:26","date_gmt":"2020-04-23T11:18:26","guid":{"rendered":"https:\/\/www.grillsymbol.com\/cor-ten-steel-products-seasoning-instructions\/"},"modified":"2024-02-26T11:25:03","modified_gmt":"2024-02-26T11:25:03","slug":"instructions-de-vieillissement-des-produits-en-acier-cor-ten","status":"publish","type":"page","link":"https:\/\/www.grillsymbol.com\/fr\/a-propos-des-differentes-poeles\/instructions-de-vieillissement-des-produits-en-acier-cor-ten\/","title":{"rendered":"Instructions de vieillissement des produits en acier Cor-Ten"},"content":{"rendered":"<p>Vous avez re\u00e7u un produit GrillSymbol ou Petteri Wiimaa et il ne ressemble pas \u00e0 la photo ? Ne vous inqui\u00e9tez pas, nous vous conseillons ici comment traiter l\u2019acier patinable pour qu\u2019il ressemble aux photos.<\/p>\n<p><strong>Qu\u2019est-ce que l\u2019acier patinable ?<\/strong><\/p>\n<p>Les aciers patinables sont Cor-Ten et S355JOWP. Tous deux sont des aciers de construction \u00e0 haute r\u00e9sistance offrant une r\u00e9sistance exceptionnelle aux intemp\u00e9ries. La composition chimique de l&rsquo;acier permet la cr\u00e9ation d&rsquo;une couche patin\u00e9e qui recouvre le produit sans alt\u00e9rer les caract\u00e9ristiques m\u00e9caniques de l&rsquo;acier. Cette couche de rouille naturelle prot\u00e8ge non seulement les produits en acier des intemp\u00e9ries, mais offre \u00e9galement une finition unique et accrocheuse. En raison de sa long\u00e9vit\u00e9, l\u2019acier patinable est plus respectueux de l\u2019environnement que l\u2019acier conventionnel. Les produits en acier r\u00e9sistants aux intemp\u00e9ries peuvent \u00eatre utilis\u00e9s \u00e0 l\u2019ext\u00e9rieur toute l\u2019ann\u00e9e.<\/p>\n<p><strong>Comment agir ?<\/strong><\/p>\n<p>Lorsqu&rsquo;ils sont neufs, les Cor-Ten et S355JOWP sont de couleur grise comme l&rsquo;acier au carbone ordinaire. En raison des intemp\u00e9ries, il devient initialement brun rouge\u00e2tre et devient encore plus fonc\u00e9 avec le temps. La patine brun rouge\u00e2tre est une couche protectrice naturelle semblable \u00e0 la rouille qui emp\u00eache toute corrosion suppl\u00e9mentaire et prolonge la dur\u00e9e de vie du produit. Lorsque l\u2019acier patinable est mouill\u00e9, il devient plus \u00e9pais, contrairement \u00e0 l\u2019acier au carbone ordinaire, qui est rendu plus fin par la rouille.<\/p>\n<p><strong>D\u00e9ballage du produit<\/strong> : pour \u00e9viter un exc\u00e8s d&rsquo;humidit\u00e9, les produits doivent \u00eatre d\u00e9ball\u00e9s imm\u00e9diatement apr\u00e8s leur r\u00e9ception, afin que l&rsquo;humidit\u00e9 accumul\u00e9e dans l&#8217;emballage puisse s\u00e9cher et \u00e9viter une rouille in\u00e9gale.<\/p>\n<p>&nbsp;<\/p>\n<p><u>Vieillissement de surface\u00a0: le processus normal ou une version rapide.<\/u><\/p>\n<p><strong>Processus normal<\/strong> : laissez votre produit en acier Cor-Ten \u00e0 l&rsquo;ext\u00e9rieur, la pluie et l&rsquo;humidit\u00e9 provoqueront une couche de patine ou de rouille. Les surfaces m\u00e9talliques ont \u00e9t\u00e9 nettoy\u00e9es avec un solvant \u2013 cela signifie que la surface est pr\u00eate \u00e0 la formation de rouille. Selon les conditions, la premi\u00e8re rouille appara\u00eet apr\u00e8s 1 \u00e0 3 semaines. Le processus naturel de rouille de l\u2019acier Cor-Ten prend environ 3 \u00e0 5 mois, selon les conditions m\u00e9t\u00e9orologiques et le climat du lieu. Le produit peut \u00eatre pulv\u00e9ris\u00e9 avec de l&rsquo;eau pour acc\u00e9l\u00e9rer le processus.<\/p>\n<p><strong>Le processus rapide<\/strong> <u>(NB ! \u00c0 vos propres risques)<\/u> consiste \u00e0 pulv\u00e9riser la solution saline sur des surfaces m\u00e9talliques. Cela doit \u00eatre r\u00e9p\u00e9t\u00e9 5 \u00e0 6 fois. La suspension doit \u00eatre dilu\u00e9e, environ 1 cuill\u00e8re \u00e0 caf\u00e9 de sel par litre d&rsquo;eau. Dissoudre le sel dans de l&rsquo;eau ti\u00e8de et vaporiser sur les surfaces m\u00e9talliques. Aucun autre traitement n&rsquo;est n\u00e9cessaire, la pluie emportera le sel avec le temps. Apr\u00e8s avoir \u00e9t\u00e9 pulv\u00e9ris\u00e9 avec de l&rsquo;eau sal\u00e9e, le produit ne doit pas rester dans des conditions s\u00e8ches comme \u00e0 l&rsquo;int\u00e9rieur ou sous le toit, mais doit \u00eatre rinc\u00e9 \u00e0 plusieurs reprises soit par pluie, soit par aspersion.<\/p>\n<p>&nbsp;<\/p>\n<p>Acier r\u00e9sistant aux intemp\u00e9ries et les taches : Lorsqu&rsquo;une couche de rouille se forme, le produit \u00e9met de la rouille d\u00e8s la premi\u00e8re ann\u00e9e. Si vous placez le produit sur une terrasse en bois, des taches peuvent appara\u00eetre sur la surface situ\u00e9e sous le produit. Certains types de pierres absorbent les taches et la rouille peut donner aux pierres une couleur brune qui peut \u00eatre difficile \u00e0 enlever. Apr\u00e8s la premi\u00e8re ann\u00e9e, l&rsquo;acier patinable a atteint sa couche de rouille et ne devrait plus tacher. Le fabricant n\u2019est pas responsable de l\u2019\u00e9limination de caract\u00e9ristiques (par exemple d\u2019\u00e9ventuelles taches de rouille) dues aux sp\u00e9cificit\u00e9s du mat\u00e9riau du produit. Pour minimiser les taches, les pots et les bacs de fleurs qui a le fond reposent sur des t\u00eates de boulons M6-M10 d&rsquo;une hauteur de 6 \u00e0 10 mm, selon le mod\u00e8le. Une telle solution cr\u00e9e un espace d&rsquo;air entre le produit et la surface (lisse), prolongeant la dur\u00e9e de vie du produit et prot\u00e9geant la surface.<\/p>\n<p>Si vous souhaitez utiliser les produits GrillSymbol ou Petteri Wiimaa \u00e0 l&rsquo;int\u00e9rieur ou ralentir le processus de rouille, il est recommand\u00e9 d&rsquo;utiliser l&rsquo;huile antirouille Owatrol 732SK. Owatrol assombrit l\u00e9g\u00e8rement les surfaces rouill\u00e9es et donne un peu de brillance.<\/p>\n<p>Pots de fleurs et jardini\u00e8res avec de la terre \u00e0 l&rsquo;int\u00e9rieur toute l&rsquo;ann\u00e9e : pour le drainage, nous recommandons de mettre une couche de gravier l\u00e9ger \u230010-20 mm d&rsquo;\u00e9paisseur au fond du pot sur environ 10 cm. Le fabricant ne recommande pas d&rsquo;installer des pots de fleurs directement sur le sol ou l&rsquo;herbe, car une humidit\u00e9 excessive et un contact direct avec la surface peuvent provoquer une couche de rouille in\u00e9gale.<\/p>\n<p>&nbsp;<\/p>\n","protected":false},"excerpt":{"rendered":"<p>Vous avez re\u00e7u un produit GrillSymbol ou Petteri Wiimaa et il ne ressemble pas \u00e0 la photo ? Ne vous inqui\u00e9tez pas, nous vous conseillons ici comment traiter l\u2019acier patinable pour qu\u2019il ressemble aux photos. Qu\u2019est-ce que l\u2019acier patinable ? Les aciers patinables sont Cor-Ten et S355JOWP. Tous deux sont des aciers de construction \u00e0 [&hellip;]<\/p>\n","protected":false},"author":1,"featured_media":0,"parent":8509,"menu_order":0,"comment_status":"closed","ping_status":"closed","template":"","meta":{"footnotes":""},"class_list":["post-8438","page","type-page","status-publish","hentry"],"_links":{"self":[{"href":"https:\/\/www.grillsymbol.com\/fr\/wp-json\/wp\/v2\/pages\/8438","targetHints":{"allow":["GET"]}}],"collection":[{"href":"https:\/\/www.grillsymbol.com\/fr\/wp-json\/wp\/v2\/pages"}],"about":[{"href":"https:\/\/www.grillsymbol.com\/fr\/wp-json\/wp\/v2\/types\/page"}],"author":[{"embeddable":true,"href":"https:\/\/www.grillsymbol.com\/fr\/wp-json\/wp\/v2\/users\/1"}],"replies":[{"embeddable":true,"href":"https:\/\/www.grillsymbol.com\/fr\/wp-json\/wp\/v2\/comments?post=8438"}],"version-history":[{"count":0,"href":"https:\/\/www.grillsymbol.com\/fr\/wp-json\/wp\/v2\/pages\/8438\/revisions"}],"up":[{"embeddable":true,"href":"https:\/\/www.grillsymbol.com\/fr\/wp-json\/wp\/v2\/pages\/8509"}],"wp:attachment":[{"href":"https:\/\/www.grillsymbol.com\/fr\/wp-json\/wp\/v2\/media?parent=8438"}],"curies":[{"name":"wp","href":"https:\/\/api.w.org\/{rel}","templated":true}]}}