{"id":8466,"date":"2017-05-04T07:03:07","date_gmt":"2017-05-04T07:03:07","guid":{"rendered":"https:\/\/www.grillsymbol.com\/instruction-manual-for-pans\/"},"modified":"2023-06-26T13:06:41","modified_gmt":"2023-06-26T13:06:41","slug":"mode-demploi-des-poeles","status":"publish","type":"page","link":"https:\/\/www.grillsymbol.com\/fr\/a-propos-des-differentes-poeles\/mode-demploi-des-poeles\/","title":{"rendered":"Mode d&#8217;emploi des po\u00eales (\u00e0 paella \/ \u00e0 wok)"},"content":{"rendered":"<p>[vc_row][vc_column][vc_column_text]<strong>Mode d&#8217;emploi \/ Conditions de garantie pour les po\u00eales:<\/strong><br \/>\n(mod\u00e8les PRO-960, PRO-960-3, PRO-960i, PRO-915, PRO-720, PRO-720i, PRO-675, PRO-580, PRO-580i, PRO-545, PRO-460, PRO-460i, PRO-450, PRO-545-CAT, PRO-545i-CAT, PRO-450-CAT, PRO-450i-CAT, Basic-580, Basic-720, Basic-960)<\/p>\n<p><strong><u>Important!\u00a0<\/u><\/strong><br \/>\nAvant d&rsquo;utiliser l&rsquo;appareil, veuillez lire le mode d&#8217;emploi. L&rsquo;appareil est destin\u00e9 \u00e0 une utilisation en ext\u00e9rieur uniquement. Il fonctionne sur le gaz pour le gril (propane \/ butane).<\/p>\n<p><strong>Consignes de s\u00e9curit\u00e9:<\/strong><br \/>\n\u2022\u00a0\u00a0\u00a0 L&rsquo;appareil ne doit pas \u00eatre laiss\u00e9 sans surveillance pendant son fonctionnement.<br \/>\n\u2022\u00a0\u00a0\u00a0 L&rsquo;utilisation de l&rsquo;appareil est interdite aux enfants.<br \/>\n\u2022\u00a0\u00a0\u00a0 L&rsquo;appareil est destin\u00e9 \u00e0 une utilisation en ext\u00e9rieur uniquement.<br \/>\n\u2022\u00a0\u00a0\u00a0 L&rsquo;appareil est uniquement destin\u00e9 \u00e0 l&rsquo;usage pr\u00e9vu.<br \/>\n\u2022\u00a0\u00a0\u00a0 La po\u00eale deviendra chaude pendant le fonctionnement et pourrait br\u00fbler. Nous vous recommandons d&rsquo;utiliser des gants r\u00e9sistants \u00e0 la chaleur.<br \/>\n\u2022\u00a0\u00a0\u00a0 Ne d\u00e9placez pas l&rsquo;appareil ou la bouteille de gaz pendant le fonctionnement.<br \/>\n\u2022\u00a0\u00a0\u00a0 N&rsquo;essayez pas de d\u00e9tacher aucune partie de l&rsquo;appareil pendant son fonctionnement.<br \/>\n\u2022\u00a0\u00a0\u00a0 Ne stockez pas de mat\u00e9riaux inflammables \u00e0 proximit\u00e9 de l&rsquo;appareil pendant son fonctionnement.<br \/>\n\u2022\u00a0\u00a0\u00a0 Le br\u00fbleur \u00e0 gaz ne peut \u00eatre r\u00e9par\u00e9 qu&rsquo;aux endroits sp\u00e9cifi\u00e9s pour celui-ci.<br \/>\n\u2022\u00a0\u00a0\u00a0 Fermez toujours le robinet\/la vanne de la bouteille de gaz et les robinets de gaz du br\u00fbleur apr\u00e8s le fonctionnement.<br \/>\n\u2022\u00a0\u00a0\u00a0 Si vous sentez une odeur de gaz, veuillez fermer imm\u00e9diatement les robinets de gaz.<br \/>\n\u2022\u00a0\u00a0\u00a0 N&rsquo;utilisez jamais un appareil qui n&rsquo;est pas techniquement fiable.<br \/>\n\u2022\u00a0\u00a0\u00a0 N&rsquo;exposez pas la bouteille de gaz \u00e0 la lumi\u00e8re directe du soleil.<br \/>\n\u2022\u00a0\u00a0\u00a0 Le tuyau de gaz doit \u00eatre remplac\u00e9 tous les deux ans.<br \/>\n\u2022\u00a0\u00a0\u00a0 Lors de l&rsquo;assemblage de l&rsquo;unit\u00e9, serrez toujours les boulons retenant les pieds de l&rsquo;unit\u00e9.<\/p>\n<p><strong>Sp\u00e9cifications et pi\u00e8ces de l&rsquo;appareil :<\/strong><\/p>\n<ol>\n<li>Br\u00fbleur \u00e0 gaz, 1-3 cercles, puissance de 6,5 \u00e0 21 KW<\/li>\n<li>Pieds \u2013 3 pi\u00e8ces<\/li>\n<li>Po\u00eale en acier ou en acier inoxydable de 3 \u00e0 5 mm<\/li>\n<li>Protection contre le vent \/ construction portante d&rsquo;appareils<\/li>\n<li>Dispositifs de fixation<\/li>\n<li>Couvercle (uniquement pour les mod\u00e8les Cataplana)<\/li>\n<\/ol>\n<p>&nbsp;<\/p>\n<p>R\u00e9ducteurs de gaz : assurez-vous que la bouteille de gaz et le r\u00e9ducteur de gaz sont compatibles.<\/p>\n<p>&nbsp;<\/p>\n<p><strong>Allumage et utilisation :<\/strong><\/p>\n<ol>\n<li>V\u00e9rifiez que la bouteille de gaz est pleine.<\/li>\n<li>V\u00e9rifiez que le r\u00e9ducteur de gaz est correctement fix\u00e9 \u00e0 la bouteille de gaz.<\/li>\n<li>Utiliser un r\u00e9ducteur de gaz de 30 mbar avec un d\u00e9bit de gaz de max 1 kg\/h.<\/li>\n<li>V\u00e9rifiez que tous les joints sont solidement fix\u00e9s.<\/li>\n<li>Assurez-vous que les boutons de r\u00e9glage sont en position \u00ab OFF \u00bb et ouvrez le robinet de la bouteille de gaz (si le contr\u00f4leur a un interrupteur ON-OFF).<\/li>\n<li>Ouvrez le(s) robinet(s) du br\u00fbleur \u00e0 gaz. (voir les marques des robinets)<\/li>\n<li>Appuyez sur le bouton d&rsquo;allumage (sauf pour les mod\u00e8les de la s\u00e9rie Basic et de PRO-460).<\/li>\n<li>Si le ou les br\u00fbleurs ne s&rsquo;allument pas, fermez le robinet de gaz, laissez le gaz r\u00e9pandu se dissiper, r\u00e9essayez dans quelques minutes.<\/li>\n<\/ol>\n<p>&nbsp;<\/p>\n<p><strong>Temp\u00e9ratures sur la po\u00eale :<\/strong><\/p>\n<ol>\n<li><strong>Robinets de gaz compl\u00e8tement ouverts<\/strong> \u2013 Lorsque la po\u00eale est chaude et que les boutons sont compl\u00e8tement ouverts, la temp\u00e9rature de surface de la po\u00eale peut atteindre plus de 300\u00b0C au centre de la casserole et plus de 200\u00b0C sur les bords. Cette position n&rsquo;est utilis\u00e9e que pour le chauffage instantan\u00e9. N&rsquo;utilisez pas cette position pendant la cuisson normale !<\/li>\n<li><strong>Robinets de gaz \u00e0 moiti\u00e9 ouverts<\/strong> \u2013 Cette position est utilis\u00e9e pour les charges moyennes et lourdes.<\/li>\n<li><strong>Robinets de gaz l\u00e9g\u00e8rement ouverts<\/strong> \u2013 utilis\u00e9 \u00e0 faible charge.<\/li>\n<\/ol>\n<p>Les temp\u00e9ratures peuvent varier consid\u00e9rablement en fonction du vent, de la temp\u00e9rature de l&rsquo;air et de la quantit\u00e9 de nourriture sur la po\u00eale.<\/p>\n<p>Les robinets de gaz vous permettent de r\u00e9guler la temp\u00e9rature selon vos besoins.<\/p>\n<p>&nbsp;<\/p>\n<p><strong><span style=\"text-decoration: underline;\">Premi\u00e8re mise en service<\/span> : <\/strong><\/p>\n<p><strong>NB ! Uniquement pour les po\u00eales en acier, pas pour les po\u00eales en acier inoxydable (inox) !<\/strong><\/p>\n<p>Avant la mise en service, la po\u00eale doit \u00eatre ex\u00e9cut\u00e9e en br\u00fblant les huiles industrielles sur la surface de la po\u00eale et en formant une couche protectrice pour emp\u00eacher les aliments de br\u00fbler.<\/p>\n<p><strong>Proc\u00e9dez comme suit :<\/strong> allumez le br\u00fbleur \u00e0 puissance moyenne, puis versez une fine couche d&rsquo;huile de cuisson dans la po\u00eale. Faites chauffer 10-15 minutes, ajoutez de l&rsquo;huile si n\u00e9cessaire, puis laissez refroidir la po\u00eale. Nettoyez la surface de la po\u00eale refroidi des r\u00e9sidus d&rsquo;huile (enlevez \u00e9galement toutes les surfaces l\u00e2ches). R\u00e9p\u00e9tez cette proc\u00e9dure jusqu&rsquo;\u00e0 ce que la majeure partie de la surface de la po\u00eale soit devenue sombre et que la surface m\u00e9tallique soit devenue lisse. Lors du chauffage, assurez-vous que la temp\u00e9rature n&rsquo;est pas trop \u00e9lev\u00e9e, car cela pourrait provoquer l&rsquo;effet inverse, entra\u00eenant la combustion de la couche protectrice. Lorsqu&rsquo;elles sont br\u00fbl\u00e9es avec des corps gras, les r\u00e9sidus d&rsquo;huile br\u00fblent \u00e0 la surface de la po\u00eale mais une couche protectrice se forme sur les bords apr\u00e8s la premi\u00e8re cuisson. <span style=\"text-decoration: underline;\"><strong>NB ! <\/strong>Cette op\u00e9ration de d\u00e9verminage est tr\u00e8s importante, sans laquelle les aliments peuvent laisser un go\u00fbt d\u00e9sagr\u00e9able et les aliments peuvent br\u00fbler et se collent \u00e0 la surface.<\/span><\/p>\n<p><strong><u>Maintenance:<\/u><\/strong><\/p>\n<p><strong>Nettoyage de la po\u00eale en acier<\/strong> &#8211; il n&rsquo;est pas conseill\u00e9 de nettoyer la po\u00eale en acier avec de l&rsquo;eau; il absorbera la couche protectrice br\u00fbl\u00e9e sur la po\u00eale et peut causer de la rouille. Si tel est le cas, la proc\u00e9dure de mise en service initiale d\u00e9crite ci-dessus doit \u00eatre r\u00e9p\u00e9t\u00e9e. La surface de la po\u00eale est nettoy\u00e9e avec du gros sel \u2013 apr\u00e8s utilisation et \u00e9limination des r\u00e9sidus alimentaires, secouez le gros sel dans une po\u00eale chaude (avec un br\u00fbleur en marche), la vieille graisse est absorb\u00e9e dans les cristaux de sel. Apr\u00e8s le salage, appliquez une fine couche d&rsquo;huile ou de graisse sur le po\u00eale &#8211; le sel provoque la rouille au contact de l&rsquo;eau et pendant le stockage dans des conditions humides. La po\u00eale ne doit pas \u00eatre nettoy\u00e9e avec des d\u00e9tergents &#8211; cela laissera un go\u00fbt d\u00e9sagr\u00e9able aux aliments. Si une couche \u00e9paisse et in\u00e9gale de salet\u00e9 s&rsquo;est accumul\u00e9e sur la po\u00eale, elle peut \u00eatre enlev\u00e9e avec une spatule en m\u00e9tal ou en bois.<\/p>\n<p><strong>Nettoyage de la po\u00eale en acier inoxydable (inox)<\/strong> \u2013 la po\u00eale en acier inoxydable peut \u00eatre lav\u00e9e \u00e0 l&rsquo;eau \u00e0 l&rsquo;aide d&rsquo;une brosse, d&rsquo;un torchon ou d&rsquo;une \u00e9ponge. Un d\u00e9tergent \u00e0 vaisselle peut \u00eatre utilis\u00e9 pour le lavage, puis rincez abondamment. Si la po\u00eale en inox a une couche br\u00fbl\u00e9e qui ne s&rsquo;enl\u00e8ve pas facilement, elle peut \u00eatre enlev\u00e9e avec une \u00e9ponge en m\u00e9tal doux. Versez de l&rsquo;eau dans la po\u00eale et frottez les restes de nourriture br\u00fbl\u00e9s de la surface de la po\u00eale avec une spatule. Pendant ce temps, rincez la po\u00eale. Il faut tenir compte du fait que l&rsquo;\u00e9ponge m\u00e9tallique abrasive laisse de l\u00e9g\u00e8res marques de pon\u00e7age sur la surface polie de la po\u00eale, qui ne sont pas importantes du point de vue de la cuisson. Une \u00e9ponge m\u00e9tallique plus dure laissera des marques plus fortes, mais elles n&rsquo;endommageront pas la po\u00eale.<\/p>\n<p><strong>Nettoyage du pare-brise<\/strong> \u2013 Pendant le fonctionnement, des r\u00e9sidus de nourriture, de graisse, etc. s&rsquo;accumulent sur le panneau lat\u00e9ral ext\u00e9rieur. Pour nettoyer, utilisez des agents d\u00e9sint\u00e9grateurs de graisse ordinaires, nettoyez ensuite la surface avec un chiffon humide.<\/p>\n<p><strong>Nettoyage du br\u00fbleur<\/strong> \u2013 La salet\u00e9 l\u00e9g\u00e8re peut \u00eatre enlev\u00e9e du br\u00fbleur avec un chiffon sec ou l\u00e9g\u00e8rement humide. Une fois que les petits trous du br\u00fbleur sont bouch\u00e9s, ils peuvent \u00eatre nettoy\u00e9s avec un fil m\u00e9tallique fin.<\/p>\n<p>&nbsp;<\/p>\n<p><strong>Que faire si une po\u00eale en acier a \u00e9t\u00e9 laiss\u00e9e \u00e0 l&rsquo;ext\u00e9rieur pendant l&rsquo;hiver et qu&rsquo;elle rouille ?<\/strong><\/p>\n<p>Pour nettoyer la po\u00eale de la rouille, proc\u00e9dez comme suit :<\/p>\n<ol>\n<li>Si la po\u00eale a une \u00e9paisse couche de rouille, retirez-la avec une brosse en acier pour gril (vous pouvez \u00e9galement utiliser une brosse en acier plus solide).<\/li>\n<li>Allumez le br\u00fbleur \u00e0 gaz et faites chauffer la po\u00eale.<\/li>\n<li>Enlevez la rouille avec une spatule ou une brosse en acier &#8211; la salet\u00e9 et la rouille peuvent \u00eatre enlev\u00e9es plus facilement lorsqu&rsquo;elles sont chaudes.<\/li>\n<li>Laissez la po\u00eale refroidir et rincez la salet\u00e9. Si n\u00e9cessaire, r\u00e9p\u00e9tez la proc\u00e9dure.<\/li>\n<li>Une fois la rouille retir\u00e9e de la surface de la po\u00eale, graissez ou vaporisez la po\u00eale avec de l&rsquo;huile de cuisson.<\/li>\n<li>L&rsquo;huile br\u00fble dans la po\u00eale et forme une nouvelle couche protectrice.<\/li>\n<\/ol>\n<p>&nbsp;<\/p>\n<p>Il est pr\u00e9f\u00e9rable d&rsquo;effectuer les actions ci-dessus imm\u00e9diatement avant de griller, vous n&rsquo;avez pas besoin de chauffer le gril s\u00e9par\u00e9ment. Le processus prend environ 15-20 minutes. Si vous avez une po\u00eale en acier et que vous la stockez \u00e0 l&rsquo;ext\u00e9rieur, les risques de rouille sont plus \u00e9lev\u00e9s. Pour \u00e9viter cela, nous vous recommandons de stocker la po\u00eale en acier dans un endroit sec, surtout pendant l&rsquo;hiver.<\/p>\n<p>&nbsp;<\/p>\n<p><strong>Instructions pour traiter les erreurs potentielles :<\/strong><\/p>\n<p>&nbsp;<\/p>\n<table class=\"sisu\" border=\"0\" cellspacing=\"0\" cellpadding=\"0\">\n<tbody>\n<tr>\n<td><strong> Nom de l&rsquo;erreur :<\/strong><\/td>\n<td><strong> Cause:\u00a0<\/strong><\/td>\n<td><strong> Comment agir: <\/strong><\/td>\n<\/tr>\n<tr>\n<td>L&rsquo;allume-gaz ne s&rsquo;allume pas &#8211; pas d&rsquo;\u00e9tincelle.<\/td>\n<td>La pile de l&rsquo;allume-gaz est d\u00e9charg\u00e9e.<\/td>\n<td>Remplacez la pile de l&rsquo;allume-gaz.<\/td>\n<\/tr>\n<tr>\n<td>L&rsquo;allume-gaz ne s&rsquo;allume pas &#8211; il y a une \u00e9tincelle.<\/td>\n<td>Les robinets de gaz ne sont pas ouverts.<\/td>\n<td>V\u00e9rifiez les robinets de gaz.<\/td>\n<\/tr>\n<tr>\n<td>La flamme du gaz ne s&rsquo;allume pas ou s&rsquo;\u00e9teint constamment.<\/td>\n<td>Utilisation incorrecte, vent excessif ou bouteille de gaz vide.<\/td>\n<td>V\u00e9rifiez \u00ab Allumage et utilisation \u00bb dans le mode d&#8217;emploi. En cas de vent excessif, cherchez un endroit ombrag\u00e9 ou utilisez une tente pour rediriger le vent, etc. V\u00e9rifiez s&rsquo;il y a suffisamment de gaz dans la bouteille de gaz.<\/td>\n<\/tr>\n<tr>\n<td>La flamme du gaz est jaune.<\/td>\n<td>La bouteille de gaz<br \/>\ncommence \u00e0 se vider ou de la salet\u00e9 a p\u00e9n\u00e9tr\u00e9 dans la vanne d&rsquo;air du br\u00fbleur.<\/td>\n<td>V\u00e9rifiez s&rsquo;il y a suffisamment de gaz dans la bouteille de gaz. V\u00e9rifiez les vannes de gaz du br\u00fbleur (situ\u00e9es directement sous le couvercle du bouton), si n\u00e9cessaire, enlevez la salet\u00e9.<\/td>\n<\/tr>\n<tr>\n<td>La po\u00eale se balance sur ses pieds.<\/td>\n<td>Les boulons de fixation du pied sont desserr\u00e9s.<\/td>\n<td>Serrez les boulons.<\/td>\n<\/tr>\n<tr>\n<td><\/td>\n<td><\/td>\n<td><\/td>\n<\/tr>\n<tr>\n<td>Le r\u00e9ducteur de gaz est incompatible avec la bouteille de gaz.<\/td>\n<td>Installation incorrecte ou mauvais r\u00e9ducteur. Mauvais br\u00fbleur \u00e0 gaz.<\/td>\n<td>V\u00e9rifiez si le r\u00e9ducteur est adapt\u00e9 \u00e0 l&rsquo;appareil.\u00a0Lisez le mode d&#8217;emploi du r\u00e9ducteur.<\/td>\n<\/tr>\n<\/tbody>\n<\/table>\n<p>&nbsp;<\/p>\n<p><u><strong>Garantie: <\/strong><\/u><\/p>\n<ol>\n<li>L&rsquo;appareil et ses pi\u00e8ces ont une garantie de 24 mois sur les mat\u00e9riaux et la fabrication. La garantie est valable sur pr\u00e9sentation de la preuve d&rsquo;achat originale.<\/li>\n<li>La garantie ne couvre pas l&rsquo;instruction, l&rsquo;entretien, le nettoyage, la restauration de l&rsquo;aspect commercial du produit, ou l&rsquo;\u00e9limination des d\u00e9fauts caus\u00e9s par le non respect des instructions d&rsquo;utilisation.<\/li>\n<li>La garantie ne couvre pas l&rsquo;usure normale de l&rsquo;appareil, la rouille des pi\u00e8ces et la r\u00e9paration de tout dommage cons\u00e9cutif. De plus, les erreurs (\u00e9raflure, etc.) sans rapport avec l&rsquo;utilisation pr\u00e9vue du produit ne sont pas couvertes par cette garantie.<\/li>\n<li>Si un d\u00e9faut survient dans le produit ou les pi\u00e8ces pendant la p\u00e9riode de garantie, contactez le vendeur du produit.<\/li>\n<\/ol>\n<p>[\/vc_column_text][\/vc_column][\/vc_row]<\/p>\n","protected":false},"excerpt":{"rendered":"<p>[vc_row][vc_column][vc_column_text]Mode d&#8217;emploi \/ Conditions de garantie pour les po\u00eales: (mod\u00e8les PRO-960, PRO-960-3, PRO-960i, PRO-915, PRO-720, PRO-720i, PRO-675, PRO-580, PRO-580i, PRO-545, PRO-460, PRO-460i, PRO-450, PRO-545-CAT, PRO-545i-CAT, PRO-450-CAT, PRO-450i-CAT, Basic-580, Basic-720, Basic-960) Important!\u00a0 Avant d&rsquo;utiliser l&rsquo;appareil, veuillez lire le mode d&#8217;emploi. L&rsquo;appareil est destin\u00e9 \u00e0 une utilisation en ext\u00e9rieur uniquement. Il fonctionne sur le gaz pour le [&hellip;]<\/p>\n","protected":false},"author":1,"featured_media":0,"parent":8509,"menu_order":0,"comment_status":"closed","ping_status":"closed","template":"","meta":{"footnotes":""},"class_list":["post-8466","page","type-page","status-publish","hentry"],"_links":{"self":[{"href":"https:\/\/www.grillsymbol.com\/fr\/wp-json\/wp\/v2\/pages\/8466","targetHints":{"allow":["GET"]}}],"collection":[{"href":"https:\/\/www.grillsymbol.com\/fr\/wp-json\/wp\/v2\/pages"}],"about":[{"href":"https:\/\/www.grillsymbol.com\/fr\/wp-json\/wp\/v2\/types\/page"}],"author":[{"embeddable":true,"href":"https:\/\/www.grillsymbol.com\/fr\/wp-json\/wp\/v2\/users\/1"}],"replies":[{"embeddable":true,"href":"https:\/\/www.grillsymbol.com\/fr\/wp-json\/wp\/v2\/comments?post=8466"}],"version-history":[{"count":0,"href":"https:\/\/www.grillsymbol.com\/fr\/wp-json\/wp\/v2\/pages\/8466\/revisions"}],"up":[{"embeddable":true,"href":"https:\/\/www.grillsymbol.com\/fr\/wp-json\/wp\/v2\/pages\/8509"}],"wp:attachment":[{"href":"https:\/\/www.grillsymbol.com\/fr\/wp-json\/wp\/v2\/media?parent=8466"}],"curies":[{"name":"wp","href":"https:\/\/api.w.org\/{rel}","templated":true}]}}