{"id":8494,"date":"2017-05-04T06:06:29","date_gmt":"2017-05-04T06:06:29","guid":{"rendered":"https:\/\/www.grillsymbol.com\/click-and-cook\/"},"modified":"2021-09-01T07:25:34","modified_gmt":"2021-09-01T07:25:34","slug":"lallumage-click-and-cook","status":"publish","type":"page","link":"https:\/\/www.grillsymbol.com\/fr\/a-propos-des-differentes-poeles\/lallumage-click-and-cook\/","title":{"rendered":"L\u2019allumage \u2013 Click and Cook"},"content":{"rendered":"<p><strong>Une solution innovante et unique pour les po\u00eales GrillSymbol de la s\u00e9rie PRO<\/strong> (\u00e9quipement standard de tous les produits de la s\u00e9rie PRO, \u00e0 l&rsquo;exception des mod\u00e8les 460).<\/p>\n<p>Pas besoin d&rsquo;allumettes ni de briquet pour allumer le gaz. Vous n&rsquo;avez pas non plus \u00e0 craindre de vous br\u00fbler les doigts lors de l&rsquo;allumage du gaz, ce qui peut arriver lors de l&rsquo;allumage avec des allumettes, en particulier dans le cas de br\u00fbleurs \u00e0 forte puissance de 10-25 kw. Les chefs professionnels peuvent \u00eatre exp\u00e9riment\u00e9s dans l&rsquo;\u00e9clairage avec des allumettes, mais nous pouvons dire d&rsquo;apr\u00e8s notre exp\u00e9rience que m\u00eame eux pr\u00e9f\u00e8rent la commodit\u00e9 que \u00ab\u00a0Click and Cook\u00a0\u00bb a \u00e0 offrir.<\/p>\n<p>Le syst\u00e8me unique \u00ab Click and Cook \u00bb de GrillSymbol rend la vie de l&rsquo;utilisateur de la po\u00eale plus facile et plus pratique.<\/p>\n<p>L&rsquo;appareil fonctionne avec des piles de type AA. Le remplacement des piles (g\u00e9n\u00e9ralement une fois tous les deux ans) est facile \u2013 le bouton du briquet doit \u00eatre ouvert et les piles remplac\u00e9es par des neuves.<\/p>\n<p>Allumer le gaz est sans danger. Lors de l&rsquo;\u00e9valuation de la conformit\u00e9, le test de s\u00e9curit\u00e9 de l&rsquo;\u00e9clairage a \u00e9t\u00e9 effectu\u00e9 par Inspecta Group : www.inspecta.com<\/p>\n","protected":false},"excerpt":{"rendered":"<p>Une solution innovante et unique pour les po\u00eales GrillSymbol de la s\u00e9rie PRO (\u00e9quipement standard de tous les produits de la s\u00e9rie PRO, \u00e0 l&rsquo;exception des mod\u00e8les 460). Pas besoin d&rsquo;allumettes ni de briquet pour allumer le gaz. Vous n&rsquo;avez pas non plus \u00e0 craindre de vous br\u00fbler les doigts lors de l&rsquo;allumage du gaz, [&hellip;]<\/p>\n","protected":false},"author":1,"featured_media":0,"parent":8509,"menu_order":0,"comment_status":"closed","ping_status":"closed","template":"","meta":{"footnotes":""},"class_list":["post-8494","page","type-page","status-publish","hentry"],"_links":{"self":[{"href":"https:\/\/www.grillsymbol.com\/fr\/wp-json\/wp\/v2\/pages\/8494","targetHints":{"allow":["GET"]}}],"collection":[{"href":"https:\/\/www.grillsymbol.com\/fr\/wp-json\/wp\/v2\/pages"}],"about":[{"href":"https:\/\/www.grillsymbol.com\/fr\/wp-json\/wp\/v2\/types\/page"}],"author":[{"embeddable":true,"href":"https:\/\/www.grillsymbol.com\/fr\/wp-json\/wp\/v2\/users\/1"}],"replies":[{"embeddable":true,"href":"https:\/\/www.grillsymbol.com\/fr\/wp-json\/wp\/v2\/comments?post=8494"}],"version-history":[{"count":0,"href":"https:\/\/www.grillsymbol.com\/fr\/wp-json\/wp\/v2\/pages\/8494\/revisions"}],"up":[{"embeddable":true,"href":"https:\/\/www.grillsymbol.com\/fr\/wp-json\/wp\/v2\/pages\/8509"}],"wp:attachment":[{"href":"https:\/\/www.grillsymbol.com\/fr\/wp-json\/wp\/v2\/media?parent=8494"}],"curies":[{"name":"wp","href":"https:\/\/api.w.org\/{rel}","templated":true}]}}