{"id":8504,"date":"2017-05-04T06:00:30","date_gmt":"2017-05-04T06:00:30","guid":{"rendered":"https:\/\/www.grillsymbol.com\/about-safety\/"},"modified":"2021-09-01T06:37:36","modified_gmt":"2021-09-01T06:37:36","slug":"a-propos-de-la-securite","status":"publish","type":"page","link":"https:\/\/www.grillsymbol.com\/fr\/a-propos-des-differentes-poeles\/a-propos-de-la-securite\/","title":{"rendered":"\u00c0 propos de la s\u00e9curit\u00e9"},"content":{"rendered":"<p><strong>Les produits de GrillSymbol sont s\u00fbrs. \u00a0<\/strong><\/p>\n<p>Tous les produits de la s\u00e9rie PRO ont pass\u00e9 l&rsquo;\u00e9valuation de conformit\u00e9 CE conform\u00e9ment \u00e0 la directive 2009\/142\/CE et sont marqu\u00e9s d&rsquo;une combinaison de chiffres CE1336-10. L&rsquo;\u00e9valuation de la conformit\u00e9 a \u00e9t\u00e9 r\u00e9alis\u00e9e par Inspecta Group : www.inspecta.com<\/p>\n<p>Conform\u00e9ment \u00e0 la s\u00e9curit\u00e9, tous les produits de la s\u00e9rie PRO ont \u00e9t\u00e9 construits de mani\u00e8re \u00e0 ce que le panneau lat\u00e9ral du pare-brise ne chauffe pas pendant le fonctionnement, ce qui r\u00e9duit le risque de br\u00fblures accidentelles.<\/p>\n<p><strong>Les tests de s\u00e9curit\u00e9 suivants ont \u00e9t\u00e9 effectu\u00e9s sur les produits :<\/strong><\/p>\n<p>1.\u00a0\u00a0\u00a0 Test de temp\u00e9rature : pendant le fonctionnement, le panneau lat\u00e9ral du pare-brise ne peut pas chauffer plus de +60C de la temp\u00e9rature ext\u00e9rieure. Cela signifie qu&rsquo;avec un temps d&rsquo;\u00e9t\u00e9 nordique normal de +20C, la temp\u00e9rature maximale du panneau lat\u00e9ral peut atteindre +80C. \u00ab\u00a0Triple Windshield\u00a0\u00bb de la s\u00e9rie PRO est une solution s\u00fbre pour pr\u00e9venir les br\u00fblures accidentelles.<\/p>\n<p>2.\u00a0\u00a0\u00a0 Test de stabilit\u00e9 : les pieds et le cadre de la po\u00eale sont suffisamment solides pour que la po\u00eale soit stable, qu&rsquo;elle ne vacille pas et ne tremble pas sur les pieds m\u00eame si elle est pleine de nourriture.<\/p>\n<p>3.\u00a0\u00a0\u00a0 Test d&rsquo;allumage : \u00ab Click and Cook \u00bb est une solution unique qui permet d&rsquo;allumer le gaz avec les piles. L&rsquo;allumage du gaz est assur\u00e9 par une simple pression sur l&rsquo;interrupteur (\u00e9quipement standard de tous les produits de la s\u00e9rie PRO, \u00e0 l&rsquo;exception des mod\u00e8les 460).<\/p>\n<p><strong>Inspecta Group: www.inspecta.com<\/strong><\/p>\n","protected":false},"excerpt":{"rendered":"<p>Les produits de GrillSymbol sont s\u00fbrs. \u00a0 Tous les produits de la s\u00e9rie PRO ont pass\u00e9 l&rsquo;\u00e9valuation de conformit\u00e9 CE conform\u00e9ment \u00e0 la directive 2009\/142\/CE et sont marqu\u00e9s d&rsquo;une combinaison de chiffres CE1336-10. L&rsquo;\u00e9valuation de la conformit\u00e9 a \u00e9t\u00e9 r\u00e9alis\u00e9e par Inspecta Group : www.inspecta.com Conform\u00e9ment \u00e0 la s\u00e9curit\u00e9, tous les produits de la s\u00e9rie [&hellip;]<\/p>\n","protected":false},"author":1,"featured_media":0,"parent":8509,"menu_order":0,"comment_status":"closed","ping_status":"closed","template":"","meta":{"footnotes":""},"class_list":["post-8504","page","type-page","status-publish","hentry"],"_links":{"self":[{"href":"https:\/\/www.grillsymbol.com\/fr\/wp-json\/wp\/v2\/pages\/8504","targetHints":{"allow":["GET"]}}],"collection":[{"href":"https:\/\/www.grillsymbol.com\/fr\/wp-json\/wp\/v2\/pages"}],"about":[{"href":"https:\/\/www.grillsymbol.com\/fr\/wp-json\/wp\/v2\/types\/page"}],"author":[{"embeddable":true,"href":"https:\/\/www.grillsymbol.com\/fr\/wp-json\/wp\/v2\/users\/1"}],"replies":[{"embeddable":true,"href":"https:\/\/www.grillsymbol.com\/fr\/wp-json\/wp\/v2\/comments?post=8504"}],"version-history":[{"count":0,"href":"https:\/\/www.grillsymbol.com\/fr\/wp-json\/wp\/v2\/pages\/8504\/revisions"}],"up":[{"embeddable":true,"href":"https:\/\/www.grillsymbol.com\/fr\/wp-json\/wp\/v2\/pages\/8509"}],"wp:attachment":[{"href":"https:\/\/www.grillsymbol.com\/fr\/wp-json\/wp\/v2\/media?parent=8504"}],"curies":[{"name":"wp","href":"https:\/\/api.w.org\/{rel}","templated":true}]}}