{"id":8572,"date":"2016-08-02T15:03:19","date_gmt":"2016-08-02T15:03:19","guid":{"rendered":"https:\/\/www.grillsymbol.com\/contact-us\/"},"modified":"2023-07-18T07:28:51","modified_gmt":"2023-07-18T07:28:51","slug":"contactez-nous","status":"publish","type":"page","link":"https:\/\/www.grillsymbol.com\/fr\/contactez-nous\/","title":{"rendered":"Contactez-nous"},"content":{"rendered":"<p>[vc_row][vc_column][vc_column_text]<h4 style=\"color: #151515;text-align: center;font-family:Roboto;font-weight:100;font-style:normal\" class=\"vc_custom_heading\">Service client et contacts<\/h4><div class=\"vc_row wpb_row vc_row-fluid\"><div class=\"wpb_column vc_column_container vc_col-sm-4\"><div class=\"vc_column-inner \"><div class=\"wpb_wrapper\"><div class=\"pt-member-contact wpb_content_element img-pos-left flag-en\"><div class=\"text-wrapper\"><div class=\"contact-img-wrapper\"><img loading=\"lazy\" decoding=\"async\" alt=\"\" src=\"https:\/\/www.grillsymbol.com\/wp-content\/themes\/handystore-child\/img\/DSC_1030.jpg\" width=\"312\" height=\"312\"><\/div><h3>Laur Suurv\u00e4li<\/h3><span>Responsable r\u00e9gional des ventes Europe\/PDG<\/span><p>Mob: +372 56 669 723<br>laur@grillsymbol.com<\/p><img decoding=\"async\" src=\"https:\/\/www.grillsymbol.com\/wp-content\/plugins\/sitepress-multilingual-cms\/res\/flags\/en.png\"> <img decoding=\"async\" src=\"https:\/\/www.grillsymbol.com\/wp-content\/plugins\/sitepress-multilingual-cms\/res\/flags\/et.png\"> <img decoding=\"async\" src=\"https:\/\/www.grillsymbol.com\/wp-content\/plugins\/sitepress-multilingual-cms\/res\/flags\/fi.png\"><\/div><\/div><\/div><\/div><\/div><div class=\"wpb_column vc_column_container vc_col-sm-4\"><div class=\"vc_column-inner \"><div class=\"wpb_wrapper\"><div class=\"pt-member-contact wpb_content_element img-pos-left flag-se\"><div class=\"text-wrapper\"><div class=\"contact-img-wrapper\"><img loading=\"lazy\" decoding=\"async\" alt=\"\" src=\"https:\/\/www.grillsymbol.com\/wp-content\/themes\/handystore-child\/img\/sandra.jpg\" width=\"280\" height=\"280\"><\/div><h3>Sandra Tarjus<\/h3><span>Responsable r\u00e9gional des ventes Europe centrale<\/span><p>Mob: +44 1622 37 0862<br>sandra@grillsymbol.com<\/p><img decoding=\"async\" src=\"https:\/\/www.grillsymbol.com\/wp-content\/plugins\/sitepress-multilingual-cms\/res\/flags\/fr.png\"> <img decoding=\"async\" src=\"https:\/\/www.grillsymbol.com\/wp-content\/plugins\/sitepress-multilingual-cms\/res\/flags\/en.png\"> <img decoding=\"async\" src=\"https:\/\/www.grillsymbol.com\/wp-content\/plugins\/sitepress-multilingual-cms\/res\/flags\/et.png\"><\/div><\/div><\/div><\/div><\/div><div class=\"wpb_column vc_column_container vc_col-sm-4\"><div class=\"vc_column-inner \"><div class=\"wpb_wrapper\"><div class=\"pt-member-contact wpb_content_element img-pos-left flag-se\"><div class=\"text-wrapper\"><div class=\"contact-img-wrapper\"><img loading=\"lazy\" decoding=\"async\" alt=\"\" src=\"https:\/\/www.grillsymbol.com\/wp-content\/themes\/handystore-child\/img\/annika.jpg\" width=\"286\" height=\"286\"><\/div><h3>Annika Aas<\/h3><span>on temporary leave<\/span><span>Responsable r\u00e9gional des ventes Scandinavie<\/span><p>Mob: +372 58 536 820<br>annika@grillsymbol.com<\/p><img decoding=\"async\" src=\"https:\/\/www.grillsymbol.com\/wp-content\/plugins\/sitepress-multilingual-cms\/res\/flags\/sv.png\"> <img decoding=\"async\" src=\"https:\/\/www.grillsymbol.com\/wp-content\/plugins\/sitepress-multilingual-cms\/res\/flags\/en.png\"> <img decoding=\"async\" src=\"https:\/\/www.grillsymbol.com\/wp-content\/plugins\/sitepress-multilingual-cms\/res\/flags\/da.png\"> <img decoding=\"async\" src=\"https:\/\/www.grillsymbol.com\/wp-content\/plugins\/sitepress-multilingual-cms\/res\/flags\/no.png\"><\/div><\/div><\/div><\/div><\/div><\/div>[\/vc_column_text][\/vc_column][\/vc_row][vc_row disable_element=\u00a0\u00bbyes\u00a0\u00bb][vc_column][vc_column_text]<\/p>\n<div class=\"cell-wrapper layout-widget-wrapper\">\n<h3 style=\"text-align: center;\">Want to contact GrillSymbol?<\/h3>\n<h5 style=\"text-align: center;\">Here are a few ways to get in touch with us.<\/h5>\n<\/div>\n<p>[\/vc_column_text][\/vc_column][\/vc_row][vc_row full_width=\u00a0\u00bbstretch_row\u00a0\u00bb css=\u00a0\u00bb.vc_custom_1609222015261{background-color: #f3f3f3 !important;}\u00a0\u00bb el_class=\u00a0\u00bbcontact-row\u00a0\u00bb][vc_column][vc_column_text]<\/p>\n<div class=\"cell-wrapper layout-widget-wrapper\">\n<h3 style=\"text-align: center;\">Si vous avez des questions ou des suggestions, n&rsquo;h\u00e9sitez pas \u00e0 nous contacter<\/h3>\n<\/div>\n<p>[\/vc_column_text][vc_row_inner][vc_column_inner width=\u00a0\u00bb2\/3&Prime;][vc_column_text]\n<div class=\"wpcf7 no-js\" id=\"wpcf7-f12007-o1\" lang=\"en-US\" dir=\"ltr\">\n<div class=\"screen-reader-response\"><p role=\"status\" aria-live=\"polite\" aria-atomic=\"true\"><\/p> <ul><\/ul><\/div>\n<form action=\"\/fr\/wp-json\/wp\/v2\/pages\/8572#wpcf7-f12007-o1\" method=\"post\" class=\"wpcf7-form init\" aria-label=\"Contact form\" novalidate=\"novalidate\" data-status=\"init\">\n<div style=\"display: none;\">\n<input type=\"hidden\" name=\"_wpcf7\" value=\"12007\" \/>\n<input type=\"hidden\" name=\"_wpcf7_version\" value=\"5.9.6\" \/>\n<input type=\"hidden\" name=\"_wpcf7_locale\" value=\"en_US\" \/>\n<input type=\"hidden\" name=\"_wpcf7_unit_tag\" value=\"wpcf7-f12007-o1\" \/>\n<input type=\"hidden\" name=\"_wpcf7_container_post\" value=\"0\" \/>\n<input type=\"hidden\" name=\"_wpcf7_posted_data_hash\" value=\"\" \/>\n<\/div>\n<div class=\"csfield half-field\">\n\t<div>\n\t\t<p><span class=\"wpcf7-form-control-wrap\" data-name=\"your-name\"><input size=\"40\" maxlength=\"80\" class=\"wpcf7-form-control wpcf7-text wpcf7-validates-as-required\" aria-required=\"true\" aria-invalid=\"false\" placeholder=\"Nom*\" value=\"\" type=\"text\" name=\"your-name\" \/><\/span>\n\t\t<\/p>\n\t<\/div>\n<\/div>\n<div class=\"csfield half-field\">\n\t<div>\n\t\t<p><span class=\"wpcf7-form-control-wrap\" data-name=\"your-email\"><input size=\"40\" maxlength=\"80\" class=\"wpcf7-form-control wpcf7-email wpcf7-validates-as-required wpcf7-text wpcf7-validates-as-email\" aria-required=\"true\" aria-invalid=\"false\" placeholder=\"Adresse e-mail*\" value=\"\" type=\"email\" name=\"your-email\" \/><\/span>\n\t\t<\/p>\n\t<\/div>\n<\/div>\n<div class=\"csfield half-field\">\n\t<div>\n\t\t<p><span class=\"wpcf7-form-control-wrap\" data-name=\"tel-137\"><input size=\"40\" maxlength=\"80\" class=\"wpcf7-form-control wpcf7-tel wpcf7-text wpcf7-validates-as-tel\" aria-invalid=\"false\" placeholder=\"T\u00e9l\u00e9phone\" value=\"\" type=\"tel\" name=\"tel-137\" \/><\/span>\n\t\t<\/p>\n\t<\/div>\n<\/div>\n<div class=\"csfield half-field\">\n\t<div>\n\t\t<p><span class=\"wpcf7-form-control-wrap\" data-name=\"select-topic\"><select class=\"wpcf7-form-control wpcf7-select wpcf7-validates-as-required\" aria-required=\"true\" aria-invalid=\"false\" name=\"select-topic\"><option value=\"s\u00e9lectionnez une option\">s\u00e9lectionnez une option<\/option><option value=\"Question sur un produit\">Question sur un produit<\/option><option value=\"Facture pour une entreprise\">Facture pour une entreprise<\/option><option value=\"Garantie\/entretien\">Garantie\/entretien<\/option><option value=\"Je souhaite devenir distributeur\">Je souhaite devenir distributeur<\/option><option value=\"Je souhaite acheter une franchise\">Je souhaite acheter une franchise<\/option><option value=\"Autre\">Autre<\/option><\/select><\/span>\n\t\t<\/p>\n\t<\/div>\n<\/div>\n<div class=\"csfield full-field\">\n\t<div>\n\t\t<p><span class=\"wpcf7-form-control-wrap\" data-name=\"your-message\"><textarea cols=\"40\" rows=\"10\" maxlength=\"400\" class=\"wpcf7-form-control wpcf7-textarea\" aria-invalid=\"false\" placeholder=\"Message\" name=\"your-message\"><\/textarea><\/span>\n\t\t<\/p>\n\t<\/div>\n<\/div>\n<div class=\"csfield message-wrap\">\n\t<div>\n\t\t<p><input class=\"wpcf7-form-control wpcf7-submit has-spinner\" type=\"submit\" value=\"Envoyer le message\" \/>\n\t\t<\/p>\n\t<\/div>\n<\/div><input type=\"hidden\" id=\"ct_checkjs_cf7_37693cfc748049e45d87b8c7d8b9aacd\" name=\"ct_checkjs_cf7\" value=\"0\" \/><label class=\"apbct_special_field\" id=\"apbct_label_id61849\" for=\"apbct__email_id__wp_contact_form_7_61849\">61849<\/label><input \n        id=\"apbct__email_id__wp_contact_form_7_61849\" \n        class=\"apbct_special_field apbct__email_id__wp_contact_form_7\"\n        autocomplete=\"off\" \n        name=\"apbct__email_id__wp_contact_form_7_61849\"  \n        type=\"text\" \n        value=\"61849\" \n        size=\"30\" \n        apbct_event_id=\"61849\"\n        maxlength=\"200\" \n    \/><input \n        id=\"apbct_event_id\"\n        class=\"apbct_special_field\"\n        name=\"apbct_event_id\"\n        type=\"hidden\" \n        value=\"61849\" \n            \/><input type='hidden' class='wpcf7-pum' value='{\"closepopup\":false,\"closedelay\":0,\"openpopup\":false,\"openpopup_id\":0}' \/><div class=\"wpcf7-response-output\" aria-hidden=\"true\"><\/div>\n<\/form>\n<\/div>\n[\/vc_column_text][\/vc_column_inner][vc_column_inner el_class=\u00a0\u00bbgray-box\u00a0\u00bb width=\u00a0\u00bb1\/3&Prime; css=\u00a0\u00bb.vc_custom_1609216513240{background-color: #4f4f4f !important;}\u00a0\u00bb][vc_column_text]<\/p>\n<div class=\"contact-boxdetail\">\n<p><img loading=\"lazy\" decoding=\"async\" class=\"alignnone size-full wp-image-518\" src=\"https:\/\/www.grillsymbol.com\/wp-content\/uploads\/2021\/02\/imgpsh_fullsize_anim-6.png\" alt=\"\" width=\"17\" height=\"22\" \/><\/p>\n<div class=\"details\">\n<h6>Adresse<\/h6>\n<p>Suur-S\u00f5jam\u00e4e 19A<br \/>\n11415 Tallinn, Estonia<\/p>\n<\/div>\n<\/div>\n<div class=\"contact-boxdetail\">\n<p><img loading=\"lazy\" decoding=\"async\" class=\"alignnone size-full wp-image-520\" src=\"https:\/\/www.grillsymbol.com\/wp-content\/uploads\/2021\/02\/imgpsh_fullsize_anim-4.png\" alt=\"\" width=\"17\" height=\"13\" \/><\/p>\n<div class=\"details\">\n<h6>Adresse e-mail<\/h6>\n<p><a href=\"mailto:info@grillsymbol.com\">info@grillsymbol.com<\/a><\/p>\n<\/div>\n<\/div>\n<div class=\"contact-boxdetail\">\n<p><img loading=\"lazy\" decoding=\"async\" class=\"alignnone size-full wp-image-519\" src=\"https:\/\/www.grillsymbol.com\/wp-content\/uploads\/2021\/02\/imgpsh_fullsize_anim-5.png\" alt=\"\" width=\"17\" height=\"17\" \/><\/p>\n<div class=\"details\">\n<h6>T\u00e9l\u00e9phone<\/h6>\n<p><a href=\"tel:+44 20 8638 7816\">+44 1622 37 0862<\/a><\/p>\n<\/div>\n<\/div>\n<p>[\/vc_column_text][\/vc_column_inner][\/vc_row_inner][\/vc_column][\/vc_row][vc_row full_width=\u00a0\u00bbstretch_row\u00a0\u00bb el_class=\u00a0\u00bbdealer-section\u00a0\u00bb][vc_column][vc_column_text]<div class=\"bad-section\">\r\n\t\t\t<div class=\"bad-container\">\r\n\t\t\t\t<h2>Devenir Revendeur<\/h2>\r\n\t\t\t\t<div class=\"bad-row\">\r\n\t\t\t\t\t<div class=\"bad-box\">\r\n\t\t\t\t\t\t<div class=\"bad-box-3\">\r\n\t\t\t\t\t\t\t<div class=\"box-img dd\">\r\n\t\t\t\t\t\t\t\t<img decoding=\"async\" src=\"https:\/\/www.grillsymbol.com\/wp-content\/themes\/handystore-child\/img\/DiamondDealer.png\">\r\n\t\t\t\t\t\t\t\t<span>Diamond Dealer<\/span>\r\n\t\t\t\t\t\t\t<\/div>\r\n\t\t\t\t\t\t\t<h5>Authorized Diamond Dealer<\/h5>\r\n\t\t\t\t\t\t\t<ul>\r\n\t\t\t\t\t\t\t\t<li>Franchise Agreement. Right of representation of the entire assortment and special projects in the target market<\/li>\r\n                                <li>Retail and wholesale in the showroom and in the official e-shop of GrillSymbol's target market<\/li>\r\n                                <li>Free shipping on bulk purchases. Fast and partially free dropshipping<\/li>\r\n                                <li>Sales campaign support<\/li>\r\n                                <li>Support for fairs and exhibitions<\/li>\r\n\t\t\t\t\t\t\t<\/ul>\r\n                            <br>\r\n                            <p>* Ask about additional conditions<\/p>\r\n\t\t\t\t\t\t<\/div>\r\n\t\t\t\t\t\t<div class=\"bad-box-3\">\r\n\t\t\t\t\t\t\t<div class=\"box-img pd\">\r\n\t\t\t\t\t\t\t\t<img decoding=\"async\" src=\"https:\/\/www.grillsymbol.com\/wp-content\/themes\/handystore-child\/img\/GoldDealer.png\">\r\n\t\t\t\t\t\t\t\t<span>Platinum Dealer<\/span>\r\n\t\t\t\t\t\t\t<\/div>\r\n\t\t\t\t\t\t\t<h5>Authorized Platinum Dealer<\/h5>\r\n\t\t\t\t\t\t\t<ul>\r\n\t\t\t\t\t\t\t\t<li>Representation rights for the entire assortment in the target market<\/li>\r\n                                <li>Sale in showroom\/store\/dealer's e-shop<\/li>\r\n                                <li>Free shipping on bulk purchases. Fast and partially free dropshipping<\/li>\r\n                                <li>Sales campaign support<\/li>\r\n                                <li>Support for fairs and exhibitions<\/li>\r\n\t\t\t\t\t\t\t<\/ul>\r\n\t\t\t\t\t\t<\/div>\r\n\t\t\t\t\t\t<div class=\"bad-box-3\">\r\n\t\t\t\t\t\t\t<div class=\"box-img gd\">\r\n\t\t\t\t\t\t\t\t<img decoding=\"async\" src=\"https:\/\/www.grillsymbol.com\/wp-content\/themes\/handystore-child\/img\/PlatinumDealer.png\">\r\n\t\t\t\t\t\t\t\t<span>Gold Dealer<\/span>\r\n\t\t\t\t\t\t\t<\/div>\r\n\t\t\t\t\t\t\t<h5>Authorized Gold e-Dealer<\/h5>\r\n\t\t\t\t\t\t\t<ul>\r\n\t\t\t\t\t\t\t\t<li>Representation rights for 150-200 assortment products in the target market<\/li>\r\n                                <li>Sales through the dealer's e-shop<\/li>\r\n                                <li>Fast and free dropshipping*<\/li>\r\n                                <li>Sales campaign support<\/li>\r\n\t\t\t\t\t\t\t<\/ul>\r\n\t\t\t\t\t\t<\/div>\r\n\t\t\t\t\t\t<div class=\"bad-box-3\">\r\n\t\t\t\t\t\t\t<div class=\"box-img sd\">\r\n\t\t\t\t\t\t\t\t<img decoding=\"async\" src=\"https:\/\/www.grillsymbol.com\/wp-content\/themes\/handystore-child\/img\/SilverDealer.png\">\r\n\t\t\t\t\t\t\t\t<span>Silver Dealer<\/span>\r\n\t\t\t\t\t\t\t<\/div>\r\n\t\t\t\t\t\t\t<h5>Authorized Silver e-Dealer<\/h5>\r\n\t\t\t\t\t\t\t<ul>\r\n\t\t\t\t\t\t\t\t<li>Representation rights for 10-50 assortment products in the target market<\/li>\r\n                                <li>Sales through the dealer's e-shop<\/li>\r\n                                <li>Fast and partially free dropshipping<\/li>\r\n                                <li>Sales campaign support<\/li>\r\n\t\t\t\t\t\t\t<\/ul>\r\n\t\t\t\t\t\t<\/div>\r\n\t\t\t\t\t<\/div>\r\n\t\t\t\t<\/div>\r\n\t\t\t<\/div>\r\n\t\t\t<div class=\"finddealer\"><a href=\"https:\/\/www.grillsymbol.com\/fr\/trouver-un-revendeur\/\">Find A Dealer<\/a><ul>\r\n\t\t\t<li><img decoding=\"async\" src=\"https:\/\/www.grillsymbol.com\/wp-content\/themes\/handystore-child\/img\/flag1.png\" \/><\/li>\r\n\t\t\t<li><img decoding=\"async\" src=\"https:\/\/www.grillsymbol.com\/wp-content\/themes\/handystore-child\/img\/flag3.png\" \/><\/li>\r\n\t\t\t<li><img decoding=\"async\" src=\"https:\/\/www.grillsymbol.com\/wp-content\/themes\/handystore-child\/img\/flag2.png\" \/><\/li>\r\n\t\t\t<li><img decoding=\"async\" src=\"https:\/\/www.grillsymbol.com\/wp-content\/themes\/handystore-child\/img\/flag4.png\" \/><\/li>\r\n\t\t\t<li><img decoding=\"async\" src=\"https:\/\/www.grillsymbol.com\/wp-content\/themes\/handystore-child\/img\/flag5.png\" \/><\/li>\r\n\t\t\t<li><img decoding=\"async\" src=\"https:\/\/www.grillsymbol.com\/wp-content\/themes\/handystore-child\/img\/flag7.jpg\" \/><\/li>\r\n\r\n\t\t\t<\/ul>\r\n\t\t\t<\/div>\r\n\t\t<\/div>[\/vc_column_text][\/vc_column][\/vc_row][vc_row disable_element=\u00a0\u00bbyes\u00a0\u00bb][vc_column][vc_column_text]<div id=\"map\"><\/div>\r\n\t<script>\r\n  var map;\r\n  function initMap() {\r\n    map = new google.maps.Map(document.getElementById(\"map\"), {\r\n      zoom: 10,\r\n      draggable: false,\r\n      scrollwheel: false,\r\n      disableDoubleClickZoom: true,\r\n      center: new google.maps.LatLng(59.4192583,24.8335418),\r\n      mapTypeId: \"roadmap\"\r\n    });\r\n    function addMarker(feature) {\r\n      var image = {\r\n\t\t\turl: \"https:\/\/www.grillsymbol.com\/wp-content\/themes\/handystore-child\/img\/marker.png\",\r\n\t\t\tscaledSize: new google.maps.Size(32, 32),\r\n\t\t}\r\n      var marker = new google.maps.Marker({\r\n        position: feature.position,\r\n        icon: image,\r\n\t\toptimized: false,\r\n        map: map\r\n      });\r\n    }\r\n    var features = [\r\n    {\r\n      position: new google.maps.LatLng(59.4192583,24.8335418),\r\n      type: \"info\"\r\n    }\r\n    ];\r\n    for (var i = 0, feature; feature = features[i]; i++) {\r\n      addMarker(feature);\r\n    }\r\n  }\r\n<\/script>\r\n\t<script src=\"https:\/\/maps.googleapis.com\/maps\/api\/js?key=AIzaSyAoSDInipC_Qpnb620qjWyoxIKXI_dSQsU&callback=initMap\" async defer><\/script>\r\n\t[\/vc_column_text][\/vc_column][\/vc_row][vc_row disable_element=\u00a0\u00bbyes\u00a0\u00bb][vc_column width=\u00a0\u00bb1\/2&Prime;][vc_column_text]<\/p>\n<h3 style=\"text-align: center; font-size: 24px;\">Feeling formal?<\/h3>\n<h4 style=\"text-align: center; font-size: 18px;\">(Then fill this out and we&rsquo;ll get back to you.)<\/h4>\n<div class=\"contact_form\">\n<div class=\"wpcf7 no-js\" id=\"wpcf7-f1828-o2\" lang=\"en-US\" dir=\"ltr\">\n<div class=\"screen-reader-response\"><p role=\"status\" aria-live=\"polite\" aria-atomic=\"true\"><\/p> <ul><\/ul><\/div>\n<form action=\"\/fr\/wp-json\/wp\/v2\/pages\/8572#wpcf7-f1828-o2\" method=\"post\" class=\"wpcf7-form init\" aria-label=\"Contact form\" novalidate=\"novalidate\" data-status=\"init\">\n<div style=\"display: none;\">\n<input type=\"hidden\" name=\"_wpcf7\" value=\"1828\" \/>\n<input type=\"hidden\" name=\"_wpcf7_version\" value=\"5.9.6\" \/>\n<input type=\"hidden\" name=\"_wpcf7_locale\" value=\"en_US\" \/>\n<input type=\"hidden\" name=\"_wpcf7_unit_tag\" value=\"wpcf7-f1828-o2\" \/>\n<input type=\"hidden\" name=\"_wpcf7_container_post\" value=\"0\" \/>\n<input type=\"hidden\" name=\"_wpcf7_posted_data_hash\" value=\"\" \/>\n<\/div>\n<div class=\"csfield half-field\">\n\t<div>\n\t\t<p><span class=\"wpcf7-form-control-wrap\" data-name=\"your-name\"><input size=\"40\" maxlength=\"80\" class=\"wpcf7-form-control wpcf7-text wpcf7-validates-as-required\" aria-required=\"true\" aria-invalid=\"false\" placeholder=\"Name*\" value=\"\" type=\"text\" name=\"your-name\" \/><\/span>\n\t\t<\/p>\n\t<\/div>\n<\/div>\n<div class=\"csfield half-field\">\n\t<div>\n\t\t<p><span class=\"wpcf7-form-control-wrap\" data-name=\"your-email\"><input size=\"40\" maxlength=\"80\" class=\"wpcf7-form-control wpcf7-email wpcf7-validates-as-required wpcf7-text wpcf7-validates-as-email\" aria-required=\"true\" aria-invalid=\"false\" placeholder=\"Email*\" value=\"\" type=\"email\" name=\"your-email\" \/><\/span>\n\t\t<\/p>\n\t<\/div>\n<\/div>\n<div class=\"csfield half-field\">\n\t<div>\n\t\t<p><span class=\"wpcf7-form-control-wrap\" data-name=\"tel-137\"><input size=\"40\" maxlength=\"80\" class=\"wpcf7-form-control wpcf7-tel wpcf7-text wpcf7-validates-as-tel\" aria-invalid=\"false\" placeholder=\"Phone\" value=\"\" type=\"tel\" name=\"tel-137\" \/><\/span>\n\t\t<\/p>\n\t<\/div>\n<\/div>\n<div class=\"csfield half-field\">\n\t<div>\n\t\t<p><span class=\"wpcf7-form-control-wrap\" data-name=\"select-topic\"><select class=\"wpcf7-form-control wpcf7-select wpcf7-validates-as-required\" aria-required=\"true\" aria-invalid=\"false\" name=\"select-topic\"><option value=\"select a option\">select a option<\/option><option value=\"Question about a product\">Question about a product<\/option><option value=\"Invoice for a company\">Invoice for a company<\/option><option value=\"Warranty\/maintenance\">Warranty\/maintenance<\/option><option value=\"I wish to become a distributor\">I wish to become a distributor<\/option><option value=\"I wish to buy a franchise\">I wish to buy a franchise<\/option><option value=\"Other\">Other<\/option><\/select><\/span>\n\t\t<\/p>\n\t<\/div>\n<\/div>\n<div class=\"csfield full-field\">\n\t<div>\n\t\t<p><span class=\"wpcf7-form-control-wrap\" data-name=\"your-message\"><textarea cols=\"40\" rows=\"10\" maxlength=\"400\" class=\"wpcf7-form-control wpcf7-textarea\" aria-invalid=\"false\" placeholder=\"Message\" name=\"your-message\"><\/textarea><\/span>\n\t\t<\/p>\n\t<\/div>\n<\/div>\n<div class=\"csfield message-wrap\">\n\t<div>\n\t\t<p><input class=\"wpcf7-form-control wpcf7-submit has-spinner\" type=\"submit\" value=\"Send Message\" \/>\n\t\t<\/p>\n\t<\/div>\n<\/div><input type=\"hidden\" id=\"ct_checkjs_cf7_430c3626b879b4005d41b8a46172e0c0\" name=\"ct_checkjs_cf7\" value=\"0\" \/><label class=\"apbct_special_field\" id=\"apbct_label_id48062\" for=\"apbct__email_id__wp_contact_form_7_48062\">48062<\/label><input \n        id=\"apbct__email_id__wp_contact_form_7_48062\" \n        class=\"apbct_special_field apbct__email_id__wp_contact_form_7\"\n        autocomplete=\"off\" \n        name=\"apbct__email_id__wp_contact_form_7_48062\"  \n        type=\"text\" \n        value=\"48062\" \n        size=\"30\" \n        apbct_event_id=\"48062\"\n        maxlength=\"200\" \n    \/><input \n        id=\"apbct_event_id\"\n        class=\"apbct_special_field\"\n        name=\"apbct_event_id\"\n        type=\"hidden\" \n        value=\"48062\" \n            \/><input type='hidden' class='wpcf7-pum' value='{\"closepopup\":false,\"closedelay\":0,\"openpopup\":false,\"openpopup_id\":0}' \/><div class=\"wpcf7-response-output\" aria-hidden=\"true\"><\/div>\n<\/form>\n<\/div>\n<\/div>\n<p>[\/vc_column_text][\/vc_column][vc_column width=\u00a0\u00bb1\/2&Prime;][vc_column_text]<\/p>\n<h3 style=\"font-size: 24px; text-align: center;\">Prefer other methods?<\/h3>\n<h4 style=\"font-size: 18px; text-align: center;\">(We have those too.)<\/h4>\n<h3 style=\"font-size: 24px; text-align: center;\">Phone<\/h3>\n<h4 style=\"font-size: 18px; text-align: center;\"><strong>+372 6 827 212<\/strong><\/h4>\n<p>&nbsp;<\/p>\n<h3 style=\"font-size: 24px; text-align: center;\">Email<\/h3>\n<h4 style=\"font-size: 18px; text-align: center;\"><strong><a href=\"mailto:info@grillsymbol.com\">info@grillsymbol.com<\/a><\/strong><\/h4>\n<p>&nbsp;<\/p>\n<h3 style=\"font-size: 24px; text-align: center;\">Address<\/h3>\n<h4 style=\"font-size: 18px; text-align: center;\">Suur-S\u00f5jam\u00e4e 19A<br \/>\n11415 Tallinn, Estonia<\/h4>\n<p>[\/vc_column_text][\/vc_column][\/vc_row]<\/p>\n","protected":false},"excerpt":{"rendered":"<p>[vc_row][vc_column][vc_column_text][\/vc_column_text][\/vc_column][\/vc_row][vc_row disable_element=\u00a0\u00bbyes\u00a0\u00bb][vc_column][vc_column_text] Want to contact GrillSymbol? Here are a few ways to get in touch with us. [\/vc_column_text][\/vc_column][\/vc_row][vc_row full_width=\u00a0\u00bbstretch_row\u00a0\u00bb css=\u00a0\u00bb.vc_custom_1609222015261{background-color: #f3f3f3 !important;}\u00a0\u00bb el_class=\u00a0\u00bbcontact-row\u00a0\u00bb][vc_column][vc_column_text] Si vous avez des questions ou des suggestions, n&rsquo;h\u00e9sitez pas \u00e0 nous contacter [\/vc_column_text][vc_row_inner][vc_column_inner width=\u00a0\u00bb2\/3&Prime;][vc_column_text][\/vc_column_text][\/vc_column_inner][vc_column_inner el_class=\u00a0\u00bbgray-box\u00a0\u00bb width=\u00a0\u00bb1\/3&Prime; css=\u00a0\u00bb.vc_custom_1609216513240{background-color: #4f4f4f !important;}\u00a0\u00bb][vc_column_text] Adresse Suur-S\u00f5jam\u00e4e 19A 11415 Tallinn, Estonia Adresse e-mail info@grillsymbol.com T\u00e9l\u00e9phone +44 1622 [&hellip;]<\/p>\n","protected":false},"author":1,"featured_media":0,"parent":0,"menu_order":0,"comment_status":"closed","ping_status":"closed","template":"","meta":{"footnotes":""},"class_list":["post-8572","page","type-page","status-publish","hentry"],"_links":{"self":[{"href":"https:\/\/www.grillsymbol.com\/fr\/wp-json\/wp\/v2\/pages\/8572","targetHints":{"allow":["GET"]}}],"collection":[{"href":"https:\/\/www.grillsymbol.com\/fr\/wp-json\/wp\/v2\/pages"}],"about":[{"href":"https:\/\/www.grillsymbol.com\/fr\/wp-json\/wp\/v2\/types\/page"}],"author":[{"embeddable":true,"href":"https:\/\/www.grillsymbol.com\/fr\/wp-json\/wp\/v2\/users\/1"}],"replies":[{"embeddable":true,"href":"https:\/\/www.grillsymbol.com\/fr\/wp-json\/wp\/v2\/comments?post=8572"}],"version-history":[{"count":0,"href":"https:\/\/www.grillsymbol.com\/fr\/wp-json\/wp\/v2\/pages\/8572\/revisions"}],"wp:attachment":[{"href":"https:\/\/www.grillsymbol.com\/fr\/wp-json\/wp\/v2\/media?parent=8572"}],"curies":[{"name":"wp","href":"https:\/\/api.w.org\/{rel}","templated":true}]}}