{"id":8576,"date":"2016-08-02T09:02:50","date_gmt":"2016-08-02T09:02:50","guid":{"rendered":"https:\/\/www.grillsymbol.com\/about\/"},"modified":"2023-01-05T13:58:30","modified_gmt":"2023-01-05T13:58:30","slug":"a-propos-nous","status":"publish","type":"page","link":"https:\/\/www.grillsymbol.com\/fr\/a-propos-nous\/","title":{"rendered":"\u00c0 propos"},"content":{"rendered":"<p>[vc_row][vc_column][vc_raw_html]JTNDZGl2JTNFJTBBJTNDaDQlMjBzdHlsZSUzRCUyMmZvbnQtZmFtaWx5JTNBJTI3Um9ib3RvJTI3JTNCJTIwZm9udC13ZWlnaHQlM0ElMjBsaWdodGVyJTNCJTIyJTNFR3JpbGxTeW1ib2wlMjAtJTIwZXhwJUMzJUE5cmllbmNlcyUyMGRlcHVpcyUyMDE5MjUlM0MlMkZoNCUzRSUzQyUyRmRpdiUzRQ==[\/vc_raw_html][\/vc_column][\/vc_row][vc_row][vc_column width=\u00a0\u00bb2\/3&Prime;][vc_column_text]L&rsquo;histoire de GrillSymbol a commenc\u00e9 par un amour pour les produits de cuisine beaux et intemporels et par l&rsquo;amour pour la cuisine. Le premier pr\u00e9d\u00e9cesseur du GrillSymbol moderne est le forgeron Johannes Moisar, qui a ouvert une forge \u2013 quincaillerie en 1925 \u00e0 Tallinn pr\u00e8s de l&rsquo;avenue Paldiski. Entre autres produits, de petites po\u00eales \u00e0 frire en fer et des d\u00e9tails de foyer ont \u00e9t\u00e9 fabriqu\u00e9s dans la forge.<\/p>\n<p>En raison de l&rsquo;annexion sovi\u00e9tique de l&rsquo;Estonie, l&rsquo;entreprise a \u00e9t\u00e9 nationalis\u00e9e en 1940 et \u00e0 cause de diff\u00e9rents processus d&rsquo;annexion, les produits et l&rsquo;exp\u00e9rience ont \u00e9t\u00e9 perdus pour le public. 57 ans ont pass\u00e9. Apr\u00e8s la chute du r\u00e9gime criminel en 1991, les fr\u00e8res Ivar et Laur Suurv\u00e4li ont raviv\u00e9 les anciennes traditions familiales. L&rsquo;\u0153uvre d&rsquo;une vie que notre arri\u00e8re-grand-p\u00e8re a laiss\u00e9e inachev\u00e9e.<\/p>\n<p>Nous avons commenc\u00e9 avec quatre produits, aujourd&rsquo;hui nous en avons plus d&rsquo;une centaine dans notre gamme de produits.<\/p>\n<p>Tout le monde sait que les produits faits \u00e0 la main sont un luxe de nos jours. C&rsquo;est important pour nous et nous perp\u00e9tuons cette tradition avec fiert\u00e9. Nous aimons l&rsquo;artisanat en tant que processus et nous aimons utiliser des mat\u00e9riaux durables. Nous prenons tr\u00e8s au s\u00e9rieux l&rsquo;utilisation de l&rsquo;acier comme mati\u00e8re premi\u00e8re et, sur cette base, nous concevons nos produits pour qu&rsquo;ils durent des d\u00e9cennies.<\/p>\n<p>Chacun de nos produits a une histoire de sa propre cr\u00e9ation car ils sont fabriqu\u00e9s \u00e0 la main &#8211; si seulement ils pouvaient parler !<\/p>\n<p>Nous nous reposons rarement et innovons constamment &#8211; m\u00eame si les foyers ext\u00e9rieurs et les BBQ-Fumoirs de GrillSymbol prennent d&rsquo;assaut l&rsquo;Europe, nous cherchons toujours des moyens de les rendre encore meilleurs. Nos po\u00eales \u00e0 paella et wok de la s\u00e9rie PRO avec br\u00fbleurs \u00e0 gaz sont tr\u00e8s appr\u00e9ci\u00e9s par de nombreux grands chefs et utilisateurs \u00e0 domicile depuis des ann\u00e9es &#8211; gr\u00e2ce aux commentaires de nos clients, nous avons cr\u00e9\u00e9 une s\u00e9rie qui fonctionne parfaitement.<\/p>\n<p>Grillsymbol est toujours une entreprise familiale. La cinqui\u00e8me g\u00e9n\u00e9ration grandit avec des id\u00e9es nouvelles et fra\u00eeches, et la production est toujours en cours d&rsquo;ach\u00e8vement \u00e0 l&rsquo;usine de Tallinn. En 2025, GrillSymbol f\u00eatera l&rsquo;anniversaire de ses 100 ans d&rsquo;exp\u00e9rience.[\/vc_column_text][\/vc_column][vc_column width=\u00a0\u00bb1\/3&Prime;][vc_single_image image=\u00a0\u00bb8253&Prime; img_size=\u00a0\u00bbmedium\u00a0\u00bb][vc_single_image image=\u00a0\u00bb7788&Prime;][\/vc_column][\/vc_row][vc_row][vc_column][vc_column_text]<h4 style=\"color: #151515;text-align: center;font-family:Roboto;font-weight:100;font-style:normal\" class=\"vc_custom_heading\">Notre \u00e9quipe<\/h4><div class=\"vc_row wpb_row vc_row-fluid\"><div class=\"wpb_column vc_column_container vc_col-sm-4\"><div class=\"vc_column-inner \"><div class=\"wpb_wrapper\"><div class=\"pt-member-contact wpb_content_element img-pos-left flag-en\"><div class=\"text-wrapper\"><div class=\"contact-img-wrapper\"><img loading=\"lazy\" decoding=\"async\" alt=\"\" src=\"https:\/\/www.grillsymbol.com\/wp-content\/themes\/handystore-child\/img\/DSC_1030.jpg\" width=\"312\" height=\"312\"><\/div><h3>Laur Suurv\u00e4li<\/h3><span>Responsable r\u00e9gional des ventes Europe\/PDG<\/span><p>Mob: +372 56 669 723<br>laur@grillsymbol.com<\/p><img decoding=\"async\" src=\"https:\/\/www.grillsymbol.com\/wp-content\/plugins\/sitepress-multilingual-cms\/res\/flags\/en.png\"> <img decoding=\"async\" src=\"https:\/\/www.grillsymbol.com\/wp-content\/plugins\/sitepress-multilingual-cms\/res\/flags\/et.png\"> <img decoding=\"async\" src=\"https:\/\/www.grillsymbol.com\/wp-content\/plugins\/sitepress-multilingual-cms\/res\/flags\/fi.png\"><\/div><\/div><\/div><\/div><\/div><div class=\"wpb_column vc_column_container vc_col-sm-4\"><div class=\"vc_column-inner \"><div class=\"wpb_wrapper\"><div class=\"pt-member-contact wpb_content_element img-pos-left flag-se\"><div class=\"text-wrapper\"><div class=\"contact-img-wrapper\"><img loading=\"lazy\" decoding=\"async\" alt=\"\" src=\"https:\/\/www.grillsymbol.com\/wp-content\/themes\/handystore-child\/img\/sandra.jpg\" width=\"280\" height=\"280\"><\/div><h3>Sandra Tarjus<\/h3><span>Responsable r\u00e9gional des ventes Europe centrale<\/span><p>Mob: +44 1622 37 0862<br>sandra@grillsymbol.com<\/p><img decoding=\"async\" src=\"https:\/\/www.grillsymbol.com\/wp-content\/plugins\/sitepress-multilingual-cms\/res\/flags\/fr.png\"> <img decoding=\"async\" src=\"https:\/\/www.grillsymbol.com\/wp-content\/plugins\/sitepress-multilingual-cms\/res\/flags\/en.png\"> <img decoding=\"async\" src=\"https:\/\/www.grillsymbol.com\/wp-content\/plugins\/sitepress-multilingual-cms\/res\/flags\/et.png\"><\/div><\/div><\/div><\/div><\/div><div class=\"wpb_column vc_column_container vc_col-sm-4\"><div class=\"vc_column-inner \"><div class=\"wpb_wrapper\"><div class=\"pt-member-contact wpb_content_element img-pos-left flag-se\"><div class=\"text-wrapper\"><div class=\"contact-img-wrapper\"><img loading=\"lazy\" decoding=\"async\" alt=\"\" src=\"https:\/\/www.grillsymbol.com\/wp-content\/themes\/handystore-child\/img\/annika.jpg\" width=\"286\" height=\"286\"><\/div><h3>Annika Aas<\/h3><span>on temporary leave<\/span><span>Responsable r\u00e9gional des ventes Scandinavie<\/span><p>Mob: +372 58 536 820<br>annika@grillsymbol.com<\/p><img decoding=\"async\" src=\"https:\/\/www.grillsymbol.com\/wp-content\/plugins\/sitepress-multilingual-cms\/res\/flags\/sv.png\"> <img decoding=\"async\" src=\"https:\/\/www.grillsymbol.com\/wp-content\/plugins\/sitepress-multilingual-cms\/res\/flags\/en.png\"> <img decoding=\"async\" src=\"https:\/\/www.grillsymbol.com\/wp-content\/plugins\/sitepress-multilingual-cms\/res\/flags\/da.png\"> <img decoding=\"async\" src=\"https:\/\/www.grillsymbol.com\/wp-content\/plugins\/sitepress-multilingual-cms\/res\/flags\/no.png\"><\/div><\/div><\/div><\/div><\/div><\/div>[\/vc_column_text][\/vc_column][\/vc_row]<\/p>\n","protected":false},"excerpt":{"rendered":"<p>[vc_row][vc_column][vc_raw_html]JTNDZGl2JTNFJTBBJTNDaDQlMjBzdHlsZSUzRCUyMmZvbnQtZmFtaWx5JTNBJTI3Um9ib3RvJTI3JTNCJTIwZm9udC13ZWlnaHQlM0ElMjBsaWdodGVyJTNCJTIyJTNFR3JpbGxTeW1ib2wlMjAtJTIwZXhwJUMzJUE5cmllbmNlcyUyMGRlcHVpcyUyMDE5MjUlM0MlMkZoNCUzRSUzQyUyRmRpdiUzRQ==[\/vc_raw_html][\/vc_column][\/vc_row][vc_row][vc_column width=\u00a0\u00bb2\/3&Prime;][vc_column_text]L&rsquo;histoire de GrillSymbol a commenc\u00e9 par un amour pour les produits de cuisine beaux et intemporels et par l&rsquo;amour pour la cuisine. Le premier pr\u00e9d\u00e9cesseur du GrillSymbol moderne est le forgeron Johannes Moisar, qui a ouvert une forge \u2013 quincaillerie en 1925 \u00e0 Tallinn pr\u00e8s de l&rsquo;avenue Paldiski. Entre autres produits, de petites po\u00eales [&hellip;]<\/p>\n","protected":false},"author":1,"featured_media":0,"parent":0,"menu_order":0,"comment_status":"closed","ping_status":"closed","template":"","meta":{"footnotes":""},"class_list":["post-8576","page","type-page","status-publish","hentry"],"_links":{"self":[{"href":"https:\/\/www.grillsymbol.com\/fr\/wp-json\/wp\/v2\/pages\/8576","targetHints":{"allow":["GET"]}}],"collection":[{"href":"https:\/\/www.grillsymbol.com\/fr\/wp-json\/wp\/v2\/pages"}],"about":[{"href":"https:\/\/www.grillsymbol.com\/fr\/wp-json\/wp\/v2\/types\/page"}],"author":[{"embeddable":true,"href":"https:\/\/www.grillsymbol.com\/fr\/wp-json\/wp\/v2\/users\/1"}],"replies":[{"embeddable":true,"href":"https:\/\/www.grillsymbol.com\/fr\/wp-json\/wp\/v2\/comments?post=8576"}],"version-history":[{"count":0,"href":"https:\/\/www.grillsymbol.com\/fr\/wp-json\/wp\/v2\/pages\/8576\/revisions"}],"wp:attachment":[{"href":"https:\/\/www.grillsymbol.com\/fr\/wp-json\/wp\/v2\/media?parent=8576"}],"curies":[{"name":"wp","href":"https:\/\/api.w.org\/{rel}","templated":true}]}}