{"id":8594,"date":"2016-08-01T15:22:58","date_gmt":"2016-08-01T15:22:58","guid":{"rendered":"https:\/\/www.grillsymbol.com\/terms-and-conditions\/"},"modified":"2024-01-19T12:51:03","modified_gmt":"2024-01-19T12:51:03","slug":"conditions-generales-de-vente","status":"publish","type":"page","link":"https:\/\/www.grillsymbol.com\/fr\/conditions-generales-de-vente\/","title":{"rendered":"Conditions G\u00e9n\u00e9rales de Vente"},"content":{"rendered":"<p>Le propri\u00e9taire de la boutique en ligne GrillSymbol (ci-apr\u00e8s le vendeur) est GrillSymbol O\u00dc (code d&rsquo;enregistrement 11517077).<\/p>\n<p>Si\u00e8ge social : Rue Suur-S\u00f5jam\u00e4e 19a, Tallinn, Harjumaa, 11415.<\/p>\n<p>Adresse du courrier \u00e9lectronique : info@grillsymbol.com<\/p>\n<p>En acceptant les conditions, l&rsquo;acheteur confirme qu&rsquo;il a lu les conditions g\u00e9n\u00e9rales de vente, les accepte et les respecte.<\/p>\n<p>&nbsp;<\/p>\n<p>&nbsp;<\/p>\n<p><strong>La validit\u00e9 du contrat de vente, les informations sur le produit et le prix<\/strong><\/p>\n<p>Les conditions de vente sont valables lors de l&rsquo;achat sur notre boutique en ligne. Les prix des produits vendus dans la boutique en ligne sont indiqu\u00e9s \u00e0 c\u00f4t\u00e9 des produits. Des frais de livraison peuvent \u00eatre ajout\u00e9s au prix du produit. Les prix de nos produits sont indiqu\u00e9s en euros. Le prix et la disponibilit\u00e9 des produits peuvent changer \u00e0 tout moment et sans praavis. Si l&rsquo;acheteur a pass\u00e9 sa commande avant le changement de prix, le prix en vigueur au moment de la commande s&rsquo;appliquera. Les frais de livraison sont affich\u00e9s \u00e0 l&rsquo;acheteur lors de la passation de la commande.<\/p>\n<p>&nbsp;<\/p>\n<p><strong>Passer une commande<\/strong><\/p>\n<p>Dans la boutique en ligne, il est possible d&rsquo;acheter ces produits\u00a0 qui ont l&rsquo;ic\u00f4ne \u00ab\u00a0Ajouter au panier\u00a0\u00bb. Pour commander les marchandises, vous devez ajouter les produits souhait\u00e9s au panier. Les champs de donn\u00e9es requis doivent \u00eatre remplis pour compl\u00e9ter la commande. Le montant du co\u00fbt s&rsquo;affichera alors \u00e0 l&rsquo;\u00e9cran, qui pourra \u00eatre pay\u00e9 en toute s\u00e9curit\u00e9 via PayPal et la plupart des cartes de cr\u00e9dit.<\/p>\n<p>Le vendeur n&rsquo;a pas acc\u00e8s aux donn\u00e9es bancaires et de carte de cr\u00e9dit du client. Le contrat de vente est consider\u00e9 conclu \u00e0 r\u00e9ception du montant \u00e0 payer selon la confirmation de commande sur le compte courant de la boutique en ligne. Les commandes impay\u00e9es ne seront pas ex\u00e9cut\u00e9es par le vendeur.<\/p>\n<p>Apr\u00e8s le paiement, la boutique en ligne vous enverra une confirmation de commande et une facture.<\/p>\n<p>Le propri\u00e9taire de la boutique en ligne est le responsable du traitement des donn\u00e9es personnelles.<\/p>\n<p><strong>\u00a0<\/strong><\/p>\n<p><strong>Livraison<\/strong><\/p>\n<p>Les marchandises sont livr\u00e9es dans les pays europ\u00e9ens, \u00e0 l&rsquo;exception de certaines parties de l&rsquo;Europe et des \u00eeles comme Malte, Chypre, etc. Vous pouvez trouver une liste d\u00e9taill\u00e9e des pays dans le menu d\u00e9roulant du panier. Selon la taille du produit et le pays de destination, les transporteurs sont DHL\/Schenker\/Ace Logistics\/DPD ou la soci\u00e9t\u00e9 postale locale.<\/p>\n<p>Les informations sur les frais de livraison des marchandises sont affich\u00e9es \u00e0 c\u00f4t\u00e9 du mode de livraison. Pour les achats sup\u00e9rieurs \u00e0 100 euros, les frais de livraison sont \u00e0 la charge du vendeur. Pour les achats inf\u00e9rieurs \u00e0 100 euros, les frais de livraison sont \u00e0 la charge de l&rsquo;acheteur.<\/p>\n<p>L&rsquo;acheteur s&rsquo;assure que les donn\u00e9es de contact saisies lors de la passation de la commande sont correctes. Tous les frais suppl\u00e9mentaires li\u00e9s au retard ou \u00e0 la livraison r\u00e9p\u00e9t\u00e9e dus \u00e0 des informations saisies incorrectement par l&rsquo;acheteur seront \u00e0 la charge de l&rsquo;acheteur.<\/p>\n<p>Livraison sous <strong>3-7 jours<\/strong> ouvr\u00e9s.<\/p>\n<p>Dans des cas exceptionnels, le vendeur a le droit de livrer la marchandise dans un d\u00e9lai plus long que d&rsquo;habitude. Dans ce cas, l&rsquo;acheteur sera inform\u00e9 du d\u00e9lai de livraison.<\/p>\n<p>&nbsp;<\/p>\n<p><strong>Droit de r\u00e9tractation<\/strong><\/p>\n<p>Apr\u00e8s avoir re\u00e7u le produit, l&rsquo;acheteur a le droit de r\u00e9silier le contrat conclu dans la boutique en ligne dans un d\u00e9lai de 14 jours. Les marchandises \u00e0 retourner doivent \u00eatre inutilis\u00e9es et non endommag\u00e9es. Si la marchandise est endommag\u00e9e ou utilis\u00e9e dans les 14 jours, la boutique en ligne ne s&rsquo;engage pas \u00e0 reprendre la marchandise. Dans des cas exceptionnels, la boutique en ligne peut reprendre un produit usag\u00e9 ou endommag\u00e9, mais \u00e0 un prix r\u00e9duit.<\/p>\n<p>Afin de retourner la marchandise, vous devez envoyer une d\u00e9claration de r\u00e9tractation \u00e0 l&rsquo;adresse e-mail support@grillsymbol.com au plus tard 14 jours apr\u00e8s r\u00e9ception de la marchandise.<br \/>\n<strong>Les frais de retour de la marchandise sont \u00e0 la charge de l&rsquo;acheteur<\/strong>, sauf si le motif du retour r\u00e9side dans le fait que le produit \u00e0 retourner ne correspond pas \u00e0 celui command\u00e9 (par exemple, un produit erron\u00e9 ou d\u00e9fectueux).<\/p>\n<p>L&rsquo;acheteur doit retourner la marchandise dans les 14 jours suivant le d\u00e9p\u00f4t de la d\u00e9claration de r\u00e9tractation ou fournir la preuve qu&rsquo;il a remis la marchandise au transporteur dans le d\u00e9lai susmentionn\u00e9.<\/p>\n<p>Apr\u00e8s avoir re\u00e7u des marchandises retourn\u00e9es, la boutique en ligne retournera imm\u00e9diatement \u00e0 l&rsquo;acheteur, mais au plus tard 14 jours apr\u00e8s r\u00e9ception de la d\u00e9claration de r\u00e9tractation, tous les frais re\u00e7us de l&rsquo;acheteur par le contrat.<\/p>\n<p>La boutique en ligne peut refuser un remboursement jusqu&rsquo;\u00e0 ce que les marchandises aient \u00e9t\u00e9 retourn\u00e9es ou jusqu&rsquo;\u00e0 ce que l&rsquo;acheteur ait fourni la preuve qu&rsquo;il a retourn\u00e9 les marchandises, selon la premi\u00e8re \u00e9ventualit\u00e9.<\/p>\n<p>Si l&rsquo;acheteur a choisi un mode de livraison diff\u00e9rent du mode habituel propos\u00e9 par la boutique en ligne, la boutique en ligne n&rsquo;a pas \u00e0 rembourser au client le co\u00fbt sup\u00e9rieur au co\u00fbt associ\u00e9 au mode de livraison habituel.<\/p>\n<p>Le vendeur a le droit d&rsquo;annuler l&rsquo;ex\u00e9cution de la commande ou l&rsquo;achat effectu\u00e9 par l&rsquo;acheteur en informant l&rsquo;acheteur par e-mail avec le motif de l&rsquo;annulation (par exemple, le produit dans la boutique en ligne a un prix incorrect, etc.). Si le vendeur annule la commande ou l&rsquo;achat effectu\u00e9 par l&rsquo;acheteur, le co\u00fbt de la commande\/achat sera rembours\u00e9.<\/p>\n<p>&nbsp;<\/p>\n<p><strong>Le droit de r\u00e9clamer<\/strong><\/p>\n<p>La boutique en ligne est responsable de la non-conformit\u00e9 de la marchandise vendue \u00e0 l&rsquo;acheteur avec les conditions contractuelles ou d&rsquo;un d\u00e9faut qui existait d\u00e9j\u00e0 au moment de la remise de la marchandise et qui appara\u00eet dans un d\u00e9lai de deux ans \u00e0 compter de la remise de la marchandise au acheteur. Dans les six premiers mois \u00e0 compter de la livraison de la marchandise \u00e0 l&rsquo;acheteur, il est suppos\u00e9 que le d\u00e9faut \u00e9tait d\u00e9j\u00e0 pr\u00e9sent au moment de la livraison de la marchandise. Il appartient \u00e0 la boutique en ligne de r\u00e9futer la supposition correspondante.<\/p>\n<p>Apr\u00e8s avoir re\u00e7u des marchandises, veuillez v\u00e9rifier imm\u00e9diatement l&#8217;emballage du produit. Les dommages au colis doivent \u00eatre document\u00e9s imm\u00e9diatement. Si des dommages ne sont pas constat\u00e9s, les r\u00e9clamations ult\u00e9rieures ne sont pas prises en compte.<\/p>\n<p>En cas de d\u00e9faut, l&rsquo;acheteur a le droit de contacter la boutique en ligne dans un d\u00e9lai de deux mois au plus tard en envoyant un e-mail \u00e0 support@grillsymbol.com ou en appelant le +44 1622 37 0862.<\/p>\n<p>La boutique en ligne n&rsquo;est pas responsable des d\u00e9fauts survenus apr\u00e8s la remise de la marchandise \u00e0 l&rsquo;acheteur.<\/p>\n<p>Si les marchandises achet\u00e9es sur la boutique en ligne pr\u00e9sentent des d\u00e9fauts dont la boutique en ligne est responsable, la boutique en ligne r\u00e9parera ou remplacera les marchandises d\u00e9fectueuses. S&rsquo;il n&rsquo;est pas possible de r\u00e9parer ou de remplacer la marchandise, la boutique en ligne remboursera tous les frais associ\u00e9s au contrat de vente \u00e0 l&rsquo;acheteur.<\/p>\n<p>La boutique en ligne r\u00e9pond \u00e0 la r\u00e9clamation du client par \u00e9crit ou sous une forme permettant une reproduction \u00e9crite dans un d\u00e9lai de 15 jours.<\/p>\n<p>&nbsp;<\/p>\n<p><strong>Marketing direct et traitement des donn\u00e9es personnelles<\/strong><\/p>\n<p>La boutique en ligne utilise les donn\u00e9es personnelles saisies par l&rsquo;acheteur uniquement pour traiter la commande et envoyer la marchandise \u00e0 l&rsquo;acheteur. La boutique en ligne transf\u00e8re les donn\u00e9es personnelles \u00e0 la soci\u00e9t\u00e9 fournissant le service de transport afin de livrer la marchandise \u00e0 l&rsquo;acheteur.<\/p>\n<p>La boutique en ligne envoie des newsletters et des offres \u00e0 l&rsquo;acheteur \u00e0 l&rsquo;adresse e-mail de l&rsquo;acheteur uniquement si l&rsquo;acheteur a exprim\u00e9 son souhait de le faire en saisissant une adresse e-mail sur le site Web et a indiqu\u00e9 son souhait de recevoir des notifications par publipostage.<\/p>\n<p>L&rsquo;acheteur peut \u00e0 tout moment se d\u00e9sabonner des offres et des newsletters envoy\u00e9es par e-mail en nous le notifiant par e-mail ou en suivant les instructions dans l&rsquo;e-mail contenant les offres.<\/p>\n<p>&nbsp;<\/p>\n<p><strong>R\u00e9soudre des arguments<\/strong><\/p>\n<p>Si l&rsquo;acheteur a des r\u00e9clamations concernant la boutique en ligne, celles-ci doivent \u00eatre envoy\u00e9es \u00e0 info@grillsymbol.com.<br \/>\nSi l&rsquo;acheteur et la boutique en ligne ne parviennent pas \u00e0 r\u00e9soudre le litige par accord, l&rsquo;acheteur peut contacter la commission des litiges de consommation. Vous pouvez consulter les conditions de proc\u00e9dure et soumettre une d\u00e9claration <strong>ici<\/strong>. La comp\u00e9tence de la Commission des litiges de consommation est de r\u00e9soudre les litiges d\u00e9coulant du contrat conclu entre l&rsquo;acheteur et la boutique en ligne. L&rsquo;examen de la plainte de l&rsquo;acheteur par la commission est gratuit.<br \/>\nL&rsquo;acheteur peut s&rsquo;adresser \u00e0 la <strong>plateforme<\/strong> de r\u00e8glement des litiges de consommation de l&rsquo;Union Europ\u00e9enne.<\/p>\n<p>Le responsable du traitement des donn\u00e9es personnelles est GrillSymbol O\u00dc.<\/p>\n","protected":false},"excerpt":{"rendered":"<p>Le propri\u00e9taire de la boutique en ligne GrillSymbol (ci-apr\u00e8s le vendeur) est GrillSymbol O\u00dc (code d&rsquo;enregistrement 11517077). Si\u00e8ge social : Rue Suur-S\u00f5jam\u00e4e 19a, Tallinn, Harjumaa, 11415. Adresse du courrier \u00e9lectronique : info@grillsymbol.com En acceptant les conditions, l&rsquo;acheteur confirme qu&rsquo;il a lu les conditions g\u00e9n\u00e9rales de vente, les accepte et les respecte. &nbsp; &nbsp; La validit\u00e9 [&hellip;]<\/p>\n","protected":false},"author":1,"featured_media":0,"parent":0,"menu_order":0,"comment_status":"closed","ping_status":"closed","template":"","meta":{"footnotes":""},"class_list":["post-8594","page","type-page","status-publish","hentry"],"_links":{"self":[{"href":"https:\/\/www.grillsymbol.com\/fr\/wp-json\/wp\/v2\/pages\/8594","targetHints":{"allow":["GET"]}}],"collection":[{"href":"https:\/\/www.grillsymbol.com\/fr\/wp-json\/wp\/v2\/pages"}],"about":[{"href":"https:\/\/www.grillsymbol.com\/fr\/wp-json\/wp\/v2\/types\/page"}],"author":[{"embeddable":true,"href":"https:\/\/www.grillsymbol.com\/fr\/wp-json\/wp\/v2\/users\/1"}],"replies":[{"embeddable":true,"href":"https:\/\/www.grillsymbol.com\/fr\/wp-json\/wp\/v2\/comments?post=8594"}],"version-history":[{"count":0,"href":"https:\/\/www.grillsymbol.com\/fr\/wp-json\/wp\/v2\/pages\/8594\/revisions"}],"wp:attachment":[{"href":"https:\/\/www.grillsymbol.com\/fr\/wp-json\/wp\/v2\/media?parent=8594"}],"curies":[{"name":"wp","href":"https:\/\/api.w.org\/{rel}","templated":true}]}}