{"id":10085,"date":"2017-05-07T11:51:14","date_gmt":"2017-05-07T11:51:14","guid":{"rendered":"https:\/\/www.grillsymbol.com\/shop\/uncategorized\/grillsymbol-paella-skillet-stark-set-720\/"},"modified":"2026-01-17T14:32:43","modified_gmt":"2026-01-17T14:32:43","slug":"grillsymbol-poele-a-paella-sur-le-feu-stark-set-720-o-72-cm","status":"publish","type":"product","link":"https:\/\/www.grillsymbol.com\/fr\/shop\/poeles-wok-et-paella\/grillsymbol-poele-a-paella-sur-le-feu-stark-set-720-o-72-cm\/","title":{"rendered":"GrillSymbol Po\u00eale \u00e0 paella sur le feu Stark Set 720, \u00f8 72 cm"},"content":{"rendered":"<p><strong>Sp\u00e9cifications techniques:<\/strong><\/p>\n<p><strong>\u00a0<\/strong><\/p>\n<ul>\n<li>Diam\u00e8tre : 72 cm.<\/li>\n<li>Nombre de portions : 20<\/li>\n<li>Poids : la po\u00eale 10 kg.<\/li>\n<li>Mat\u00e9riau : acier de 3 mm.<\/li>\n<\/ul>\n<p>&nbsp;<\/p>\n<p>&nbsp;<\/p>\n<p>Le produit ne doit pas \u00eatre install\u00e9 sur une base en bois car le foyer deviendra chaud pendant le feu. Il y a des trous au fond du foyer d\\&rsquo;o\u00f9 peuvent tomber de petits morceaux de charbon. Les trous dans le fond fonctionnent comme des trous de drainage pour emp\u00eacher l\\&rsquo;eau stagnante de s\\&rsquo;accumuler \u00e0 l\\&rsquo;int\u00e9rieur du foyer.<\/p>\n","protected":false},"excerpt":{"rendered":"<p>Une po\u00eale <strong>en acier<\/strong> \u00e0 rebord haut avec de tr\u00e8s bonnes fonctionnalit\u00e9s de cuisson, parfaitement adapt\u00e9e \u00e0 faire frire, pr\u00e9parer de la viande, du poisson, des l\u00e9gumes et diff\u00e9rents plats de riz. La po\u00eale convient \u00e9galement \u00e0 faire de savoureuses cr\u00eapes. Utilisez votre imagination et faites cuire le plat de votre choix !<\/p>\n<p>La surface plat de la po\u00eale permet bien de cuire les aliments et de les garder au chaud. Cela rend impossible la situation o\u00f9 le liquide coule au centre d\\&rsquo;une po\u00eale et le reste des aliments se s\u00e8che. Le fond de la po\u00eale devient un peu creux en chauffant. Id\u00e9al pour une utilisation dans la cuisine ext\u00e9rieure, sur un feu de camp ou sur un br\u00fbleur \u00e0 gaz.<\/p>\n<p>Stark-720 peut \u00e9galement \u00eatre utilis\u00e9 comme foyer ext\u00e9rieur au bois.<\/p>\n<p>Les pieds peuvent \u00eatre d\u00e9tach\u00e9s pour un transport plus facile.<\/p>\n<p>&nbsp;<\/p>\n","protected":false},"featured_media":20674,"comment_status":"open","ping_status":"closed","template":"","meta":{"footnotes":""},"class_list":["post-10085","product","type-product","status-publish","has-post-thumbnail","hentry","product_cat-poeles-wok-et-paella"],"_links":{"self":[{"href":"https:\/\/www.grillsymbol.com\/fr\/wp-json\/wp\/v2\/product\/10085","targetHints":{"allow":["GET"]}}],"collection":[{"href":"https:\/\/www.grillsymbol.com\/fr\/wp-json\/wp\/v2\/product"}],"about":[{"href":"https:\/\/www.grillsymbol.com\/fr\/wp-json\/wp\/v2\/types\/product"}],"replies":[{"embeddable":true,"href":"https:\/\/www.grillsymbol.com\/fr\/wp-json\/wp\/v2\/comments?post=10085"}],"version-history":[{"count":0,"href":"https:\/\/www.grillsymbol.com\/fr\/wp-json\/wp\/v2\/product\/10085\/revisions"}],"wp:featuredmedia":[{"embeddable":true,"href":"https:\/\/www.grillsymbol.com\/fr\/wp-json\/wp\/v2\/media\/20674"}],"wp:attachment":[{"href":"https:\/\/www.grillsymbol.com\/fr\/wp-json\/wp\/v2\/media?parent=10085"}],"curies":[{"name":"wp","href":"https:\/\/api.w.org\/{rel}","templated":true}]}}