{"id":10241,"date":"2017-04-11T07:06:20","date_gmt":"2017-04-11T07:06:20","guid":{"rendered":"https:\/\/www.grillsymbol.com\/shop\/uncategorized\/grillsymbol-paella-skillet-stark-set-460grillsymbol-paella-skillet-stark-set-460\/"},"modified":"2026-03-26T15:20:23","modified_gmt":"2026-03-26T15:20:23","slug":"grillsymbol-poele-a-paella-sur-le-feu-stark-set-460-o-46-cm","status":"publish","type":"product","link":"https:\/\/www.grillsymbol.com\/fr\/shop\/poeles-wok-et-paella\/grillsymbol-poele-a-paella-sur-le-feu-stark-set-460-o-46-cm\/","title":{"rendered":"GrillSymbol Po\u00eale \u00e0 paella sur le feu Stark Set 460, \u00f8 46 cm"},"content":{"rendered":"<p><strong>Sp\u00e9cifications techniques:<\/strong><\/p>\n<p><strong>\u00a0<\/strong><\/p>\n<ul>\n<li>Diam\u00e8tre : 46 cm.<\/li>\n<li>Diam\u00e8tre du fond : 38 cm.<\/li>\n<li>Nombre de portions : 6-12 (capacit\u00e9 jusqu&rsquo;au bord de la po\u00eale : 6 litres).<\/li>\n<li>Hauteur du bord de la po\u00eale : 5 cm.<\/li>\n<li>Poids : 4,5 kg.<\/li>\n<li>Mat\u00e9riau : acier de 3 mm.<\/li>\n<li>Hauteur des pieds : 30 cm.<\/li>\n<\/ul>\n<p>&nbsp;<\/p>\n<p>Le produit ne doit pas \u00eatre install\u00e9 sur une base en bois car le foyer deviendra chaud pendant le feu. Il y a des trous au fond du foyer d&rsquo;o\u00f9 peuvent tomber de petits morceaux de charbon. Les trous dans le fond fonctionnent comme des trous de drainage pour emp\u00eacher l&rsquo;eau stagnante de s&rsquo;accumuler \u00e0 l&rsquo;int\u00e9rieur du foyer.<\/p>\n","protected":false},"excerpt":{"rendered":"<p><strong>La po\u00eale en acier \u00e0 rebord haut<\/strong> avec les pieds amovibles pour une utilisation sur un feu de camp. Pour une personne qui aime la nature et qui aime cuisiner sur le feu de camp. Les trois pieds de la po\u00eale forment un plan, ce qui permet \u00e0 la po\u00eale d&rsquo;\u00eatre install\u00e9e de mani\u00e8re stable m\u00eame sur un terrain accident\u00e9.<\/p>\n<p>&nbsp;<\/p>\n<p>La po\u00eale a de tr\u00e8s bonnes fonctionnalit\u00e9s de cuisson, parfaitement adapt\u00e9e \u00e0 faire frire, pr\u00e9parer de la viande, du poisson, des l\u00e9gumes et diff\u00e9rents plats de riz. La po\u00eale convient \u00e9galement \u00e0 faire de savoureuses cr\u00eapes. La capacit\u00e9 de la po\u00eale peut \u00eatre jusqu&rsquo;\u00e0 6 litres en raison du rebord haut, ce qui vous permet de faire m\u00eame des rago\u00fbts sur un feu. Utilisez votre imagination et faites cuire le plat de votre choix !<\/p>\n<p>&nbsp;<\/p>\n","protected":false},"featured_media":20622,"comment_status":"open","ping_status":"closed","template":"","meta":{"footnotes":""},"class_list":["post-10241","product","type-product","status-publish","has-post-thumbnail","hentry","product_cat-poeles-wok-et-paella"],"_links":{"self":[{"href":"https:\/\/www.grillsymbol.com\/fr\/wp-json\/wp\/v2\/product\/10241","targetHints":{"allow":["GET"]}}],"collection":[{"href":"https:\/\/www.grillsymbol.com\/fr\/wp-json\/wp\/v2\/product"}],"about":[{"href":"https:\/\/www.grillsymbol.com\/fr\/wp-json\/wp\/v2\/types\/product"}],"replies":[{"embeddable":true,"href":"https:\/\/www.grillsymbol.com\/fr\/wp-json\/wp\/v2\/comments?post=10241"}],"version-history":[{"count":0,"href":"https:\/\/www.grillsymbol.com\/fr\/wp-json\/wp\/v2\/product\/10241\/revisions"}],"wp:featuredmedia":[{"embeddable":true,"href":"https:\/\/www.grillsymbol.com\/fr\/wp-json\/wp\/v2\/media\/20622"}],"wp:attachment":[{"href":"https:\/\/www.grillsymbol.com\/fr\/wp-json\/wp\/v2\/media?parent=10241"}],"curies":[{"name":"wp","href":"https:\/\/api.w.org\/{rel}","templated":true}]}}