{"id":10252,"date":"2017-04-11T06:58:45","date_gmt":"2017-04-11T06:58:45","guid":{"rendered":"https:\/\/www.grillsymbol.com\/shop\/uncategorized\/legs-for-gas-burner\/"},"modified":"2021-12-25T11:18:53","modified_gmt":"2021-12-25T11:18:53","slug":"grillsymbol-pieds-longs-pour-kit-pro-460-ou-bruleur-o-30-cm","status":"publish","type":"product","link":"https:\/\/www.grillsymbol.com\/fr\/shop\/accessoires-et-couvercles-de-paella\/grillsymbol-pieds-longs-pour-kit-pro-460-ou-bruleur-o-30-cm\/","title":{"rendered":"GrillSymbol Pieds longs pour kit PRO-460 ou br\u00fbleur \u00f8 30 cm"},"content":{"rendered":"<ul>\n<li>Profil X tr\u00e8s stable.<\/li>\n<li>Hauteur : 70-80 cm (la hauteur d\u00e9pend du diam\u00e8tre du br\u00fbleur).<\/li>\n<li>Diam\u00e8tre du pied : 20 mm.<\/li>\n<li>Couleur : gris.<\/li>\n<li>L&rsquo;ensemble contient 3 pieds.<\/li>\n<\/ul>\n","protected":false},"excerpt":{"rendered":"<p>Pieds pour le br\u00fbleur \u00e0 gaz d&rsquo;un diam\u00e8tre de 30 cm. Convient \u00e9galement aux mod\u00e8les PRO-460 \/ 460 inox.<\/p>\n<p>&nbsp;<\/p>\n","protected":false},"featured_media":13712,"comment_status":"open","ping_status":"closed","template":"","meta":{"footnotes":""},"class_list":["post-10252","product","type-product","status-publish","has-post-thumbnail","hentry","product_cat-accessoires-et-couvercles-de-paella"],"_links":{"self":[{"href":"https:\/\/www.grillsymbol.com\/fr\/wp-json\/wp\/v2\/product\/10252","targetHints":{"allow":["GET"]}}],"collection":[{"href":"https:\/\/www.grillsymbol.com\/fr\/wp-json\/wp\/v2\/product"}],"about":[{"href":"https:\/\/www.grillsymbol.com\/fr\/wp-json\/wp\/v2\/types\/product"}],"replies":[{"embeddable":true,"href":"https:\/\/www.grillsymbol.com\/fr\/wp-json\/wp\/v2\/comments?post=10252"}],"version-history":[{"count":0,"href":"https:\/\/www.grillsymbol.com\/fr\/wp-json\/wp\/v2\/product\/10252\/revisions"}],"wp:featuredmedia":[{"embeddable":true,"href":"https:\/\/www.grillsymbol.com\/fr\/wp-json\/wp\/v2\/media\/13712"}],"wp:attachment":[{"href":"https:\/\/www.grillsymbol.com\/fr\/wp-json\/wp\/v2\/media?parent=10252"}],"curies":[{"name":"wp","href":"https:\/\/api.w.org\/{rel}","templated":true}]}}