{"id":10318,"date":"2017-04-11T06:58:22","date_gmt":"2017-04-11T06:58:22","guid":{"rendered":"https:\/\/www.grillsymbol.com\/shop\/uncategorized\/grillsymbol-splashguard-960\/"},"modified":"2021-12-25T11:16:16","modified_gmt":"2021-12-25T11:16:16","slug":"grillsymbol-plaque-anti-projections-pour-le-modele-pro-960-inox","status":"publish","type":"product","link":"https:\/\/www.grillsymbol.com\/fr\/shop\/accessoires-et-couvercles-de-paella\/grillsymbol-plaque-anti-projections-pour-le-modele-pro-960-inox\/","title":{"rendered":"GrillSymbol Plaque anti-projections pour le mod\u00e8le PRO-960 (inox)"},"content":{"rendered":"<p><strong>Sp\u00e9cifications techniques :<\/strong><\/p>\n<p>&nbsp;<\/p>\n<ul>\n<li>Mat\u00e9riau : acier inoxydable de 1 mm.<\/li>\n<li>Se fixe sur les poign\u00e9es de la po\u00eale.<\/li>\n<li>L\u00e9ger, plastique, facile \u00e0 nettoyer.<\/li>\n<li>Convient aux mod\u00e8les Pro-960 \/ Pro-960 inox \/ Pro-960 light et Basic-960.<\/li>\n<\/ul>\n","protected":false},"excerpt":{"rendered":"<p>Un pare-\u00e9claboussures prot\u00e8ge les clients des \u00e9claboussures de graisse. Le pare-\u00e9claboussures offre \u00e9galement une protection contre le vent froid qui pourrait refroidir les aliments sur la po\u00eale.<\/p>\n<p>&nbsp;<\/p>\n","protected":false},"featured_media":4302,"comment_status":"open","ping_status":"closed","template":"","meta":{"footnotes":""},"class_list":["post-10318","product","type-product","status-publish","has-post-thumbnail","hentry","product_cat-accessoires-et-couvercles-de-paella"],"_links":{"self":[{"href":"https:\/\/www.grillsymbol.com\/fr\/wp-json\/wp\/v2\/product\/10318","targetHints":{"allow":["GET"]}}],"collection":[{"href":"https:\/\/www.grillsymbol.com\/fr\/wp-json\/wp\/v2\/product"}],"about":[{"href":"https:\/\/www.grillsymbol.com\/fr\/wp-json\/wp\/v2\/types\/product"}],"replies":[{"embeddable":true,"href":"https:\/\/www.grillsymbol.com\/fr\/wp-json\/wp\/v2\/comments?post=10318"}],"version-history":[{"count":0,"href":"https:\/\/www.grillsymbol.com\/fr\/wp-json\/wp\/v2\/product\/10318\/revisions"}],"wp:featuredmedia":[{"embeddable":true,"href":"https:\/\/www.grillsymbol.com\/fr\/wp-json\/wp\/v2\/media\/4302"}],"wp:attachment":[{"href":"https:\/\/www.grillsymbol.com\/fr\/wp-json\/wp\/v2\/media?parent=10318"}],"curies":[{"name":"wp","href":"https:\/\/api.w.org\/{rel}","templated":true}]}}