{"id":10344,"date":"2017-04-11T06:58:00","date_gmt":"2017-04-11T06:58:00","guid":{"rendered":"https:\/\/www.grillsymbol.com\/shop\/uncategorized\/bag-for-460-set\/"},"modified":"2021-12-25T11:08:17","modified_gmt":"2021-12-25T11:08:17","slug":"grillsymbol-sac-de-transport-pour-le-modele-pro-460-pro-450","status":"publish","type":"product","link":"https:\/\/www.grillsymbol.com\/fr\/shop\/accessoires-et-couvercles-de-paella\/grillsymbol-sac-de-transport-pour-le-modele-pro-460-pro-450\/","title":{"rendered":"GrillSymbol Sac de transport pour le mod\u00e8le PRO-460 \/ PRO-450"},"content":{"rendered":"<p><strong>Sp\u00e9cifications techniques :<\/strong><\/p>\n<p><strong>\u00a0<\/strong><\/p>\n<ul>\n<li>Mat\u00e9riel : tissu PVC.<\/li>\n<li>Couleur : noir.<\/li>\n<li>Compartiments s\u00e9par\u00e9s pour une po\u00eale, un br\u00fbleur \u00e0 gaz et des pieds.<\/li>\n<li>Convient aux mod\u00e8les Pro 460\/ Pro 460 inox.<\/li>\n<\/ul>\n","protected":false},"excerpt":{"rendered":"<p>Un sac de transport confortable en tissu pour transporter une po\u00eale ou un ensemble de po\u00eales.<\/p>\n<p>&nbsp;<\/p>\n","protected":false},"featured_media":4293,"comment_status":"open","ping_status":"closed","template":"","meta":{"footnotes":""},"class_list":["post-10344","product","type-product","status-publish","has-post-thumbnail","hentry","product_cat-accessoires-et-couvercles-de-paella"],"_links":{"self":[{"href":"https:\/\/www.grillsymbol.com\/fr\/wp-json\/wp\/v2\/product\/10344","targetHints":{"allow":["GET"]}}],"collection":[{"href":"https:\/\/www.grillsymbol.com\/fr\/wp-json\/wp\/v2\/product"}],"about":[{"href":"https:\/\/www.grillsymbol.com\/fr\/wp-json\/wp\/v2\/types\/product"}],"replies":[{"embeddable":true,"href":"https:\/\/www.grillsymbol.com\/fr\/wp-json\/wp\/v2\/comments?post=10344"}],"version-history":[{"count":0,"href":"https:\/\/www.grillsymbol.com\/fr\/wp-json\/wp\/v2\/product\/10344\/revisions"}],"wp:featuredmedia":[{"embeddable":true,"href":"https:\/\/www.grillsymbol.com\/fr\/wp-json\/wp\/v2\/media\/4293"}],"wp:attachment":[{"href":"https:\/\/www.grillsymbol.com\/fr\/wp-json\/wp\/v2\/media?parent=10344"}],"curies":[{"name":"wp","href":"https:\/\/api.w.org\/{rel}","templated":true}]}}