{"id":10359,"date":"2017-04-11T06:57:45","date_gmt":"2017-04-11T06:57:45","guid":{"rendered":"https:\/\/www.grillsymbol.com\/shop\/uncategorized\/grillsymbol-cover-for-580-set\/"},"modified":"2025-07-26T16:04:07","modified_gmt":"2025-07-26T16:04:07","slug":"grillsymbol-housse-de-poele-en-tissu-pourpro-580-545-basic-580","status":"publish","type":"product","link":"https:\/\/www.grillsymbol.com\/fr\/shop\/accessoires-et-couvercles-de-paella\/grillsymbol-housse-de-poele-en-tissu-pourpro-580-545-basic-580\/","title":{"rendered":"GrillSymbol Housse de po\u00eale en tissu pourPRO-580\/ 545\/Basic-580"},"content":{"rendered":"<ul>\n<li>Mat\u00e9riel : tissu PVC.<\/li>\n<li>Couleur : noir.<\/li>\n<li>Dans l&rsquo;extr\u00e9mit\u00e9 inf\u00e9rieure, il y a une ficelle pour le serrage.<\/li>\n<li>La housse a son propre emballage.<\/li>\n<\/ul>\n","protected":false},"excerpt":{"rendered":"<p>Housse de po\u00eale. Elle prot\u00e8ge une po\u00eale contre l&rsquo;humidit\u00e9 et la poussi\u00e8re. Convient aux mod\u00e8les PRO-580 \/ PRO-580 inox \/ PRO-545 \/ Basic-580.<\/p>\n<p>&nbsp;<\/p>\n","protected":false},"featured_media":10360,"comment_status":"open","ping_status":"closed","template":"","meta":{"footnotes":""},"class_list":["post-10359","product","type-product","status-publish","has-post-thumbnail","hentry","product_cat-accessoires-et-couvercles-de-paella"],"_links":{"self":[{"href":"https:\/\/www.grillsymbol.com\/fr\/wp-json\/wp\/v2\/product\/10359","targetHints":{"allow":["GET"]}}],"collection":[{"href":"https:\/\/www.grillsymbol.com\/fr\/wp-json\/wp\/v2\/product"}],"about":[{"href":"https:\/\/www.grillsymbol.com\/fr\/wp-json\/wp\/v2\/types\/product"}],"replies":[{"embeddable":true,"href":"https:\/\/www.grillsymbol.com\/fr\/wp-json\/wp\/v2\/comments?post=10359"}],"version-history":[{"count":0,"href":"https:\/\/www.grillsymbol.com\/fr\/wp-json\/wp\/v2\/product\/10359\/revisions"}],"wp:featuredmedia":[{"embeddable":true,"href":"https:\/\/www.grillsymbol.com\/fr\/wp-json\/wp\/v2\/media\/10360"}],"wp:attachment":[{"href":"https:\/\/www.grillsymbol.com\/fr\/wp-json\/wp\/v2\/media?parent=10359"}],"curies":[{"name":"wp","href":"https:\/\/api.w.org\/{rel}","templated":true}]}}