{"id":10364,"date":"2017-04-11T07:04:17","date_gmt":"2017-04-11T07:04:17","guid":{"rendered":"https:\/\/www.grillsymbol.com\/shop\/uncategorized\/grillsymbol-paella-wok-solution-pro-915\/"},"modified":"2021-12-25T07:30:07","modified_gmt":"2021-12-25T07:30:07","slug":"grillsymbol-poele-wok-adaptateur-915","status":"publish","type":"product","link":"https:\/\/www.grillsymbol.com\/fr\/shop\/poeles-wok-et-paella\/grillsymbol-poele-wok-adaptateur-915\/","title":{"rendered":"GrillSymbol Po\u00eale wok adaptateur 915"},"content":{"rendered":"<p><strong>Sp\u00e9cifications techniques:<\/strong><\/p>\n<p><strong>\u00a0<\/strong><\/p>\n<ul>\n<li>Diam\u00e8tre : 91,5 cm.<\/li>\n<li>Nombre de portions : 50<\/li>\n<li>Profondeur : 12 cm.<\/li>\n<li>Poids : la po\u00eale 28 kg.<\/li>\n<li>Mat\u00e9riau : acier de 5 mm.<\/li>\n<li>L&rsquo;adaptateur est inclus dans l&rsquo;ensemble.<\/li>\n<\/ul>\n","protected":false},"excerpt":{"rendered":"<p>\u00c0 l&rsquo;aide de la Wok-adaptateur 915, il est possible d&rsquo;utiliser une po\u00eale \u00e0 paella comme un ensemble wok. L&rsquo;adaptateur qui appartient \u00e0 l&rsquo;ensemble augmente la protection contre le vent. Convient aux mod\u00e8les PRO 960\/ PRO 960 inox\/ PRO 960 light.<\/p>\n<p>Principalement pour faire des plats au wok et des frites. En raison de sa grande capacit\u00e9, il convient principalement aux traiteurs, aux entreprises de restauration et aux restaurants.<\/p>\n<p>&nbsp;<\/p>\n","protected":false},"featured_media":15873,"comment_status":"open","ping_status":"closed","template":"","meta":{"footnotes":""},"class_list":["post-10364","product","type-product","status-publish","has-post-thumbnail","hentry","product_cat-poeles-wok-et-paella"],"_links":{"self":[{"href":"https:\/\/www.grillsymbol.com\/fr\/wp-json\/wp\/v2\/product\/10364","targetHints":{"allow":["GET"]}}],"collection":[{"href":"https:\/\/www.grillsymbol.com\/fr\/wp-json\/wp\/v2\/product"}],"about":[{"href":"https:\/\/www.grillsymbol.com\/fr\/wp-json\/wp\/v2\/types\/product"}],"replies":[{"embeddable":true,"href":"https:\/\/www.grillsymbol.com\/fr\/wp-json\/wp\/v2\/comments?post=10364"}],"version-history":[{"count":0,"href":"https:\/\/www.grillsymbol.com\/fr\/wp-json\/wp\/v2\/product\/10364\/revisions"}],"wp:featuredmedia":[{"embeddable":true,"href":"https:\/\/www.grillsymbol.com\/fr\/wp-json\/wp\/v2\/media\/15873"}],"wp:attachment":[{"href":"https:\/\/www.grillsymbol.com\/fr\/wp-json\/wp\/v2\/media?parent=10364"}],"curies":[{"name":"wp","href":"https:\/\/api.w.org\/{rel}","templated":true}]}}