{"id":10408,"date":"2017-04-11T07:03:38","date_gmt":"2017-04-11T07:03:38","guid":{"rendered":"https:\/\/www.grillsymbol.com\/shop\/uncategorized\/grillsymbol-paella-wok-solution-pro-675\/"},"modified":"2021-12-25T07:26:21","modified_gmt":"2021-12-25T07:26:21","slug":"grillsymbol-poele-wok-adaptateur-675","status":"publish","type":"product","link":"https:\/\/www.grillsymbol.com\/fr\/shop\/poeles-wok-et-paella\/grillsymbol-poele-wok-adaptateur-675\/","title":{"rendered":"GrillSymbol Po\u00eale wok adaptateur 675"},"content":{"rendered":"<p><strong>Sp\u00e9cifications techniques:<\/strong><\/p>\n<p><strong>\u00a0<\/strong><\/p>\n<ul>\n<li>Diam\u00e8tre : 67,5 cm.<\/li>\n<li>Nombre de portions : 25<\/li>\n<li>Profondeur : 11 cm.<\/li>\n<li>Poids : 14 kg.<\/li>\n<li>Mat\u00e9riau : acier de 4 mm.<\/li>\n<li>L&rsquo;adaptateur est inclus dans l&rsquo;ensemble.<\/li>\n<li>GrillSymbol &#8211; Entreprise familiale depuis 1925.<\/li>\n<\/ul>\n","protected":false},"excerpt":{"rendered":"<p>\u00c0 l&rsquo;aide de la Wok-adaptateur 675, il est possible d&rsquo;utiliser une po\u00eale \u00e0 paella comme un ensemble wok. L&rsquo;adaptateur qui appartient \u00e0 l&rsquo;ensemble augmente la protection contre le vent. Convient aux mod\u00e8les PRO 720\/ PRO 720 inox.<\/p>\n<p>La po\u00eale \u00e0 wok en acier profond <strong>avec fond convexe<\/strong> est principalement destin\u00e9 \u00e0 la pr\u00e9paration de plats asiatiques. Elle a de tr\u00e8s bonnes fonctionnements de cuisson. Diff\u00e9rents woks, soupes, comme Tom Kha, Tom Yum, et bien d&rsquo;autres plats peuvent \u00eatre pr\u00e9par\u00e9s rapidement gr\u00e2ce \u00e0 un puissant br\u00fbleur \u00e0 gaz. La poele \u00e0 wok de 67 cm \u00e9tant <strong>plus efficace et plus rapide que la plupart des friteuses<\/strong>, elle convient parfaitement \u00e0 la friture &#8211; rouleaux de printemps, tempura, fish and chips, falafels, ailes de poulet, rondelles d&rsquo;oignon et de calamars, etc.<\/p>\n<p>&nbsp;<\/p>\n","protected":false},"featured_media":15897,"comment_status":"open","ping_status":"closed","template":"","meta":{"footnotes":""},"class_list":["post-10408","product","type-product","status-publish","has-post-thumbnail","hentry","product_cat-poeles-wok-et-paella"],"_links":{"self":[{"href":"https:\/\/www.grillsymbol.com\/fr\/wp-json\/wp\/v2\/product\/10408","targetHints":{"allow":["GET"]}}],"collection":[{"href":"https:\/\/www.grillsymbol.com\/fr\/wp-json\/wp\/v2\/product"}],"about":[{"href":"https:\/\/www.grillsymbol.com\/fr\/wp-json\/wp\/v2\/types\/product"}],"replies":[{"embeddable":true,"href":"https:\/\/www.grillsymbol.com\/fr\/wp-json\/wp\/v2\/comments?post=10408"}],"version-history":[{"count":0,"href":"https:\/\/www.grillsymbol.com\/fr\/wp-json\/wp\/v2\/product\/10408\/revisions"}],"wp:featuredmedia":[{"embeddable":true,"href":"https:\/\/www.grillsymbol.com\/fr\/wp-json\/wp\/v2\/media\/15897"}],"wp:attachment":[{"href":"https:\/\/www.grillsymbol.com\/fr\/wp-json\/wp\/v2\/media?parent=10408"}],"curies":[{"name":"wp","href":"https:\/\/api.w.org\/{rel}","templated":true}]}}