{"id":10515,"date":"2017-04-11T07:01:33","date_gmt":"2017-04-11T07:01:33","guid":{"rendered":"https:\/\/www.grillsymbol.com\/shop\/uncategorized\/grillsymbol-indoor-and-outdoor-paella-gas-burner-7-kw\/"},"modified":"2026-01-13T16:08:30","modified_gmt":"2026-01-13T16:08:30","slug":"grillsymbol-bruleur-a-paella-pour-linterieur-et-lexterieur-ib300-o-30-cm-7kw","status":"publish","type":"product","link":"https:\/\/www.grillsymbol.com\/fr\/shop\/bruleurs-a-paella\/grillsymbol-bruleur-a-paella-pour-linterieur-et-lexterieur-ib300-o-30-cm-7kw\/","title":{"rendered":"GrillSymbol Br\u00fbleur \u00e0 paella pour l\\&rsquo;int\u00e9rieur et l\\&rsquo;ext\u00e9rieur IB300, \u00f8 30 cm-7kW"},"content":{"rendered":"<ul>\n<li>Br\u00fbleur : 7 kw, diam\u00e8tre 30 cm.<\/li>\n<li>Consommation de gaz \u00e0 pleine capacit\u00e9 : 0,7 kg \/ h. Dans les conditions habituelles : 0,2-0,4 kg \/ h.<\/li>\n<li>Le br\u00fbleur est \u00e9quip\u00e9 de capteurs thermiques qui coupent le courant de gaz lorsque la flamme s\\&rsquo;\u00e9teint.<\/li>\n<li>Autoris\u00e9 \u00e0 utiliser \u00e0 l\\&rsquo;int\u00e9rieur.<\/li>\n<\/ul>\n","protected":false},"excerpt":{"rendered":"<p>Br\u00fbleur \u00e0 gaz pour une utilisation \u00e0 l\\&rsquo;int\u00e9rieur et \u00e0 l\\&rsquo;ext\u00e9rieur. Id\u00e9al dans une maison de barbecue!<\/p>\n<p>&nbsp;<\/p>\n","protected":false},"featured_media":4386,"comment_status":"open","ping_status":"closed","template":"","meta":{"footnotes":""},"class_list":["post-10515","product","type-product","status-publish","has-post-thumbnail","hentry","product_cat-bruleurs-a-paella"],"_links":{"self":[{"href":"https:\/\/www.grillsymbol.com\/fr\/wp-json\/wp\/v2\/product\/10515","targetHints":{"allow":["GET"]}}],"collection":[{"href":"https:\/\/www.grillsymbol.com\/fr\/wp-json\/wp\/v2\/product"}],"about":[{"href":"https:\/\/www.grillsymbol.com\/fr\/wp-json\/wp\/v2\/types\/product"}],"replies":[{"embeddable":true,"href":"https:\/\/www.grillsymbol.com\/fr\/wp-json\/wp\/v2\/comments?post=10515"}],"version-history":[{"count":0,"href":"https:\/\/www.grillsymbol.com\/fr\/wp-json\/wp\/v2\/product\/10515\/revisions"}],"wp:featuredmedia":[{"embeddable":true,"href":"https:\/\/www.grillsymbol.com\/fr\/wp-json\/wp\/v2\/media\/4386"}],"wp:attachment":[{"href":"https:\/\/www.grillsymbol.com\/fr\/wp-json\/wp\/v2\/media?parent=10515"}],"curies":[{"name":"wp","href":"https:\/\/api.w.org\/{rel}","templated":true}]}}