{"id":10544,"date":"2017-04-11T06:55:07","date_gmt":"2017-04-11T06:55:07","guid":{"rendered":"https:\/\/www.grillsymbol.com\/shop\/uncategorized\/grillsymbol-wok-pan-wp-675\/"},"modified":"2021-12-25T10:40:24","modified_gmt":"2021-12-25T10:40:24","slug":"grillsymbol-poele-wok-wp-675-o-67-cm","status":"publish","type":"product","link":"https:\/\/www.grillsymbol.com\/fr\/shop\/poeles-wok-et-paella\/grillsymbol-poele-wok-wp-675-o-67-cm\/","title":{"rendered":"GrillSymbol Po\u00eale wok WP-675, \u00f8 67 cm"},"content":{"rendered":"<p><strong>Sp\u00e9cifications techniques:<\/strong><\/p>\n<p><strong>\u00a0<\/strong><\/p>\n<ul>\n<li>Diam\u00e8tre : 67,5 cm.<\/li>\n<li>Nombre de portions : 25<\/li>\n<li>Profondeur : 11 cm.<\/li>\n<li>Poids : 14 kg.<\/li>\n<li>Mat\u00e9riau : acier de 4 mm.<\/li>\n<\/ul>\n","protected":false},"excerpt":{"rendered":"<p>Id\u00e9al pour une utilisation dans la cuisine ext\u00e9rieure, sur un feu de camp ou sur un br\u00fbleur \u00e0 gaz.<\/p>\n<p>&nbsp;<\/p>\n","protected":false},"featured_media":15865,"comment_status":"open","ping_status":"closed","template":"","meta":{"footnotes":""},"class_list":["post-10544","product","type-product","status-publish","has-post-thumbnail","hentry","product_cat-poeles-wok-et-paella"],"_links":{"self":[{"href":"https:\/\/www.grillsymbol.com\/fr\/wp-json\/wp\/v2\/product\/10544","targetHints":{"allow":["GET"]}}],"collection":[{"href":"https:\/\/www.grillsymbol.com\/fr\/wp-json\/wp\/v2\/product"}],"about":[{"href":"https:\/\/www.grillsymbol.com\/fr\/wp-json\/wp\/v2\/types\/product"}],"replies":[{"embeddable":true,"href":"https:\/\/www.grillsymbol.com\/fr\/wp-json\/wp\/v2\/comments?post=10544"}],"version-history":[{"count":0,"href":"https:\/\/www.grillsymbol.com\/fr\/wp-json\/wp\/v2\/product\/10544\/revisions"}],"wp:featuredmedia":[{"embeddable":true,"href":"https:\/\/www.grillsymbol.com\/fr\/wp-json\/wp\/v2\/media\/15865"}],"wp:attachment":[{"href":"https:\/\/www.grillsymbol.com\/fr\/wp-json\/wp\/v2\/media?parent=10544"}],"curies":[{"name":"wp","href":"https:\/\/api.w.org\/{rel}","templated":true}]}}