{"id":10569,"date":"2017-04-11T06:54:54","date_gmt":"2017-04-11T06:54:54","guid":{"rendered":"https:\/\/www.grillsymbol.com\/shop\/uncategorized\/grillsymbol-wok-pan-wp-915\/"},"modified":"2021-12-25T10:41:53","modified_gmt":"2021-12-25T10:41:53","slug":"grillsymbol-poele-wok-wp-915-o-91-cm","status":"publish","type":"product","link":"https:\/\/www.grillsymbol.com\/fr\/shop\/poeles-wok-et-paella\/grillsymbol-poele-wok-wp-915-o-91-cm\/","title":{"rendered":"GrillSymbol Po\u00eale wok WP-915, \u00f8 91 cm"},"content":{"rendered":"<p><strong>Sp\u00e9cifications techniques:<\/strong><\/p>\n<p><strong>\u00a0<\/strong><\/p>\n<ul>\n<li>Diam\u00e8tre : 91,5 cm.<\/li>\n<li>Nombre de portions : 50<\/li>\n<li>Profondeur : 12 cm.<\/li>\n<li>Poids : 32 kg.<\/li>\n<li>Mat\u00e9riau : acier de 5 mm.<\/li>\n<\/ul>\n","protected":false},"excerpt":{"rendered":"<p>Principalement pour faire des plats au wok et des frites. En raison de sa grande capacit\u00e9, il convient principalement aux traiteurs, aux entreprises de restauration et aux restaurants.<\/p>\n<p>&nbsp;<\/p>\n","protected":false},"featured_media":15891,"comment_status":"open","ping_status":"closed","template":"","meta":{"footnotes":""},"class_list":["post-10569","product","type-product","status-publish","has-post-thumbnail","hentry","product_cat-poeles-wok-et-paella"],"_links":{"self":[{"href":"https:\/\/www.grillsymbol.com\/fr\/wp-json\/wp\/v2\/product\/10569","targetHints":{"allow":["GET"]}}],"collection":[{"href":"https:\/\/www.grillsymbol.com\/fr\/wp-json\/wp\/v2\/product"}],"about":[{"href":"https:\/\/www.grillsymbol.com\/fr\/wp-json\/wp\/v2\/types\/product"}],"replies":[{"embeddable":true,"href":"https:\/\/www.grillsymbol.com\/fr\/wp-json\/wp\/v2\/comments?post=10569"}],"version-history":[{"count":0,"href":"https:\/\/www.grillsymbol.com\/fr\/wp-json\/wp\/v2\/product\/10569\/revisions"}],"wp:featuredmedia":[{"embeddable":true,"href":"https:\/\/www.grillsymbol.com\/fr\/wp-json\/wp\/v2\/media\/15891"}],"wp:attachment":[{"href":"https:\/\/www.grillsymbol.com\/fr\/wp-json\/wp\/v2\/media?parent=10569"}],"curies":[{"name":"wp","href":"https:\/\/api.w.org\/{rel}","templated":true}]}}