{"id":10582,"date":"2017-04-11T06:54:42","date_gmt":"2017-04-11T06:54:42","guid":{"rendered":"https:\/\/www.grillsymbol.com\/shop\/uncategorized\/grillsymbol-paella-gas-cooker-tw-960\/"},"modified":"2023-12-14T09:38:54","modified_gmt":"2023-12-14T09:38:54","slug":"grillsymbol-rechaud-a-paella-professionnel-exterieur-tw-960","status":"publish","type":"product","link":"https:\/\/www.grillsymbol.com\/fr\/shop\/bruleurs-a-paella\/grillsymbol-rechaud-a-paella-professionnel-exterieur-tw-960\/","title":{"rendered":"GrillSymbol R\u00e9chaud \u00e0 paella professionnel ext\u00e9rieur TW-960"},"content":{"rendered":"<p><strong>Le r\u00e9chaud \u00e0 gaz TW-960 est utilis\u00e9 par :<\/strong><\/p>\n<p><strong>\u00a0<\/strong><\/p>\n<ul>\n<li>Principalement les clients qui ont une po\u00eale de 90-100 cm de diam\u00e8tre et qui ont besoin d&rsquo;un ensemble sans po\u00eale.<\/li>\n<li>Traiteurs, restaurants.<\/li>\n<\/ul>\n<p><strong>\u00a0<\/strong><\/p>\n<p><strong>Sp\u00e9cifications techniques:<\/strong><\/p>\n<p><strong>\u00a0<\/strong><\/p>\n<ul>\n<li>Diam\u00e8tre : 86 cm.<\/li>\n<li>Hauteur : 85 cm.<\/li>\n<li>Poids : 22 kg.<\/li>\n<li>Br\u00fbleur : 21 kW, diam\u00e8tre : 600 mm.<\/li>\n<li>Les trois cercles du br\u00fbleur peuvent \u00eatre r\u00e9gl\u00e9s s\u00e9par\u00e9ment.<\/li>\n<li>Consommation de gaz \u00e0 pleine capacit\u00e9 : 1,5 kg \/ h. Dans les conditions habituelles : 0,5-1 kg \/ h.<\/li>\n<li>NB\u00a0! Le br\u00fbleur \u00e0 gaz dispose d&rsquo;un raccord gaz selon la norme fran\u00e7aise, belge ou suisse. La buse est assembl\u00e9e en usine selon la destination de la commande.<\/li>\n<li>Le br\u00fbleur a une allumage \u00e9lectrique du pile.<\/li>\n<li>Les pieds (71 cm) sont d\u00e9tachables et montables avec des boulons (papillon).<\/li>\n<li>Peut \u00eatre command\u00e9 avec des pieds de 10 cm (pour le placer sur une table ou sur une autre surface).<\/li>\n<li>Le r\u00e9ducteur et le tuyau de gaz ne sont pas inclus.<\/li>\n<li>CE 1336-10<\/li>\n<\/ul>\n<p>&nbsp;<\/p>\n<p><strong>Triple Windshield :<\/strong><\/p>\n<p>&nbsp;<\/p>\n<ul>\n<li>Triple Windshield &#8211; triple protection contre le vent.<\/li>\n<li>Triple Windshield &#8211; la chaleur est dirig\u00e9e directement sur la po\u00eale, elle ne se dissipe pas.<\/li>\n<li>Triple Windshield &#8211; diminution de la consommation de gaz.<\/li>\n<li>Click and Cook &#8211; allumer le feu avec une pile &#8211; oublier les allumettes.<\/li>\n<li>Cadre et pieds solides &#8211; le produit est stable.<\/li>\n<li>Pare-brise et pieds en acier inoxydable &#8211; ne rouillent pas et sont faciles \u00e0 entretenir.<\/li>\n<li>Pr\u00eat \u00e0 l&#8217;emploi &#8211; le produit est pr\u00e9-assembl\u00e9 et le montage ne prend que deux minutes.<\/li>\n<li>Test\u00e9 et d\u00e9velopp\u00e9 dans les pays nordiques, produit en Estonie.<\/li>\n<li>GrillSymbol &#8211; Entreprise familiale depuis 1925.<\/li>\n<\/ul>\n","protected":false},"excerpt":{"rendered":"<p>Un r\u00e9chaud \u00e0 gaz avec un br\u00fbleur tr\u00e8s puissant pour une utilisation ext\u00e9rieure.<\/p>\n<p>&nbsp;<\/p>\n","protected":false},"featured_media":16348,"comment_status":"open","ping_status":"closed","template":"","meta":{"footnotes":""},"class_list":["post-10582","product","type-product","status-publish","has-post-thumbnail","hentry","product_cat-bruleurs-a-paella"],"_links":{"self":[{"href":"https:\/\/www.grillsymbol.com\/fr\/wp-json\/wp\/v2\/product\/10582","targetHints":{"allow":["GET"]}}],"collection":[{"href":"https:\/\/www.grillsymbol.com\/fr\/wp-json\/wp\/v2\/product"}],"about":[{"href":"https:\/\/www.grillsymbol.com\/fr\/wp-json\/wp\/v2\/types\/product"}],"replies":[{"embeddable":true,"href":"https:\/\/www.grillsymbol.com\/fr\/wp-json\/wp\/v2\/comments?post=10582"}],"version-history":[{"count":0,"href":"https:\/\/www.grillsymbol.com\/fr\/wp-json\/wp\/v2\/product\/10582\/revisions"}],"wp:featuredmedia":[{"embeddable":true,"href":"https:\/\/www.grillsymbol.com\/fr\/wp-json\/wp\/v2\/media\/16348"}],"wp:attachment":[{"href":"https:\/\/www.grillsymbol.com\/fr\/wp-json\/wp\/v2\/media?parent=10582"}],"curies":[{"name":"wp","href":"https:\/\/api.w.org\/{rel}","templated":true}]}}