{"id":10587,"date":"2017-04-11T06:59:59","date_gmt":"2017-04-11T06:59:59","guid":{"rendered":"https:\/\/www.grillsymbol.com\/shop\/uncategorized\/charcoil-drawer-smoky-beast\/"},"modified":"2026-04-17T06:47:35","modified_gmt":"2026-04-17T06:47:35","slug":"tiroir-a-charbon-smoky-beast","status":"publish","type":"product","link":"https:\/\/www.grillsymbol.com\/fr\/shop\/pieces-de-rechange-et-composants\/tiroir-a-charbon-smoky-beast\/","title":{"rendered":"Tiroir \u00e0 charbon Smoky Beast"},"content":{"rendered":"<p>Le tiroir \u00e0 charbon pour barbecue SBCH est en acier de 1,5 mm<\/p>\n<p>En plus de la cuisson au barbecue, avec les fumoirs Smoky Beast, vous pouvez \u00e9galement faire des grillades, pour lesquelles nous avons d\u00e9velopp\u00e9 un tiroir \u00e0 charbon sp\u00e9cial. Pour les grillades, le tiroir \u00e0 charbon doit \u00eatre plac\u00e9 au fond du tiroir fumoir, les bacs de graisse doivent \u00eatre retir\u00e9s. Un \u00e9change d\\&rsquo;air suffisant est assur\u00e9 par la forme sp\u00e9ciale du tiroir \u00e0 charbon et la perforation du mat\u00e9riau, gr\u00e2ce \u00e0 quoi le charbon reste brillant.<\/p>\n<p>Vous pouvez griller avec du charbon de bois et des briquettes de gril. Le charbon de bois peut \u00eatre produit dans le foyer avant la cuisson en br\u00fblant du bois.<\/p>\n<p>Mesures : 44 x 40 x 8 cm<\/p>\n<p>Poids 2,2 kg<\/p>\n<p>&nbsp;<\/p>\n","protected":false},"excerpt":{"rendered":"<p>Tiroir \u00e0 charbon SBCH. Convient aux BBQ-Fumoirs Smoky Beast et Smoky Beast XL.<\/p>\n<p>&nbsp;<\/p>\n<p>Dans Smoky Beast il y a 1 tiroir<br \/>\nDans Smoky Beast XL il y a 2 tiroirs<\/p>\n<p>&nbsp;<\/p>\n<p><strong>NB\u00a0!<\/strong> C\\&rsquo;est une pi\u00e8ce de rechange. Lorsque vous achetez un BBQ-Fumoir, le tiroir \u00e0 charbon est inclus dans l\\&rsquo;ensemble et vous n\\&rsquo;avez pas besoin de l\\&rsquo;acheter s\u00e9par\u00e9ment.<\/p>\n<p>&nbsp;<\/p>\n","protected":false},"featured_media":14104,"comment_status":"open","ping_status":"closed","template":"","meta":{"footnotes":""},"class_list":["post-10587","product","type-product","status-publish","has-post-thumbnail","hentry","product_cat-pieces-de-rechange-et-composants"],"_links":{"self":[{"href":"https:\/\/www.grillsymbol.com\/fr\/wp-json\/wp\/v2\/product\/10587","targetHints":{"allow":["GET"]}}],"collection":[{"href":"https:\/\/www.grillsymbol.com\/fr\/wp-json\/wp\/v2\/product"}],"about":[{"href":"https:\/\/www.grillsymbol.com\/fr\/wp-json\/wp\/v2\/types\/product"}],"replies":[{"embeddable":true,"href":"https:\/\/www.grillsymbol.com\/fr\/wp-json\/wp\/v2\/comments?post=10587"}],"version-history":[{"count":0,"href":"https:\/\/www.grillsymbol.com\/fr\/wp-json\/wp\/v2\/product\/10587\/revisions"}],"wp:featuredmedia":[{"embeddable":true,"href":"https:\/\/www.grillsymbol.com\/fr\/wp-json\/wp\/v2\/media\/14104"}],"wp:attachment":[{"href":"https:\/\/www.grillsymbol.com\/fr\/wp-json\/wp\/v2\/media?parent=10587"}],"curies":[{"name":"wp","href":"https:\/\/api.w.org\/{rel}","templated":true}]}}