{"id":10594,"date":"2017-04-11T06:59:12","date_gmt":"2017-04-11T06:59:12","guid":{"rendered":"https:\/\/www.grillsymbol.com\/shop\/uncategorized\/short-legs-for-paella-burner\/"},"modified":"2021-08-16T17:01:37","modified_gmt":"2021-08-16T17:01:37","slug":"short-legs-for-paella-burner","status":"publish","type":"product","link":"https:\/\/www.grillsymbol.com\/fr\/shop\/accessoires-et-couvercles-de-paella\/short-legs-for-paella-burner\/","title":{"rendered":"Pieds courts pour br\u00fbleur \u00e0 gaz"},"content":{"rendered":"<p><strong>Convient aux br\u00fbleurs \u00e0 gaz de 5 kW, 6,5 kW, 7 kW, 11,4 kW, 13,5 kW, 21 kW, 25 kW<\/strong><\/p>\n<p>&nbsp;<\/p>\n<ul>\n<li>La longueur du pied 17 cm.<\/li>\n<li>Les dimensions du tube 10 x 30 mm.<\/li>\n<li>Mont\u00e9 sur le pied avec des boulons papillon.<\/li>\n<li>L\\&rsquo;ensemble contient 3 pieds.<\/li>\n<\/ul>\n","protected":false},"excerpt":{"rendered":"<p>Pieds en acier inoxydable pour des ensembles de po\u00eale \u00e0 paella PRO-460 ou pour un br\u00fbleur \u00e0 gaz.<\/p>\n<p>&nbsp;<\/p>\n","protected":false},"featured_media":4341,"comment_status":"open","ping_status":"closed","template":"","meta":{"footnotes":""},"class_list":["post-10594","product","type-product","status-publish","has-post-thumbnail","hentry","product_cat-accessoires-et-couvercles-de-paella"],"_links":{"self":[{"href":"https:\/\/www.grillsymbol.com\/fr\/wp-json\/wp\/v2\/product\/10594","targetHints":{"allow":["GET"]}}],"collection":[{"href":"https:\/\/www.grillsymbol.com\/fr\/wp-json\/wp\/v2\/product"}],"about":[{"href":"https:\/\/www.grillsymbol.com\/fr\/wp-json\/wp\/v2\/types\/product"}],"replies":[{"embeddable":true,"href":"https:\/\/www.grillsymbol.com\/fr\/wp-json\/wp\/v2\/comments?post=10594"}],"version-history":[{"count":0,"href":"https:\/\/www.grillsymbol.com\/fr\/wp-json\/wp\/v2\/product\/10594\/revisions"}],"wp:featuredmedia":[{"embeddable":true,"href":"https:\/\/www.grillsymbol.com\/fr\/wp-json\/wp\/v2\/media\/4341"}],"wp:attachment":[{"href":"https:\/\/www.grillsymbol.com\/fr\/wp-json\/wp\/v2\/media?parent=10594"}],"curies":[{"name":"wp","href":"https:\/\/api.w.org\/{rel}","templated":true}]}}