{"id":10605,"date":"2017-04-11T06:58:59","date_gmt":"2017-04-11T06:58:59","guid":{"rendered":"https:\/\/www.grillsymbol.com\/shop\/uncategorized\/supported-legs-for-gas-burner\/"},"modified":"2021-12-25T11:17:42","modified_gmt":"2021-12-25T11:17:42","slug":"grillsymbol-pieds-renforces-pour-bruleurs-a-gaz-o-60-70-cm","status":"publish","type":"product","link":"https:\/\/www.grillsymbol.com\/fr\/shop\/accessoires-et-couvercles-de-paella\/grillsymbol-pieds-renforces-pour-bruleurs-a-gaz-o-60-70-cm\/","title":{"rendered":"GrillSymbol Pieds renforc\u00e9s pour br\u00fbleurs \u00e0 gaz \u00f8 60\/ 70 cm"},"content":{"rendered":"<ul>\n<li>Les renforts fixent les pieds de mani\u00e8re stable.<\/li>\n<li>Hauteur : 75 cm.<\/li>\n<li>Diam\u00e8tre du pied : 20 mm.<\/li>\n<li>Couleur : gris.<\/li>\n<li>L&rsquo;ensemble contient 3 pieds.<\/li>\n<\/ul>\n","protected":false},"excerpt":{"rendered":"<p>Pieds pour br\u00fbleur \u00e0 gaz 21 kW, 25 kW.<\/p>\n<p>&nbsp;<\/p>\n","protected":false},"featured_media":10606,"comment_status":"open","ping_status":"closed","template":"","meta":{"footnotes":""},"class_list":["post-10605","product","type-product","status-publish","has-post-thumbnail","hentry","product_cat-accessoires-et-couvercles-de-paella"],"_links":{"self":[{"href":"https:\/\/www.grillsymbol.com\/fr\/wp-json\/wp\/v2\/product\/10605","targetHints":{"allow":["GET"]}}],"collection":[{"href":"https:\/\/www.grillsymbol.com\/fr\/wp-json\/wp\/v2\/product"}],"about":[{"href":"https:\/\/www.grillsymbol.com\/fr\/wp-json\/wp\/v2\/types\/product"}],"replies":[{"embeddable":true,"href":"https:\/\/www.grillsymbol.com\/fr\/wp-json\/wp\/v2\/comments?post=10605"}],"version-history":[{"count":0,"href":"https:\/\/www.grillsymbol.com\/fr\/wp-json\/wp\/v2\/product\/10605\/revisions"}],"wp:featuredmedia":[{"embeddable":true,"href":"https:\/\/www.grillsymbol.com\/fr\/wp-json\/wp\/v2\/media\/10606"}],"wp:attachment":[{"href":"https:\/\/www.grillsymbol.com\/fr\/wp-json\/wp\/v2\/media?parent=10605"}],"curies":[{"name":"wp","href":"https:\/\/api.w.org\/{rel}","templated":true}]}}