{"id":10744,"date":"2017-04-11T06:12:28","date_gmt":"2017-04-11T06:12:28","guid":{"rendered":"https:\/\/www.grillsymbol.com\/shop\/uncategorized\/grillsymbol-paella-frying-pan-set-pro-960-inox\/"},"modified":"2026-01-08T00:02:31","modified_gmt":"2026-01-08T00:02:31","slug":"grillsymbol-kit-a-paella-professionnel-pro-960-inox","status":"publish","type":"product","link":"https:\/\/www.grillsymbol.com\/fr\/shop\/kit-a-paella-professionnel\/grillsymbol-kit-a-paella-professionnel-pro-960-inox\/","title":{"rendered":"GrillSymbol Kit \u00e0 paella professionnel PRO-960 inox"},"content":{"rendered":"<p><!-- [if gte mso 9]&gt;--><\/p>\n<p>Normal<br \/>\n0<\/p>\n<p>21<\/p>\n<p>false<br \/>\nfalse<br \/>\nfalse<\/p>\n<p>ET<br \/>\nX-NONE<br \/>\nX-NONE<\/p>\n<p><!-- [if gte mso 9]&gt;--><\/p>\n<p><!-- [if gte mso 10]&gt;--><\/p>\n<p> \/* Style Definitions *\/<br \/> table.MsoNormalTable<br \/>        {mso-style-name:\\\u00a0\u00bbTable Normal\\\u00a0\u00bb;<br \/>        mso-tstyle-rowband-size:0;<br \/>        mso-tstyle-colband-size:0;<br \/>        mso-style-noshow:yes;<br \/>        mso-style-priority:99;<br \/>        mso-style-qformat:yes;<br \/>        mso-style-parent:\\\u00a0\u00bb\\\u00a0\u00bb;<br \/>        mso-padding-alt:0cm 5.4pt 0cm 5.4pt;<br \/>        mso-para-margin:0cm;<br \/>        mso-para-margin-bottom:.0001pt;<br \/>        mso-pagination:widow-orphan;<br \/>        font-size:11.0pt;<br \/>        font-family:\\\u00a0\u00bbCalibri\\\u00a0\u00bb,\\\u00a0\u00bbsans-serif\\\u00a0\u00bb;<br \/>        mso-ascii-font-family:Calibri;<br \/>        mso-ascii-theme-font:minor-latin;<br \/>        mso-fareast-font-family:\\\u00a0\u00bbTimes New Roman\\\u00a0\u00bb;<br \/>        mso-fareast-theme-font:minor-fareast;<br \/>        mso-hansi-font-family:Calibri;<br \/>        mso-hansi-theme-font:minor-latin;<br \/>        mso-bidi-font-family:\\\u00a0\u00bbTimes New Roman\\\u00a0\u00bb;<br \/>        mso-bidi-theme-font:minor-bidi;}<\/p>\n<p><strong>Sp\u00e9cifications techniques :<\/strong><\/p>\n<ul>\n<li>Diam\u00e8tre : 96 cm.<\/li>\n<li>Diam\u00e8tre du fond : 85 cm.<\/li>\n<li>Nombre de portions : 50-80<\/li>\n<li>Hauteur : 85 cm.<\/li>\n<li>Hauteur de la po\u00eale : 5 cm.<\/li>\n<li>Poids : la po\u00eale 32 kg, total ca 55 kg.<\/li>\n<li>Mat\u00e9riau : acier inoxydable de 5 mm.<\/li>\n<li>Br\u00fbleur : 21 kW. Diam\u00e8tre : 600 mm.<\/li>\n<li>Tout les 3 cercles du br\u00fbleur peuvent \u00eatre r\u00e9gl\u00e9s s\u00e9par\u00e9ment.<\/li>\n<li>Consommation de gaz \u00e0 pleine capacit\u00e9 : 1,5 kg \/ h. Dans les conditions habituelles : 0,5-1 kg \/ h.<\/li>\n<li>NB\u00a0! Le br\u00fbleur \u00e0 gaz dispose d\\&rsquo;un raccord gaz selon la norme fran\u00e7aise, belge ou suisse. La buse est assembl\u00e9e en usine selon la destination de la commande.<\/li>\n<li>Le br\u00fbleur a une allumage \u00e9lectrique du pile.<\/li>\n<li>Les pieds sont d\u00e9tachables et montables avec des boulons (papillon).<\/li>\n<li>Le r\u00e9ducteur et le tuyau de gaz ne sont pas inclus.<\/li>\n<\/ul>\n<p>&nbsp;<\/p>\n<p>NB! Le couvercle n\\&rsquo;est pas inclus dans l\\&rsquo;ensemble.<\/p>\n<p>&nbsp;<\/p>\n<p><strong>Avantages du produit de la s\u00e9rie GrillSymbol PRO :<\/strong><\/p>\n<ul>\n<li>La s\u00e9curit\u00e9 avant tout &#8211; le produit r\u00e9pond aux exigences CE.<\/li>\n<li>Une po\u00eale \u00e0 rebord haut permet de faire frire, cuire, cuire \u00e0 la vapeur et bouillir.<\/li>\n<li>Triple Windshield &#8211; triple protection contre le vent.<\/li>\n<li>Triple Windshield &#8211; la chaleur est dirig\u00e9e directement sur la po\u00eale, elle ne se dissipe pas.<\/li>\n<li>Triple Windshield &#8211; diminution de la consommation de gaz.<\/li>\n<li>Click and Cook &#8211; allumer le feu avec une pile &#8211; oublier les allumettes.<\/li>\n<li>Cadre et pieds solides &#8211; le produit est stable.<\/li>\n<li>Pare-brise et pieds en acier inoxydable &#8211; ne rouillent pas et sont faciles \u00e0 entretenir.<\/li>\n<li>Pr\u00eat \u00e0 l\\&#8217;emploi &#8211; le produit est pr\u00e9-assembl\u00e9 et le montage ne prend que deux minutes.<\/li>\n<li>Le br\u00fbleur et le pare-brise peuvent \u00eatre utilis\u00e9s avec diff\u00e9rentes po\u00eales (comme le wok WS-915).<\/li>\n<li>Test\u00e9 et d\u00e9velopp\u00e9 dans les pays nordiques, produit en Estonie.<\/li>\n<li>GrillSymbol &#8211; Entreprise familiale depuis 1925.<\/li>\n<\/ul>\n","protected":false},"excerpt":{"rendered":"<p>Une po\u00eale \u00e0 rebord haut <strong>en acier<\/strong> <strong>inoxydable<\/strong> id\u00e9ale pour mijoter, cuire, frire et cuire \u00e0 la vapeur. Un mat\u00e9riau en acier inoxydable permet <strong>les meilleurs plats mijot\u00e9s<\/strong>, car une po\u00eale en acier peut ajouter de la couleur ou de la saveur au plat, lorsque la couche s\\&rsquo;est d\u00e9tach\u00e9e. Elle est facile \u00e0 nettoyer et \u00e0 entretenir. \u00c7a chauffe tr\u00e8s vite. Et, tout aussi important &#8211; une po\u00eale en acier inoxydable maintient toujours son apparence brillante !<\/p>\n<p>Notre plus grande po\u00eale en acier inoxydable <strong>de pr\u00e8s d\\&rsquo;un m\u00e8tre de diam\u00e8tre<\/strong> est con\u00e7ue pour un client qui a besoin, pour la pr\u00e9paration des aliments, d\\&rsquo;un outil efficace, mais aussi d\\&rsquo;une apparence astucieuse. La po\u00eale permet de pr\u00e9parer tr\u00e8s rapidement des centaines de portions et de fournir des repas aux plus grand nombre. Il convient \u00e0 la pr\u00e9sentation de produits, mais aussi \u00e0 servir de la nourriture lors d\\&rsquo;occasions festives, comme les mariages et les r\u00e9ceptions. Ce mod\u00e8le est utilis\u00e9 par les traiteurs, les restaurants, les industries de la viande et de la saucisse en Finlande, en Scandinavie, en Angleterre et dans les pays baltes. Une construction solide, un br\u00fbleur \u00e0 gaz puissant et une po\u00eale \u00e0 rebord haut et \u00e0 fond \u00e9pais (5 mm) forment un ensemble qui fonctionne bien. <strong>Le Triple Windshield<\/strong> assure la meilleure protection possible contre le vent et la flamme ne s\u2019\u00e9teindra pas m\u00eame avec un vent mod\u00e9r\u00e9.<\/p>\n<p>La po\u00eale <strong>PRO-960 inox<\/strong> permet de pr\u00e9parer diff\u00e9rents plats \u00e0 partir d\\&rsquo;ingr\u00e9dients crus mais aussi d\\&rsquo;ingr\u00e9dients pr\u00e9cuits. La po\u00eale peut contenir 50 \u00e0 80 portions selon le type de plat. La po\u00eale a un rebord de 5 cm, ce qui permet aux aliments d\\&rsquo;\u00eatre cuits et cuits \u00e0 la vapeur (avec le couvercle), c\\&rsquo;est un grand avantage par rapport \u00e0 une po\u00eale \u00e0 rebord bas. Utilisez votre imagination et faites cuire le plat de votre choix !<\/p>\n<p>&nbsp;<\/p>\n","protected":false},"featured_media":15577,"comment_status":"open","ping_status":"closed","template":"","meta":{"footnotes":""},"class_list":["post-10744","product","type-product","status-publish","has-post-thumbnail","hentry","product_cat-kit-a-paella-professionnel"],"_links":{"self":[{"href":"https:\/\/www.grillsymbol.com\/fr\/wp-json\/wp\/v2\/product\/10744","targetHints":{"allow":["GET"]}}],"collection":[{"href":"https:\/\/www.grillsymbol.com\/fr\/wp-json\/wp\/v2\/product"}],"about":[{"href":"https:\/\/www.grillsymbol.com\/fr\/wp-json\/wp\/v2\/types\/product"}],"replies":[{"embeddable":true,"href":"https:\/\/www.grillsymbol.com\/fr\/wp-json\/wp\/v2\/comments?post=10744"}],"version-history":[{"count":0,"href":"https:\/\/www.grillsymbol.com\/fr\/wp-json\/wp\/v2\/product\/10744\/revisions"}],"wp:featuredmedia":[{"embeddable":true,"href":"https:\/\/www.grillsymbol.com\/fr\/wp-json\/wp\/v2\/media\/15577"}],"wp:attachment":[{"href":"https:\/\/www.grillsymbol.com\/fr\/wp-json\/wp\/v2\/media?parent=10744"}],"curies":[{"name":"wp","href":"https:\/\/api.w.org\/{rel}","templated":true}]}}