{"id":10797,"date":"2017-04-11T06:37:27","date_gmt":"2020-04-06T04:53:38","guid":{"rendered":"https:\/\/www.grillsymbol.com\/shop\/uncategorized\/grillsymbol-paella-gas-burner-5-kw\/"},"modified":"2021-12-27T08:59:11","modified_gmt":"2021-12-27T08:59:11","slug":"grillsymbol-bruleur-a-paella-pour-linterieur-et-lexterieur-b200-o-20-cm-5kw","status":"publish","type":"product","link":"https:\/\/www.grillsymbol.com\/fr\/shop\/bruleurs-a-paella\/grillsymbol-bruleur-a-paella-pour-linterieur-et-lexterieur-b200-o-20-cm-5kw\/","title":{"rendered":"GrillSymbol Br\u00fbleur \u00e0 paella pour l\\&rsquo;int\u00e9rieur et l\\&rsquo;ext\u00e9rieur B200, \u00f8 20 cm\/5kW"},"content":{"rendered":"<ul>\n<li>Br\u00fbleur : 5 kw, diam\u00e8tre 20 cm.<\/li>\n<li>Consommation de gaz \u00e0 pleine capacit\u00e9 : 0,5 kg \/ h. Dans les conditions habituelles : 0,2-0,4 kg \/ h.<\/li>\n<\/ul>\n","protected":false},"excerpt":{"rendered":"<p>Il est id\u00e9al pour une utilisation dans la cuisine d\\&rsquo;\u00e9t\u00e9.<\/p>\n<p>Le diam\u00e8tre du fond des po\u00eales et casseroles utilis\u00e9es sur le br\u00fbleur \u00e0 gaz \u00e0 partir de 20 cm.<\/p>\n<p>&nbsp;<\/p>\n","protected":false},"featured_media":4050,"comment_status":"open","ping_status":"closed","template":"","meta":{"footnotes":""},"class_list":["post-10797","product","type-product","status-publish","has-post-thumbnail","hentry","product_cat-bruleurs-a-paella"],"_links":{"self":[{"href":"https:\/\/www.grillsymbol.com\/fr\/wp-json\/wp\/v2\/product\/10797","targetHints":{"allow":["GET"]}}],"collection":[{"href":"https:\/\/www.grillsymbol.com\/fr\/wp-json\/wp\/v2\/product"}],"about":[{"href":"https:\/\/www.grillsymbol.com\/fr\/wp-json\/wp\/v2\/types\/product"}],"replies":[{"embeddable":true,"href":"https:\/\/www.grillsymbol.com\/fr\/wp-json\/wp\/v2\/comments?post=10797"}],"version-history":[{"count":0,"href":"https:\/\/www.grillsymbol.com\/fr\/wp-json\/wp\/v2\/product\/10797\/revisions"}],"wp:featuredmedia":[{"embeddable":true,"href":"https:\/\/www.grillsymbol.com\/fr\/wp-json\/wp\/v2\/media\/4050"}],"wp:attachment":[{"href":"https:\/\/www.grillsymbol.com\/fr\/wp-json\/wp\/v2\/media?parent=10797"}],"curies":[{"name":"wp","href":"https:\/\/api.w.org\/{rel}","templated":true}]}}