{"id":10800,"date":"2017-04-11T06:36:17","date_gmt":"2017-04-11T06:36:17","guid":{"rendered":"https:\/\/www.grillsymbol.com\/shop\/uncategorized\/grillsymbol-paella-frying-pan-set-pro-460\/"},"modified":"2026-03-31T09:45:12","modified_gmt":"2026-03-31T09:45:12","slug":"grillsymbol-kit-a-paella-professionnel-pro-460","status":"publish","type":"product","link":"https:\/\/www.grillsymbol.com\/fr\/shop\/kit-a-paella-professionnel\/grillsymbol-kit-a-paella-professionnel-pro-460\/","title":{"rendered":"GrillSymbol Kit \u00e0 paella professionnel PRO-460 (Housse en tissu et sac offerts !)"},"content":{"rendered":"<p><strong>Sp\u00e9cifications techniques:<\/strong><\/p>\n<p><strong>\u00a0<\/strong><\/p>\n<ul>\n<li>Diam\u00e8tre : 46 cm.<\/li>\n<li>Diam\u00e8tre du fond : 37 cm.<\/li>\n<li>Nombre de portions : 6-12<\/li>\n<li>Hauteur : 25 cm <strong>(pieds de 85 cm de hauteur \u00e9galement disponibles en accessoire<\/strong>).<\/li>\n<li>Hauteur de la po\u00eale : 5 cm.<\/li>\n<li>Poids : la poele 6 kg, total 9 kg.<\/li>\n<li>Mat\u00e9riau : acier de 3 mm.<\/li>\n<li>Br\u00fbleur : 6,5 kW. Diam\u00e8tre : 30 cm.<\/li>\n<li>Consommation de gaz \u00e0 pleine capacit\u00e9 : 0,6 kg \/ h. Dans les conditions habituelles : 0,2-0,4 kg \/ h.<\/li>\n<li>NB\u00a0! Le br\u00fbleur \u00e0 gaz dispose d&rsquo;un raccord gaz selon la norme fran\u00e7aise, belge ou suisse. La buse est assembl\u00e9e en usine selon la destination de la commande.<\/li>\n<li>Les pieds sont d\u00e9tachables et montables avec des boulons (papillon).<\/li>\n<li>Le r\u00e9ducteur et le tuyau de gaz ne sont pas inclus.<\/li>\n<\/ul>\n<p>&nbsp;<\/p>\n<p>NB! Le couvercle n&rsquo;est pas inclus dans l&rsquo;ensemble.<\/p>\n<p>&nbsp;<\/p>\n<p><strong>Avantages du produit de la s\u00e9rie GrillSymbol PRO :<\/strong><\/p>\n<p><strong>\u00a0<\/strong><\/p>\n<ul>\n<li>La s\u00e9curit\u00e9 avant tout &#8211; le produit r\u00e9pond aux exigences CE.<\/li>\n<li>Une po\u00eale \u00e0 rebord haut permet de faire frire, cuire, cuire \u00e0 la vapeur et bouillir.<\/li>\n<li>Triple Windshield &#8211; triple protection contre le vent.<\/li>\n<li>Triple Windshield &#8211; la chaleur est dirig\u00e9e directement sur la po\u00eale, elle ne se dissipe pas.<\/li>\n<li>Triple Windshield &#8211; diminution de la consommation de gaz.<\/li>\n<li>Cadre et pieds solides &#8211; le produit est stable.<\/li>\n<li>Pare-brise et pieds en acier inoxydable &#8211; ne rouillent pas et sont faciles \u00e0 entretenir.<\/li>\n<li>Pr\u00eat \u00e0 l&#8217;emploi &#8211; le produit est pr\u00e9-assembl\u00e9 et le montage ne prend que deux minutes.<\/li>\n<li>Le br\u00fbleur et le pare-brise peuvent \u00eatre utilis\u00e9s avec diff\u00e9rentes po\u00eales.<\/li>\n<li>Test\u00e9 et d\u00e9velopp\u00e9 dans les pays nordiques, produit en Estonie.<\/li>\n<li>GrillSymbol &#8211; Entreprise familiale depuis 1925.<\/li>\n<\/ul>\n","protected":false},"excerpt":{"rendered":"<p><strong>\u00c0 l&rsquo;achat du PRO-460, nous vous offrons la housse en tissu et le sac.<\/strong><\/p>\n<p>Une po\u00eale <strong>en acier<\/strong> \u00e0 rebord haut avec de tr\u00e8s bonnes fonctionnalit\u00e9s de cuisson, parfaitement adapt\u00e9e \u00e0 faire frire, pr\u00e9parer de la viande, du poisson, des l\u00e9gumes et diff\u00e9rents plats de riz. La po\u00eale convient \u00e9galement \u00e0 faire de savoureuses cr\u00eapes. Utilisez votre imagination et faites cuire le plat de votre choix !<\/p>\n<p>Kit \u00e0 paella <strong>PRO-460 <\/strong>est compact, l\u00e9ger, mais en m\u00eame temps avec une construction solide. Il peut \u00eatre utilis\u00e9 \u00e0 la maison, \u00e0 la maison d&rsquo;\u00e9t\u00e9 ou l&#8217;emporter avec vous pour un voyage dans la nature. Il permet de pr\u00e9parer diff\u00e9rents plats \u00e0 partir d&rsquo;ingr\u00e9dients crus mais aussi d&rsquo;ingr\u00e9dients pr\u00e9cuits. La po\u00eale peut contenir 6 \u00e0 12 portions selon le type de plat. Le fond plat de la po\u00eale permet parfaitement de garder les aliments au chaud. La po\u00eale a un rebord de 5 cm, ce qui permet aux aliments d&rsquo;\u00eatre mijot\u00e9 et cuits \u00e0 la vapeur (avec le couvercle), c&rsquo;est un grand avantage par rapport \u00e0 une po\u00eale \u00e0 rebord bas. Utilisez votre imagination et faites cuire le plat de votre choix ! <strong>Le Triple Windshield<\/strong> assure la meilleure protection possible contre le vent et la flamme ne s\u2019\u00e9teindra pas m\u00eame avec un vent mod\u00e9r\u00e9.<\/p>\n<p>&nbsp;<\/p>\n","protected":false},"featured_media":16550,"comment_status":"open","ping_status":"closed","template":"","meta":{"footnotes":""},"class_list":["post-10800","product","type-product","status-publish","has-post-thumbnail","hentry","product_cat-kit-a-paella-professionnel"],"_links":{"self":[{"href":"https:\/\/www.grillsymbol.com\/fr\/wp-json\/wp\/v2\/product\/10800","targetHints":{"allow":["GET"]}}],"collection":[{"href":"https:\/\/www.grillsymbol.com\/fr\/wp-json\/wp\/v2\/product"}],"about":[{"href":"https:\/\/www.grillsymbol.com\/fr\/wp-json\/wp\/v2\/types\/product"}],"replies":[{"embeddable":true,"href":"https:\/\/www.grillsymbol.com\/fr\/wp-json\/wp\/v2\/comments?post=10800"}],"version-history":[{"count":0,"href":"https:\/\/www.grillsymbol.com\/fr\/wp-json\/wp\/v2\/product\/10800\/revisions"}],"wp:featuredmedia":[{"embeddable":true,"href":"https:\/\/www.grillsymbol.com\/fr\/wp-json\/wp\/v2\/media\/16550"}],"wp:attachment":[{"href":"https:\/\/www.grillsymbol.com\/fr\/wp-json\/wp\/v2\/media?parent=10800"}],"curies":[{"name":"wp","href":"https:\/\/api.w.org\/{rel}","templated":true}]}}