{"id":10838,"date":"2017-04-11T06:36:05","date_gmt":"2017-04-11T06:36:05","guid":{"rendered":"https:\/\/www.grillsymbol.com\/shop\/uncategorized\/grillsymbol-paella-gas-burner-6-5-kw\/"},"modified":"2026-01-13T14:58:18","modified_gmt":"2026-01-13T14:58:18","slug":"grillsymbol-bruleur-a-paella-pour-linterieur-et-lexterieur-b300-o-30-cm-65kw","status":"publish","type":"product","link":"https:\/\/www.grillsymbol.com\/fr\/shop\/bruleurs-a-paella\/grillsymbol-bruleur-a-paella-pour-linterieur-et-lexterieur-b300-o-30-cm-65kw\/","title":{"rendered":"GrillSymbol Br\u00fbleur \u00e0 paella pour l\\&rsquo;int\u00e9rieur et l\\&rsquo;ext\u00e9rieur B300, \u00f8 30 cm\/6,5kW"},"content":{"rendered":"<ul>\n<li>Br\u00fbleur : 6,5 kw, diam\u00e8tre 30 cm.<\/li>\n<li>Consommation de gaz \u00e0 pleine capacit\u00e9 : 0,6 kg \/ h. Dans les conditions habituelles : 0,2-0,4 kg \/ h.<\/li>\n<\/ul>\n","protected":false},"excerpt":{"rendered":"<p>Le br\u00fbleur \u00e0 gaz est parfait pour la cuisine d\\&rsquo;\u00e9t\u00e9 pour faire divers plats et conserves. D\u00e9sormais, cuisinez vos confitures en plein air ! Vous n\\&rsquo;avez plus besoin d\\&rsquo;avoir peur du d\u00e9sordre !<\/p>\n<p>Le diam\u00e8tre du fond des po\u00eales et casseroles utilis\u00e9es sur le br\u00fbleur \u00e0 gaz \u00e0 partir de 30 cm.<\/p>\n<p>&nbsp;<\/p>\n","protected":false},"featured_media":18057,"comment_status":"open","ping_status":"closed","template":"","meta":{"footnotes":""},"class_list":["post-10838","product","type-product","status-publish","has-post-thumbnail","hentry","product_cat-bruleurs-a-paella"],"_links":{"self":[{"href":"https:\/\/www.grillsymbol.com\/fr\/wp-json\/wp\/v2\/product\/10838","targetHints":{"allow":["GET"]}}],"collection":[{"href":"https:\/\/www.grillsymbol.com\/fr\/wp-json\/wp\/v2\/product"}],"about":[{"href":"https:\/\/www.grillsymbol.com\/fr\/wp-json\/wp\/v2\/types\/product"}],"replies":[{"embeddable":true,"href":"https:\/\/www.grillsymbol.com\/fr\/wp-json\/wp\/v2\/comments?post=10838"}],"version-history":[{"count":0,"href":"https:\/\/www.grillsymbol.com\/fr\/wp-json\/wp\/v2\/product\/10838\/revisions"}],"wp:featuredmedia":[{"embeddable":true,"href":"https:\/\/www.grillsymbol.com\/fr\/wp-json\/wp\/v2\/media\/18057"}],"wp:attachment":[{"href":"https:\/\/www.grillsymbol.com\/fr\/wp-json\/wp\/v2\/media?parent=10838"}],"curies":[{"name":"wp","href":"https:\/\/api.w.org\/{rel}","templated":true}]}}