{"id":10859,"date":"2017-04-11T06:35:14","date_gmt":"2017-04-11T06:35:14","guid":{"rendered":"https:\/\/www.grillsymbol.com\/shop\/uncategorized\/grillsymbol-paella-gas-burner-21-kw\/"},"modified":"2026-01-13T15:18:43","modified_gmt":"2026-01-13T15:18:43","slug":"grillsymbol-bruleur-a-gaz-exterieur-b600-o-60-cm-21kw","status":"publish","type":"product","link":"https:\/\/www.grillsymbol.com\/fr\/shop\/bruleurs-a-paella\/grillsymbol-bruleur-a-gaz-exterieur-b600-o-60-cm-21kw\/","title":{"rendered":"GrillSymbol Br\u00fbleur \u00e0 gaz ext\u00e9rieur B600, \u00f8 60 cm\/21kW"},"content":{"rendered":"<ul>\n<li>Br\u00fbleur : 21 kw, diam\u00e8tre 60 cm.<\/li>\n<li>Les trois cercles du br\u00fbleur peuvent \u00eatre r\u00e9gl\u00e9s s\u00e9par\u00e9ment.<\/li>\n<li>Consommation de gaz \u00e0 pleine capacit\u00e9 : 1,5 kg \/ h. Dans les conditions habituelles : 0,5-1 kg \/ h.<\/li>\n<\/ul>\n","protected":false},"excerpt":{"rendered":"<p>Il est parfait pour la cuisine d\\&rsquo;\u00e9t\u00e9 pour faire divers plats et conserves. Convient \u00e9galement pour po\u00eale \u00e0 paella, taille de po\u00eale \u00e0 partir de 70 cm.<\/p>\n<p>&nbsp;<\/p>\n","protected":false},"featured_media":18107,"comment_status":"open","ping_status":"closed","template":"","meta":{"footnotes":""},"class_list":["post-10859","product","type-product","status-publish","has-post-thumbnail","hentry","product_cat-bruleurs-a-paella"],"_links":{"self":[{"href":"https:\/\/www.grillsymbol.com\/fr\/wp-json\/wp\/v2\/product\/10859","targetHints":{"allow":["GET"]}}],"collection":[{"href":"https:\/\/www.grillsymbol.com\/fr\/wp-json\/wp\/v2\/product"}],"about":[{"href":"https:\/\/www.grillsymbol.com\/fr\/wp-json\/wp\/v2\/types\/product"}],"replies":[{"embeddable":true,"href":"https:\/\/www.grillsymbol.com\/fr\/wp-json\/wp\/v2\/comments?post=10859"}],"version-history":[{"count":0,"href":"https:\/\/www.grillsymbol.com\/fr\/wp-json\/wp\/v2\/product\/10859\/revisions"}],"wp:featuredmedia":[{"embeddable":true,"href":"https:\/\/www.grillsymbol.com\/fr\/wp-json\/wp\/v2\/media\/18107"}],"wp:attachment":[{"href":"https:\/\/www.grillsymbol.com\/fr\/wp-json\/wp\/v2\/media?parent=10859"}],"curies":[{"name":"wp","href":"https:\/\/api.w.org\/{rel}","templated":true}]}}