{"id":10863,"date":"2017-04-11T06:34:51","date_gmt":"2017-04-11T06:34:51","guid":{"rendered":"https:\/\/www.grillsymbol.com\/shop\/uncategorized\/grillsymbol-paella-frying-pan-set-pro-580-inox\/"},"modified":"2026-03-31T09:09:39","modified_gmt":"2026-03-31T09:09:39","slug":"grillsymbol-kit-a-paella-professionnel-pro-580-inox","status":"publish","type":"product","link":"https:\/\/www.grillsymbol.com\/fr\/shop\/kit-a-paella-professionnel\/grillsymbol-kit-a-paella-professionnel-pro-580-inox\/","title":{"rendered":"GrillSymbol Kit \u00e0 paella professionnel PRO-580 inox"},"content":{"rendered":"<p><strong>Sp\u00e9cifications techniques:<\/strong><\/p>\n<p><strong>\u00a0<\/strong><\/p>\n<ul>\n<li>Diam\u00e8tre : 58 cm.<\/li>\n<li>Diam\u00e8tre du fond : 49 cm.<\/li>\n<li>Nombre de portions : 12-20<\/li>\n<li>Hauteur : 85 cm.<\/li>\n<li>Hauteur de la po\u00eale : 5 cm.<\/li>\n<li>Poids : la po\u00eale 9 kg, total 20 kg.<\/li>\n<li>Mat\u00e9riau : acier inoxydable de 3 mm.<\/li>\n<li>Br\u00fbleur : 11,4 kW. Diam\u00e8tre : 400 mm.<\/li>\n<li>Les deux cercles du br\u00fbleur peuvent \u00eatre r\u00e9gl\u00e9s s\u00e9par\u00e9ment.<\/li>\n<li>Consommation de gaz \u00e0 pleine capacit\u00e9 : 1 kg \/ h. Dans les conditions habituelles : 0,3-0,6 kg \/ h.<\/li>\n<li>NB\u00a0! Le br\u00fbleur \u00e0 gaz dispose d&rsquo;un raccord gaz selon la norme fran\u00e7aise, belge ou suisse. La buse est assembl\u00e9e en usine selon la destination de la commande.<\/li>\n<li>Le br\u00fbleur a une allumage \u00e9lectrique du pile.<\/li>\n<li>Les pieds sont d\u00e9tachables et montables avec des boulons (papillon).<\/li>\n<li>Le r\u00e9ducteur et le tuyau de gaz ne sont pas inclus.<\/li>\n<\/ul>\n<p>&nbsp;<\/p>\n<p>NB! Le couvercle n&rsquo;est pas inclus dans l&rsquo;ensemble.<\/p>\n<div>\n<p>&nbsp;<\/p>\n<p><strong>Avantages du produit de la s\u00e9rie GrillSymbol PRO :<\/strong><\/p>\n<p><strong>\u00a0<\/strong><\/p>\n<ul>\n<li>La s\u00e9curit\u00e9 avant tout &#8211; le produit r\u00e9pond aux exigences CE.<\/li>\n<li>Une po\u00eale \u00e0 rebord haut permet de faire frire, cuire, cuire \u00e0 la vapeur et bouillir.<\/li>\n<li>Triple Windshield &#8211; triple protection contre le vent.<\/li>\n<li>Triple Windshield &#8211; la chaleur est dirig\u00e9e directement sur la po\u00eale, elle ne se dissipe pas.<\/li>\n<li>Triple Windshield &#8211; diminution de la consommation de gaz.<\/li>\n<li>Click and Cook &#8211; allumer le feu avec une pile &#8211; oublier les allumettes.<\/li>\n<li>Cadre et pieds solides &#8211; le produit est stable.<\/li>\n<li>Pare-brise et pieds en acier inoxydable &#8211; ne rouillent pas et sont faciles \u00e0 entretenir.<\/li>\n<li>Pr\u00eat \u00e0 l&#8217;emploi &#8211; le produit est pr\u00e9-assembl\u00e9 et le montage ne prend que deux minutes.<\/li>\n<li>Le br\u00fbleur et le pare-brise peuvent \u00eatre utilis\u00e9s avec diff\u00e9rentes po\u00eales.<\/li>\n<li>Test\u00e9 et d\u00e9velopp\u00e9 dans les pays nordiques, produit en Estonie.<\/li>\n<li>GrillSymbol &#8211; Entreprise familiale depuis 1925.<\/li>\n<\/ul>\n<\/div>\n","protected":false},"excerpt":{"rendered":"<p>Une po\u00eale \u00e0 rebord haut <strong>en acier inoxydable<\/strong> id\u00e9ale pour mijoter, cuire, frire et cuire \u00e0 la vapeur. Un mat\u00e9riau en acier inoxydable permet <strong>les meilleurs plats mijot\u00e9s<\/strong>, car une po\u00eale en acier peut ajouter de la couleur ou de la saveur au plat, lorsque la couche s&rsquo;est d\u00e9tach\u00e9e. Il est facile \u00e0 nettoyer et \u00e0 entretenir. \u00c7a chauffe tr\u00e8s vite. Et, tout aussi important &#8211; une po\u00eale en acier inoxydable maintient toujours son apparence brillante !<\/p>\n<p><strong>PRO-580 inox<\/strong> est l&rsquo;un des kits les plus populaires parmi les utilisateurs \u00e0 domicile. Une construction solide, un br\u00fbleur \u00e0 gaz puissant, un poids l\u00e9ger et une po\u00eale \u00e0 rebord haut forment un ensemble qui fonctionne bien. Elle permet de pr\u00e9parer diff\u00e9rents plats \u00e0 partir d&rsquo;ingr\u00e9dients crus mais aussi d&rsquo;ingr\u00e9dients pr\u00e9cuits. La po\u00eale peut contenir 12 \u00e0 20 portions selon le type de plat. Le fond plat de la po\u00eale permet parfaitement de garder les aliments au chaud. Le fond de la po\u00eale devient un peu creux en chauffant. La po\u00eale a un rebord de 5 cm, ce qui permet aux aliments d&rsquo;\u00eatre cuits et cuits \u00e0 la vapeur (avec le couvercle), c&rsquo;est un grand avantage par rapport \u00e0 une po\u00eale \u00e0 rebord bas. Le <strong>Triple Windshield<\/strong> assure la meilleure protection possible contre le vent et la flamme ne s\u2019\u00e9teindra pas m\u00eame avec un vent mod\u00e9r\u00e9.<\/p>\n<p>&nbsp;<\/p>\n","protected":false},"featured_media":10873,"comment_status":"open","ping_status":"closed","template":"","meta":{"footnotes":""},"class_list":["post-10863","product","type-product","status-publish","has-post-thumbnail","hentry","product_cat-kit-a-paella-professionnel"],"_links":{"self":[{"href":"https:\/\/www.grillsymbol.com\/fr\/wp-json\/wp\/v2\/product\/10863","targetHints":{"allow":["GET"]}}],"collection":[{"href":"https:\/\/www.grillsymbol.com\/fr\/wp-json\/wp\/v2\/product"}],"about":[{"href":"https:\/\/www.grillsymbol.com\/fr\/wp-json\/wp\/v2\/types\/product"}],"replies":[{"embeddable":true,"href":"https:\/\/www.grillsymbol.com\/fr\/wp-json\/wp\/v2\/comments?post=10863"}],"version-history":[{"count":0,"href":"https:\/\/www.grillsymbol.com\/fr\/wp-json\/wp\/v2\/product\/10863\/revisions"}],"wp:featuredmedia":[{"embeddable":true,"href":"https:\/\/www.grillsymbol.com\/fr\/wp-json\/wp\/v2\/media\/10873"}],"wp:attachment":[{"href":"https:\/\/www.grillsymbol.com\/fr\/wp-json\/wp\/v2\/media?parent=10863"}],"curies":[{"name":"wp","href":"https:\/\/api.w.org\/{rel}","templated":true}]}}