{"id":10907,"date":"2017-04-11T06:34:28","date_gmt":"2017-04-11T06:34:28","guid":{"rendered":"https:\/\/www.grillsymbol.com\/shop\/uncategorized\/grillsymbol-paella-frying-pan-set-pro-580\/"},"modified":"2026-03-31T09:05:33","modified_gmt":"2026-03-31T09:05:33","slug":"grillsymbol-kit-a-paella-professionnel-pro-580","status":"publish","type":"product","link":"https:\/\/www.grillsymbol.com\/fr\/shop\/kit-a-paella-professionnel\/grillsymbol-kit-a-paella-professionnel-pro-580\/","title":{"rendered":"GrillSymbol Kit \u00e0 paella professionnel PRO-580"},"content":{"rendered":"<p><!-- [if gte mso 9]><xml>\n<w:WordDocument>\n<w:View>Normal<\/w:View>\n<w:Zoom>0<\/w:Zoom>\n<w:TrackMoves\/>\n<w:TrackFormatting\/>\n<w:HyphenationZone>21<\/w:HyphenationZone>\n<w:PunctuationKerning\/>\n<w:ValidateAgainstSchemas\/>\n<w:SaveIfXMLInvalid>false<\/w:SaveIfXMLInvalid>\n<w:IgnoreMixedContent>false<\/w:IgnoreMixedContent>\n<w:AlwaysShowPlaceholderText>false<\/w:AlwaysShowPlaceholderText>\n<w:DoNotPromoteQF\/>\n<w:LidThemeOther>ET<\/w:LidThemeOther>\n<w:LidThemeAsian>X-NONE<\/w:LidThemeAsian>\n<w:LidThemeComplexScript>X-NONE<\/w:LidThemeComplexScript>\n<w:Compatibility>\n<w:BreakWrappedTables\/>\n<w:SnapToGridInCell\/>\n<w:WrapTextWithPunct\/>\n<w:UseAsianBreakRules\/>\n<w:DontGrowAutofit\/>\n<w:SplitPgBreakAndParaMark\/>\n<w:DontVertAlignCellWithSp\/>\n<w:DontBreakConstrainedForcedTables\/>\n<w:DontVertAlignInTxbx\/>\n<w:Word11KerningPairs\/>\n<w:CachedColBalance\/>\n<\/w:Compatibility>\n<m:mathPr>\n<m:mathFont m:val=\\\"Cambria Math\\\"\/>\n<m:brkBin m:val=\\\"before\\\"\/>\n<m:brkBinSub m:val=\\\"--\\\"\/>\n<m:smallFrac m:val=\\\"off\\\"\/>\n<m:dispDef\/>\n<m:lMargin m:val=\\\"0\\\"\/>\n<m:rMargin m:val=\\\"0\\\"\/>\n<m:defJc m:val=\\\"centerGroup\\\"\/>\n<m:wrapIndent m:val=\\\"1440\\\"\/>\n<m:intLim m:val=\\\"subSup\\\"\/>\n<m:naryLim m:val=\\\"undOvr\\\"\/>\n<\/m:mathPr><\/w:WordDocument>\n<\/xml><![endif]--><!-- [if gte mso 9]><xml>\n<w:LatentStyles DefLockedState=\\\"false\\\" DefUnhideWhenUsed=\\\"true\\\" DefSemiHidden=\\\"true\\\" DefQFormat=\\\"false\\\" DefPriority=\\\"99\\\" LatentStyleCount=\\\"267\\\">\n<w:LsdException Locked=\\\"false\\\" Priority=\\\"0\\\" SemiHidden=\\\"false\\\" UnhideWhenUsed=\\\"false\\\" QFormat=\\\"true\\\" Name=\\\"Normal\\\"\/>\n<w:LsdException Locked=\\\"false\\\" Priority=\\\"9\\\" SemiHidden=\\\"false\\\" UnhideWhenUsed=\\\"false\\\" QFormat=\\\"true\\\" Name=\\\"heading 1\\\"\/>\n<w:LsdException Locked=\\\"false\\\" Priority=\\\"9\\\" QFormat=\\\"true\\\" Name=\\\"heading 2\\\"\/>\n<w:LsdException Locked=\\\"false\\\" Priority=\\\"9\\\" QFormat=\\\"true\\\" Name=\\\"heading 3\\\"\/>\n<w:LsdException Locked=\\\"false\\\" Priority=\\\"9\\\" QFormat=\\\"true\\\" Name=\\\"heading 4\\\"\/>\n<w:LsdException Locked=\\\"false\\\" Priority=\\\"9\\\" QFormat=\\\"true\\\" Name=\\\"heading 5\\\"\/>\n<w:LsdException Locked=\\\"false\\\" Priority=\\\"9\\\" QFormat=\\\"true\\\" Name=\\\"heading 6\\\"\/>\n<w:LsdException Locked=\\\"false\\\" Priority=\\\"9\\\" QFormat=\\\"true\\\" Name=\\\"heading 7\\\"\/>\n<w:LsdException Locked=\\\"false\\\" Priority=\\\"9\\\" QFormat=\\\"true\\\" Name=\\\"heading 8\\\"\/>\n<w:LsdException Locked=\\\"false\\\" Priority=\\\"9\\\" QFormat=\\\"true\\\" Name=\\\"heading 9\\\"\/>\n<w:LsdException Locked=\\\"false\\\" Priority=\\\"39\\\" Name=\\\"toc 1\\\"\/>\n<w:LsdException Locked=\\\"false\\\" Priority=\\\"39\\\" Name=\\\"toc 2\\\"\/>\n<w:LsdException Locked=\\\"false\\\" Priority=\\\"39\\\" Name=\\\"toc 3\\\"\/>\n<w:LsdException Locked=\\\"false\\\" Priority=\\\"39\\\" Name=\\\"toc 4\\\"\/>\n<w:LsdException Locked=\\\"false\\\" Priority=\\\"39\\\" Name=\\\"toc 5\\\"\/>\n<w:LsdException Locked=\\\"false\\\" Priority=\\\"39\\\" Name=\\\"toc 6\\\"\/>\n<w:LsdException Locked=\\\"false\\\" Priority=\\\"39\\\" Name=\\\"toc 7\\\"\/>\n<w:LsdException Locked=\\\"false\\\" Priority=\\\"39\\\" Name=\\\"toc 8\\\"\/>\n<w:LsdException Locked=\\\"false\\\" Priority=\\\"39\\\" Name=\\\"toc 9\\\"\/>\n<w:LsdException Locked=\\\"false\\\" Priority=\\\"35\\\" QFormat=\\\"true\\\" Name=\\\"caption\\\"\/>\n<w:LsdException Locked=\\\"false\\\" Priority=\\\"10\\\" SemiHidden=\\\"false\\\" UnhideWhenUsed=\\\"false\\\" QFormat=\\\"true\\\" Name=\\\"Title\\\"\/>\n<w:LsdException Locked=\\\"false\\\" Priority=\\\"1\\\" Name=\\\"Default Paragraph Font\\\"\/>\n<w:LsdException Locked=\\\"false\\\" Priority=\\\"11\\\" SemiHidden=\\\"false\\\" UnhideWhenUsed=\\\"false\\\" QFormat=\\\"true\\\" Name=\\\"Subtitle\\\"\/>\n<w:LsdException Locked=\\\"false\\\" Priority=\\\"22\\\" SemiHidden=\\\"false\\\" UnhideWhenUsed=\\\"false\\\" QFormat=\\\"true\\\" Name=\\\"Strong\\\"\/>\n<w:LsdException Locked=\\\"false\\\" Priority=\\\"20\\\" SemiHidden=\\\"false\\\" UnhideWhenUsed=\\\"false\\\" QFormat=\\\"true\\\" Name=\\\"Emphasis\\\"\/>\n<w:LsdException Locked=\\\"false\\\" Priority=\\\"59\\\" SemiHidden=\\\"false\\\" UnhideWhenUsed=\\\"false\\\" Name=\\\"Table Grid\\\"\/>\n<w:LsdException Locked=\\\"false\\\" UnhideWhenUsed=\\\"false\\\" Name=\\\"Placeholder Text\\\"\/>\n<w:LsdException Locked=\\\"false\\\" Priority=\\\"1\\\" SemiHidden=\\\"false\\\" UnhideWhenUsed=\\\"false\\\" QFormat=\\\"true\\\" Name=\\\"No Spacing\\\"\/>\n<w:LsdException Locked=\\\"false\\\" Priority=\\\"60\\\" SemiHidden=\\\"false\\\" UnhideWhenUsed=\\\"false\\\" Name=\\\"Light Shading\\\"\/>\n<w:LsdException Locked=\\\"false\\\" Priority=\\\"61\\\" SemiHidden=\\\"false\\\" UnhideWhenUsed=\\\"false\\\" Name=\\\"Light List\\\"\/>\n<w:LsdException Locked=\\\"false\\\" Priority=\\\"62\\\" SemiHidden=\\\"false\\\" UnhideWhenUsed=\\\"false\\\" Name=\\\"Light Grid\\\"\/>\n<w:LsdException Locked=\\\"false\\\" Priority=\\\"63\\\" SemiHidden=\\\"false\\\" UnhideWhenUsed=\\\"false\\\" Name=\\\"Medium Shading 1\\\"\/>\n<w:LsdException Locked=\\\"false\\\" Priority=\\\"64\\\" SemiHidden=\\\"false\\\" UnhideWhenUsed=\\\"false\\\" Name=\\\"Medium Shading 2\\\"\/>\n<w:LsdException Locked=\\\"false\\\" Priority=\\\"65\\\" SemiHidden=\\\"false\\\" UnhideWhenUsed=\\\"false\\\" Name=\\\"Medium List 1\\\"\/>\n<w:LsdException Locked=\\\"false\\\" Priority=\\\"66\\\" SemiHidden=\\\"false\\\" UnhideWhenUsed=\\\"false\\\" Name=\\\"Medium List 2\\\"\/>\n<w:LsdException Locked=\\\"false\\\" Priority=\\\"67\\\" SemiHidden=\\\"false\\\" UnhideWhenUsed=\\\"false\\\" Name=\\\"Medium Grid 1\\\"\/>\n<w:LsdException Locked=\\\"false\\\" Priority=\\\"68\\\" SemiHidden=\\\"false\\\" UnhideWhenUsed=\\\"false\\\" Name=\\\"Medium Grid 2\\\"\/>\n<w:LsdException Locked=\\\"false\\\" Priority=\\\"69\\\" SemiHidden=\\\"false\\\" UnhideWhenUsed=\\\"false\\\" Name=\\\"Medium Grid 3\\\"\/>\n<w:LsdException Locked=\\\"false\\\" Priority=\\\"70\\\" SemiHidden=\\\"false\\\" UnhideWhenUsed=\\\"false\\\" Name=\\\"Dark List\\\"\/>\n<w:LsdException Locked=\\\"false\\\" Priority=\\\"71\\\" SemiHidden=\\\"false\\\" UnhideWhenUsed=\\\"false\\\" Name=\\\"Colorful Shading\\\"\/>\n<w:LsdException Locked=\\\"false\\\" Priority=\\\"72\\\" SemiHidden=\\\"false\\\" UnhideWhenUsed=\\\"false\\\" Name=\\\"Colorful List\\\"\/>\n<w:LsdException Locked=\\\"false\\\" Priority=\\\"73\\\" SemiHidden=\\\"false\\\" UnhideWhenUsed=\\\"false\\\" Name=\\\"Colorful Grid\\\"\/>\n<w:LsdException Locked=\\\"false\\\" Priority=\\\"60\\\" SemiHidden=\\\"false\\\" UnhideWhenUsed=\\\"false\\\" Name=\\\"Light Shading Accent 1\\\"\/>\n<w:LsdException Locked=\\\"false\\\" Priority=\\\"61\\\" SemiHidden=\\\"false\\\" UnhideWhenUsed=\\\"false\\\" Name=\\\"Light List Accent 1\\\"\/>\n<w:LsdException Locked=\\\"false\\\" Priority=\\\"62\\\" SemiHidden=\\\"false\\\" UnhideWhenUsed=\\\"false\\\" Name=\\\"Light Grid Accent 1\\\"\/>\n<w:LsdException Locked=\\\"false\\\" Priority=\\\"63\\\" SemiHidden=\\\"false\\\" UnhideWhenUsed=\\\"false\\\" Name=\\\"Medium Shading 1 Accent 1\\\"\/>\n<w:LsdException Locked=\\\"false\\\" Priority=\\\"64\\\" SemiHidden=\\\"false\\\" UnhideWhenUsed=\\\"false\\\" Name=\\\"Medium Shading 2 Accent 1\\\"\/>\n<w:LsdException Locked=\\\"false\\\" Priority=\\\"65\\\" SemiHidden=\\\"false\\\" UnhideWhenUsed=\\\"false\\\" Name=\\\"Medium List 1 Accent 1\\\"\/>\n<w:LsdException Locked=\\\"false\\\" UnhideWhenUsed=\\\"false\\\" Name=\\\"Revision\\\"\/>\n<w:LsdException Locked=\\\"false\\\" Priority=\\\"34\\\" SemiHidden=\\\"false\\\" UnhideWhenUsed=\\\"false\\\" QFormat=\\\"true\\\" Name=\\\"List Paragraph\\\"\/>\n<w:LsdException Locked=\\\"false\\\" Priority=\\\"29\\\" SemiHidden=\\\"false\\\" UnhideWhenUsed=\\\"false\\\" QFormat=\\\"true\\\" Name=\\\"Quote\\\"\/>\n<w:LsdException Locked=\\\"false\\\" Priority=\\\"30\\\" SemiHidden=\\\"false\\\" UnhideWhenUsed=\\\"false\\\" QFormat=\\\"true\\\" Name=\\\"Intense Quote\\\"\/>\n<w:LsdException Locked=\\\"false\\\" Priority=\\\"66\\\" SemiHidden=\\\"false\\\" UnhideWhenUsed=\\\"false\\\" Name=\\\"Medium List 2 Accent 1\\\"\/>\n<w:LsdException Locked=\\\"false\\\" Priority=\\\"67\\\" SemiHidden=\\\"false\\\" UnhideWhenUsed=\\\"false\\\" Name=\\\"Medium Grid 1 Accent 1\\\"\/>\n<w:LsdException Locked=\\\"false\\\" Priority=\\\"68\\\" SemiHidden=\\\"false\\\" UnhideWhenUsed=\\\"false\\\" Name=\\\"Medium Grid 2 Accent 1\\\"\/>\n<w:LsdException Locked=\\\"false\\\" Priority=\\\"69\\\" SemiHidden=\\\"false\\\" UnhideWhenUsed=\\\"false\\\" Name=\\\"Medium Grid 3 Accent 1\\\"\/>\n<w:LsdException Locked=\\\"false\\\" Priority=\\\"70\\\" SemiHidden=\\\"false\\\" UnhideWhenUsed=\\\"false\\\" Name=\\\"Dark List Accent 1\\\"\/>\n<w:LsdException Locked=\\\"false\\\" Priority=\\\"71\\\" SemiHidden=\\\"false\\\" UnhideWhenUsed=\\\"false\\\" Name=\\\"Colorful Shading Accent 1\\\"\/>\n<w:LsdException Locked=\\\"false\\\" Priority=\\\"72\\\" SemiHidden=\\\"false\\\" UnhideWhenUsed=\\\"false\\\" Name=\\\"Colorful List Accent 1\\\"\/>\n<w:LsdException Locked=\\\"false\\\" Priority=\\\"73\\\" SemiHidden=\\\"false\\\" UnhideWhenUsed=\\\"false\\\" Name=\\\"Colorful Grid Accent 1\\\"\/>\n<w:LsdException Locked=\\\"false\\\" Priority=\\\"60\\\" SemiHidden=\\\"false\\\" UnhideWhenUsed=\\\"false\\\" Name=\\\"Light Shading Accent 2\\\"\/>\n<w:LsdException Locked=\\\"false\\\" Priority=\\\"61\\\" SemiHidden=\\\"false\\\" UnhideWhenUsed=\\\"false\\\" Name=\\\"Light List Accent 2\\\"\/>\n<w:LsdException Locked=\\\"false\\\" Priority=\\\"62\\\" SemiHidden=\\\"false\\\" UnhideWhenUsed=\\\"false\\\" Name=\\\"Light Grid Accent 2\\\"\/>\n<w:LsdException Locked=\\\"false\\\" Priority=\\\"63\\\" SemiHidden=\\\"false\\\" UnhideWhenUsed=\\\"false\\\" Name=\\\"Medium Shading 1 Accent 2\\\"\/>\n<w:LsdException Locked=\\\"false\\\" Priority=\\\"64\\\" SemiHidden=\\\"false\\\" UnhideWhenUsed=\\\"false\\\" Name=\\\"Medium Shading 2 Accent 2\\\"\/>\n<w:LsdException Locked=\\\"false\\\" Priority=\\\"65\\\" SemiHidden=\\\"false\\\" UnhideWhenUsed=\\\"false\\\" Name=\\\"Medium List 1 Accent 2\\\"\/>\n<w:LsdException Locked=\\\"false\\\" Priority=\\\"66\\\" SemiHidden=\\\"false\\\" UnhideWhenUsed=\\\"false\\\" Name=\\\"Medium List 2 Accent 2\\\"\/>\n<w:LsdException Locked=\\\"false\\\" Priority=\\\"67\\\" SemiHidden=\\\"false\\\" UnhideWhenUsed=\\\"false\\\" Name=\\\"Medium Grid 1 Accent 2\\\"\/>\n<w:LsdException Locked=\\\"false\\\" Priority=\\\"68\\\" SemiHidden=\\\"false\\\" UnhideWhenUsed=\\\"false\\\" Name=\\\"Medium Grid 2 Accent 2\\\"\/>\n<w:LsdException Locked=\\\"false\\\" Priority=\\\"69\\\" SemiHidden=\\\"false\\\" UnhideWhenUsed=\\\"false\\\" Name=\\\"Medium Grid 3 Accent 2\\\"\/>\n<w:LsdException Locked=\\\"false\\\" Priority=\\\"70\\\" SemiHidden=\\\"false\\\" UnhideWhenUsed=\\\"false\\\" Name=\\\"Dark List Accent 2\\\"\/>\n<w:LsdException Locked=\\\"false\\\" Priority=\\\"71\\\" SemiHidden=\\\"false\\\" UnhideWhenUsed=\\\"false\\\" Name=\\\"Colorful Shading Accent 2\\\"\/>\n<w:LsdException Locked=\\\"false\\\" Priority=\\\"72\\\" SemiHidden=\\\"false\\\" UnhideWhenUsed=\\\"false\\\" Name=\\\"Colorful List Accent 2\\\"\/>\n<w:LsdException Locked=\\\"false\\\" Priority=\\\"73\\\" SemiHidden=\\\"false\\\" UnhideWhenUsed=\\\"false\\\" Name=\\\"Colorful Grid Accent 2\\\"\/>\n<w:LsdException Locked=\\\"false\\\" Priority=\\\"60\\\" SemiHidden=\\\"false\\\" UnhideWhenUsed=\\\"false\\\" Name=\\\"Light Shading Accent 3\\\"\/>\n<w:LsdException Locked=\\\"false\\\" Priority=\\\"61\\\" SemiHidden=\\\"false\\\" UnhideWhenUsed=\\\"false\\\" Name=\\\"Light List Accent 3\\\"\/>\n<w:LsdException Locked=\\\"false\\\" Priority=\\\"62\\\" SemiHidden=\\\"false\\\" UnhideWhenUsed=\\\"false\\\" Name=\\\"Light Grid Accent 3\\\"\/>\n<w:LsdException Locked=\\\"false\\\" Priority=\\\"63\\\" SemiHidden=\\\"false\\\" UnhideWhenUsed=\\\"false\\\" Name=\\\"Medium Shading 1 Accent 3\\\"\/>\n<w:LsdException Locked=\\\"false\\\" Priority=\\\"64\\\" SemiHidden=\\\"false\\\" UnhideWhenUsed=\\\"false\\\" Name=\\\"Medium Shading 2 Accent 3\\\"\/>\n<w:LsdException Locked=\\\"false\\\" Priority=\\\"65\\\" SemiHidden=\\\"false\\\" UnhideWhenUsed=\\\"false\\\" Name=\\\"Medium List 1 Accent 3\\\"\/>\n<w:LsdException Locked=\\\"false\\\" Priority=\\\"66\\\" SemiHidden=\\\"false\\\" UnhideWhenUsed=\\\"false\\\" Name=\\\"Medium List 2 Accent 3\\\"\/>\n<w:LsdException Locked=\\\"false\\\" Priority=\\\"67\\\" SemiHidden=\\\"false\\\" UnhideWhenUsed=\\\"false\\\" Name=\\\"Medium Grid 1 Accent 3\\\"\/>\n<w:LsdException Locked=\\\"false\\\" Priority=\\\"68\\\" SemiHidden=\\\"false\\\" UnhideWhenUsed=\\\"false\\\" Name=\\\"Medium Grid 2 Accent 3\\\"\/>\n<w:LsdException Locked=\\\"false\\\" Priority=\\\"69\\\" SemiHidden=\\\"false\\\" UnhideWhenUsed=\\\"false\\\" Name=\\\"Medium Grid 3 Accent 3\\\"\/>\n<w:LsdException Locked=\\\"false\\\" Priority=\\\"70\\\" SemiHidden=\\\"false\\\" UnhideWhenUsed=\\\"false\\\" Name=\\\"Dark List Accent 3\\\"\/>\n<w:LsdException Locked=\\\"false\\\" Priority=\\\"71\\\" SemiHidden=\\\"false\\\" UnhideWhenUsed=\\\"false\\\" Name=\\\"Colorful Shading Accent 3\\\"\/>\n<w:LsdException Locked=\\\"false\\\" Priority=\\\"72\\\" SemiHidden=\\\"false\\\" UnhideWhenUsed=\\\"false\\\" Name=\\\"Colorful List Accent 3\\\"\/>\n<w:LsdException Locked=\\\"false\\\" Priority=\\\"73\\\" SemiHidden=\\\"false\\\" UnhideWhenUsed=\\\"false\\\" Name=\\\"Colorful Grid Accent 3\\\"\/>\n<w:LsdException Locked=\\\"false\\\" Priority=\\\"60\\\" SemiHidden=\\\"false\\\" UnhideWhenUsed=\\\"false\\\" Name=\\\"Light Shading Accent 4\\\"\/>\n<w:LsdException Locked=\\\"false\\\" Priority=\\\"61\\\" SemiHidden=\\\"false\\\" UnhideWhenUsed=\\\"false\\\" Name=\\\"Light List Accent 4\\\"\/>\n<w:LsdException Locked=\\\"false\\\" Priority=\\\"62\\\" SemiHidden=\\\"false\\\" UnhideWhenUsed=\\\"false\\\" Name=\\\"Light Grid Accent 4\\\"\/>\n<w:LsdException Locked=\\\"false\\\" Priority=\\\"63\\\" SemiHidden=\\\"false\\\" UnhideWhenUsed=\\\"false\\\" Name=\\\"Medium Shading 1 Accent 4\\\"\/>\n<w:LsdException Locked=\\\"false\\\" Priority=\\\"64\\\" SemiHidden=\\\"false\\\" UnhideWhenUsed=\\\"false\\\" Name=\\\"Medium Shading 2 Accent 4\\\"\/>\n<w:LsdException Locked=\\\"false\\\" Priority=\\\"65\\\" SemiHidden=\\\"false\\\" UnhideWhenUsed=\\\"false\\\" Name=\\\"Medium List 1 Accent 4\\\"\/>\n<w:LsdException Locked=\\\"false\\\" Priority=\\\"66\\\" SemiHidden=\\\"false\\\" UnhideWhenUsed=\\\"false\\\" Name=\\\"Medium List 2 Accent 4\\\"\/>\n<w:LsdException Locked=\\\"false\\\" Priority=\\\"67\\\" SemiHidden=\\\"false\\\" UnhideWhenUsed=\\\"false\\\" Name=\\\"Medium Grid 1 Accent 4\\\"\/>\n<w:LsdException Locked=\\\"false\\\" Priority=\\\"68\\\" SemiHidden=\\\"false\\\" UnhideWhenUsed=\\\"false\\\" Name=\\\"Medium Grid 2 Accent 4\\\"\/>\n<w:LsdException Locked=\\\"false\\\" Priority=\\\"69\\\" SemiHidden=\\\"false\\\" UnhideWhenUsed=\\\"false\\\" Name=\\\"Medium Grid 3 Accent 4\\\"\/>\n<w:LsdException Locked=\\\"false\\\" Priority=\\\"70\\\" SemiHidden=\\\"false\\\" UnhideWhenUsed=\\\"false\\\" Name=\\\"Dark List Accent 4\\\"\/>\n<w:LsdException Locked=\\\"false\\\" Priority=\\\"71\\\" SemiHidden=\\\"false\\\" UnhideWhenUsed=\\\"false\\\" Name=\\\"Colorful Shading Accent 4\\\"\/>\n<w:LsdException Locked=\\\"false\\\" Priority=\\\"72\\\" SemiHidden=\\\"false\\\" UnhideWhenUsed=\\\"false\\\" Name=\\\"Colorful List Accent 4\\\"\/>\n<w:LsdException Locked=\\\"false\\\" Priority=\\\"73\\\" SemiHidden=\\\"false\\\" UnhideWhenUsed=\\\"false\\\" Name=\\\"Colorful Grid Accent 4\\\"\/>\n<w:LsdException Locked=\\\"false\\\" Priority=\\\"60\\\" SemiHidden=\\\"false\\\" UnhideWhenUsed=\\\"false\\\" Name=\\\"Light Shading Accent 5\\\"\/>\n<w:LsdException Locked=\\\"false\\\" Priority=\\\"61\\\" SemiHidden=\\\"false\\\" UnhideWhenUsed=\\\"false\\\" Name=\\\"Light List Accent 5\\\"\/>\n<w:LsdException Locked=\\\"false\\\" Priority=\\\"62\\\" SemiHidden=\\\"false\\\" UnhideWhenUsed=\\\"false\\\" Name=\\\"Light Grid Accent 5\\\"\/>\n<w:LsdException Locked=\\\"false\\\" Priority=\\\"63\\\" SemiHidden=\\\"false\\\" UnhideWhenUsed=\\\"false\\\" Name=\\\"Medium Shading 1 Accent 5\\\"\/>\n<w:LsdException Locked=\\\"false\\\" Priority=\\\"64\\\" SemiHidden=\\\"false\\\" UnhideWhenUsed=\\\"false\\\" Name=\\\"Medium Shading 2 Accent 5\\\"\/>\n<w:LsdException Locked=\\\"false\\\" Priority=\\\"65\\\" SemiHidden=\\\"false\\\" UnhideWhenUsed=\\\"false\\\" Name=\\\"Medium List 1 Accent 5\\\"\/>\n<w:LsdException Locked=\\\"false\\\" Priority=\\\"66\\\" SemiHidden=\\\"false\\\" UnhideWhenUsed=\\\"false\\\" Name=\\\"Medium List 2 Accent 5\\\"\/>\n<w:LsdException Locked=\\\"false\\\" Priority=\\\"67\\\" SemiHidden=\\\"false\\\" UnhideWhenUsed=\\\"false\\\" Name=\\\"Medium Grid 1 Accent 5\\\"\/>\n<w:LsdException Locked=\\\"false\\\" Priority=\\\"68\\\" SemiHidden=\\\"false\\\" UnhideWhenUsed=\\\"false\\\" Name=\\\"Medium Grid 2 Accent 5\\\"\/>\n<w:LsdException Locked=\\\"false\\\" Priority=\\\"69\\\" SemiHidden=\\\"false\\\" UnhideWhenUsed=\\\"false\\\" Name=\\\"Medium Grid 3 Accent 5\\\"\/>\n<w:LsdException Locked=\\\"false\\\" Priority=\\\"70\\\" SemiHidden=\\\"false\\\" UnhideWhenUsed=\\\"false\\\" Name=\\\"Dark List Accent 5\\\"\/>\n<w:LsdException Locked=\\\"false\\\" Priority=\\\"71\\\" SemiHidden=\\\"false\\\" UnhideWhenUsed=\\\"false\\\" Name=\\\"Colorful Shading Accent 5\\\"\/>\n<w:LsdException Locked=\\\"false\\\" Priority=\\\"72\\\" SemiHidden=\\\"false\\\" UnhideWhenUsed=\\\"false\\\" Name=\\\"Colorful List Accent 5\\\"\/>\n<w:LsdException Locked=\\\"false\\\" Priority=\\\"73\\\" SemiHidden=\\\"false\\\" UnhideWhenUsed=\\\"false\\\" Name=\\\"Colorful Grid Accent 5\\\"\/>\n<w:LsdException Locked=\\\"false\\\" Priority=\\\"60\\\" SemiHidden=\\\"false\\\" UnhideWhenUsed=\\\"false\\\" Name=\\\"Light Shading Accent 6\\\"\/>\n<w:LsdException Locked=\\\"false\\\" Priority=\\\"61\\\" SemiHidden=\\\"false\\\" UnhideWhenUsed=\\\"false\\\" Name=\\\"Light List Accent 6\\\"\/>\n<w:LsdException Locked=\\\"false\\\" Priority=\\\"62\\\" SemiHidden=\\\"false\\\" UnhideWhenUsed=\\\"false\\\" Name=\\\"Light Grid Accent 6\\\"\/>\n<w:LsdException Locked=\\\"false\\\" Priority=\\\"63\\\" SemiHidden=\\\"false\\\" UnhideWhenUsed=\\\"false\\\" Name=\\\"Medium Shading 1 Accent 6\\\"\/>\n<w:LsdException Locked=\\\"false\\\" Priority=\\\"64\\\" SemiHidden=\\\"false\\\" UnhideWhenUsed=\\\"false\\\" Name=\\\"Medium Shading 2 Accent 6\\\"\/>\n<w:LsdException Locked=\\\"false\\\" Priority=\\\"65\\\" SemiHidden=\\\"false\\\" UnhideWhenUsed=\\\"false\\\" Name=\\\"Medium List 1 Accent 6\\\"\/>\n<w:LsdException Locked=\\\"false\\\" Priority=\\\"66\\\" SemiHidden=\\\"false\\\" UnhideWhenUsed=\\\"false\\\" Name=\\\"Medium List 2 Accent 6\\\"\/>\n<w:LsdException Locked=\\\"false\\\" Priority=\\\"67\\\" SemiHidden=\\\"false\\\" UnhideWhenUsed=\\\"false\\\" Name=\\\"Medium Grid 1 Accent 6\\\"\/>\n<w:LsdException Locked=\\\"false\\\" Priority=\\\"68\\\" SemiHidden=\\\"false\\\" UnhideWhenUsed=\\\"false\\\" Name=\\\"Medium Grid 2 Accent 6\\\"\/>\n<w:LsdException Locked=\\\"false\\\" Priority=\\\"69\\\" SemiHidden=\\\"false\\\" UnhideWhenUsed=\\\"false\\\" Name=\\\"Medium Grid 3 Accent 6\\\"\/>\n<w:LsdException Locked=\\\"false\\\" Priority=\\\"70\\\" SemiHidden=\\\"false\\\" UnhideWhenUsed=\\\"false\\\" Name=\\\"Dark List Accent 6\\\"\/>\n<w:LsdException Locked=\\\"false\\\" Priority=\\\"71\\\" SemiHidden=\\\"false\\\" UnhideWhenUsed=\\\"false\\\" Name=\\\"Colorful Shading Accent 6\\\"\/>\n<w:LsdException Locked=\\\"false\\\" Priority=\\\"72\\\" SemiHidden=\\\"false\\\" UnhideWhenUsed=\\\"false\\\" Name=\\\"Colorful List Accent 6\\\"\/>\n<w:LsdException Locked=\\\"false\\\" Priority=\\\"73\\\" SemiHidden=\\\"false\\\" UnhideWhenUsed=\\\"false\\\" Name=\\\"Colorful Grid Accent 6\\\"\/>\n<w:LsdException Locked=\\\"false\\\" Priority=\\\"19\\\" SemiHidden=\\\"false\\\" UnhideWhenUsed=\\\"false\\\" QFormat=\\\"true\\\" Name=\\\"Subtle Emphasis\\\"\/>\n<w:LsdException Locked=\\\"false\\\" Priority=\\\"21\\\" SemiHidden=\\\"false\\\" UnhideWhenUsed=\\\"false\\\" QFormat=\\\"true\\\" Name=\\\"Intense Emphasis\\\"\/>\n<w:LsdException Locked=\\\"false\\\" Priority=\\\"31\\\" SemiHidden=\\\"false\\\" UnhideWhenUsed=\\\"false\\\" QFormat=\\\"true\\\" Name=\\\"Subtle Reference\\\"\/>\n<w:LsdException Locked=\\\"false\\\" Priority=\\\"32\\\" SemiHidden=\\\"false\\\" UnhideWhenUsed=\\\"false\\\" QFormat=\\\"true\\\" Name=\\\"Intense Reference\\\"\/>\n<w:LsdException Locked=\\\"false\\\" Priority=\\\"33\\\" SemiHidden=\\\"false\\\" UnhideWhenUsed=\\\"false\\\" QFormat=\\\"true\\\" Name=\\\"Book Title\\\"\/>\n<w:LsdException Locked=\\\"false\\\" Priority=\\\"37\\\" Name=\\\"Bibliography\\\"\/>\n<w:LsdException Locked=\\\"false\\\" Priority=\\\"39\\\" QFormat=\\\"true\\\" Name=\\\"TOC Heading\\\"\/>\n<\/w:LatentStyles>\n<\/xml><![endif]--><!-- [if gte mso 10]>\n\n\n\n<style>\n \/* Style Definitions *\/<br \/> table.MsoNormalTable<br \/>        {mso-style-name:\\\"Table Normal\\\";<br \/>        mso-tstyle-rowband-size:0;<br \/>        mso-tstyle-colband-size:0;<br \/>        mso-style-noshow:yes;<br \/>        mso-style-priority:99;<br \/>        mso-style-qformat:yes;<br \/>        mso-style-parent:\\\"\\\";<br \/>        mso-padding-alt:0cm 5.4pt 0cm 5.4pt;<br \/>        mso-para-margin:0cm;<br \/>        mso-para-margin-bottom:.0001pt;<br \/>        mso-pagination:widow-orphan;<br \/>        font-size:11.0pt;<br \/>        font-family:\\\"Calibri\\\",\\\"sans-serif\\\";<br \/>        mso-ascii-font-family:Calibri;<br \/>        mso-ascii-theme-font:minor-latin;<br \/>        mso-fareast-font-family:\\\"Times New Roman\\\";<br \/>        mso-fareast-theme-font:minor-fareast;<br \/>        mso-hansi-font-family:Calibri;<br \/>        mso-hansi-theme-font:minor-latin;<br \/>        mso-bidi-font-family:\\\"Times New Roman\\\";<br \/>        mso-bidi-theme-font:minor-bidi;}<br \/><\/style>\n\n<![endif]--><\/p>\n<p><strong>Sp\u00e9cifications techniques:<\/strong><\/p>\n<p><strong>\u00a0<\/strong><\/p>\n<ul>\n<li>Diam\u00e8tre : 58 cm.<\/li>\n<li>Diam\u00e8tre du fond : 49 cm.<\/li>\n<li>Nombre de portions : 12-20<\/li>\n<li>Hauteur : 85 cm.<\/li>\n<li>Hauteur de la po\u00eale : 5 cm.<\/li>\n<li>Poids : la po\u00eale 9 kg, total 20 kg.<\/li>\n<li>Mat\u00e9riau : acier de 3 mm.<\/li>\n<li>Br\u00fbleur : 11,4 kW. Diam\u00e8tre : 400 mm.<\/li>\n<li>Les deux cercles du br\u00fbleur peuvent \u00eatre r\u00e9gl\u00e9s s\u00e9par\u00e9ment.<\/li>\n<li>Consommation de gaz \u00e0 pleine capacit\u00e9 : 1 kg \/ h. Dans les conditions habituelles : 0,3-0,6 kg \/ h.<\/li>\n<li>NB\u00a0! Le br\u00fbleur \u00e0 gaz dispose d&rsquo;un raccord gaz selon la norme fran\u00e7aise, belge ou suisse. La buse est assembl\u00e9e en usine selon la destination de la commande.<\/li>\n<li>Le br\u00fbleur a une allumage \u00e9lectrique du pile.<\/li>\n<li>Les pieds sont d\u00e9tachables et montables avec des boulons (papillon).<\/li>\n<li>Le r\u00e9ducteur et le tuyau de gaz ne sont pas inclus.<\/li>\n<\/ul>\n<p>&nbsp;<\/p>\n<p>NB! Le couvercle n&rsquo;est pas inclus dans l&rsquo;ensemble.<\/p>\n<p>&nbsp;<\/p>\n<p><strong>Avantages du produit de la s\u00e9rie GrillSymbol PRO :<\/strong><\/p>\n<p><strong>\u00a0<\/strong><\/p>\n<ul>\n<li>La s\u00e9curit\u00e9 avant tout &#8211; le produit r\u00e9pond aux exigences CE.<\/li>\n<li>Une po\u00eale \u00e0 rebord haut permet de faire frire, cuire, cuire \u00e0 la vapeur et bouillir.<\/li>\n<li>Triple Windshield &#8211; triple protection contre le vent.<\/li>\n<li>Triple Windshield &#8211; la chaleur est dirig\u00e9e directement sur la po\u00eale, elle ne se dissipe pas.<\/li>\n<li>Triple Windshield &#8211; diminution de la consommation de gaz.<\/li>\n<li>Click and Cook &#8211; allumer le feu avec une pile &#8211; oublier les allumettes.<\/li>\n<li>Cadre et pieds solides &#8211; le produit est stable.<\/li>\n<li>Pare-brise et pieds en acier inoxydable &#8211; ne rouillent pas et sont faciles \u00e0 entretenir.<\/li>\n<li>Pr\u00eat \u00e0 l&#8217;emploi &#8211; le produit est pr\u00e9-assembl\u00e9 et le montage ne prend que deux minutes.<\/li>\n<li>Le br\u00fbleur et le pare-brise peuvent \u00eatre utilis\u00e9s avec diff\u00e9rentes po\u00eales.<\/li>\n<li>Test\u00e9 et d\u00e9velopp\u00e9 dans les pays nordiques, produit en Estonie.<\/li>\n<li>GrillSymbol &#8211; Entreprise familiale depuis 1925.<\/li>\n<\/ul>\n","protected":false},"excerpt":{"rendered":"<p>Une po\u00eale <strong>en acier<\/strong> \u00e0 rebord haut avec de tr\u00e8s bonnes fonctionnalit\u00e9s de cuisson, parfaitement adapt\u00e9e \u00e0 faire frire, pr\u00e9parer de la viande, du poisson, des l\u00e9gumes et diff\u00e9rents plats de riz. La po\u00eale convient \u00e9galement \u00e0 faire de savoureuses cr\u00eapes. Utilisez votre imagination et faites cuire le plat de votre choix !<\/p>\n<p><strong>PRO-580<\/strong> est l&rsquo;un des kits les plus populaires parmi <strong>les utilisateurs \u00e0 domicile<\/strong>. Une construction solide, un br\u00fbleur \u00e0 gaz puissant, un poids l\u00e9ger et une po\u00eale \u00e0 rebord haut forment un ensemble qui fonctionne bien. Elle permet de pr\u00e9parer diff\u00e9rents plats \u00e0 partir d&rsquo;ingr\u00e9dients crus mais aussi d&rsquo;ingr\u00e9dients pr\u00e9cuits. La po\u00eale peut contenir 12 \u00e0 20 portions selon le type de plat. Le fond plat de la po\u00eale permet parfaitement de garder les aliments au chaud. Le fond de la po\u00eale devient un peu creux en chauffant. La po\u00eale a un rebord de 5 cm, ce qui permet aux aliments d&rsquo;\u00eatre cuits et cuits \u00e0 la vapeur (avec le couvercle), c&rsquo;est un grand avantage par rapport \u00e0 une po\u00eale \u00e0 rebord bas. Le <strong>Triple Windshield<\/strong> assure la meilleure protection possible contre le vent et la flamme ne s\u2019\u00e9teindra pas m\u00eame avec un vent mod\u00e9r\u00e9.<\/p>\n<p>&nbsp;<\/p>\n","protected":false},"featured_media":10917,"comment_status":"open","ping_status":"closed","template":"","meta":{"footnotes":""},"class_list":["post-10907","product","type-product","status-publish","has-post-thumbnail","hentry","product_cat-kit-a-paella-professionnel"],"_links":{"self":[{"href":"https:\/\/www.grillsymbol.com\/fr\/wp-json\/wp\/v2\/product\/10907","targetHints":{"allow":["GET"]}}],"collection":[{"href":"https:\/\/www.grillsymbol.com\/fr\/wp-json\/wp\/v2\/product"}],"about":[{"href":"https:\/\/www.grillsymbol.com\/fr\/wp-json\/wp\/v2\/types\/product"}],"replies":[{"embeddable":true,"href":"https:\/\/www.grillsymbol.com\/fr\/wp-json\/wp\/v2\/comments?post=10907"}],"version-history":[{"count":0,"href":"https:\/\/www.grillsymbol.com\/fr\/wp-json\/wp\/v2\/product\/10907\/revisions"}],"wp:featuredmedia":[{"embeddable":true,"href":"https:\/\/www.grillsymbol.com\/fr\/wp-json\/wp\/v2\/media\/10917"}],"wp:attachment":[{"href":"https:\/\/www.grillsymbol.com\/fr\/wp-json\/wp\/v2\/media?parent=10907"}],"curies":[{"name":"wp","href":"https:\/\/api.w.org\/{rel}","templated":true}]}}