{"id":11112,"date":"2017-04-11T06:40:58","date_gmt":"2017-04-11T06:40:58","guid":{"rendered":"https:\/\/www.grillsymbol.com\/shop\/uncategorized\/grillsymbol-paella-frying-pan-pro-720\/"},"modified":"2021-12-25T09:49:11","modified_gmt":"2021-12-25T09:49:11","slug":"grillsymbol-poele-a-paella-fp-720-o-72-cm","status":"publish","type":"product","link":"https:\/\/www.grillsymbol.com\/fr\/shop\/poeles-wok-et-paella\/grillsymbol-poele-a-paella-fp-720-o-72-cm\/","title":{"rendered":"GrillSymbol Po\u00eale \u00e0 paella  FP-720, \u00f8 72 cm"},"content":{"rendered":"<p><strong>Sp\u00e9cifications techniques:<\/strong><\/p>\n<p><strong>\u00a0<\/strong><\/p>\n<ul>\n<li>Diam\u00e8tre : 72 cm.<\/li>\n<li>Diam\u00e8tre du fond : 61 cm.<\/li>\n<li>Nombre de portions : 20-30<\/li>\n<li>Hauteur de la po\u00eale : 5 cm.<\/li>\n<li>Poids : 14 kg.<\/li>\n<li>Mat\u00e9riau : acier de 4 mm.<\/li>\n<li>Test\u00e9 et d\u00e9velopp\u00e9 dans les pays nordiques, produit en Estonie.<\/li>\n<li>GrillSymbol &#8211; Entreprise familiale depuis 1925.<\/li>\n<\/ul>\n","protected":false},"excerpt":{"rendered":"<p>Une po\u00eale <strong>en acier<\/strong> <strong>\u00e0 rebord haut<\/strong> et <strong>\u00e0 fond \u00e9pais<\/strong> (le fond \u00e9pais est de 3 mm) avec de tr\u00e8s bonnes fonctionnalit\u00e9s de cuisson, parfaitement adapt\u00e9e \u00e0 pr\u00e9parer de la viande, du poisson, des l\u00e9gumes et diff\u00e9rents plats de riz. La po\u00eale convient \u00e9galement \u00e0 faire de savoureuses cr\u00eapes. Une po\u00eale \u00e0 rebord haut et \u00e0 fond \u00e9pais est particuli\u00e8rement adapt\u00e9e <strong>\u00e0 la pr\u00e9paration de la paella<\/strong>, car sur une po\u00eale \u00e0 fond mince (1-2 mm), la paella peut rapidement attacher au fond.<\/p>\n<p>L\\&rsquo;avantage d\\&rsquo;une po\u00eale \u00e0 fond \u00e9pais par rapport \u00e0 une po\u00eale \u00e0 fond mince est que la po\u00eale ne se d\u00e9forme pas pendant la cuisson.<\/p>\n<p>Le fond plat de la po\u00eale permet parfaitement de garder les aliments au chaud. Id\u00e9al pour une utilisation dans la cuisine ext\u00e9rieure, sur un feu de camp ou sur un br\u00fbleur \u00e0 gaz. Utilisez votre imagination et faites cuire le plat de votre choix !<\/p>\n<p>&nbsp;<\/p>\n","protected":false},"featured_media":16102,"comment_status":"open","ping_status":"closed","template":"","meta":{"footnotes":""},"class_list":["post-11112","product","type-product","status-publish","has-post-thumbnail","hentry","product_cat-poeles-wok-et-paella"],"_links":{"self":[{"href":"https:\/\/www.grillsymbol.com\/fr\/wp-json\/wp\/v2\/product\/11112","targetHints":{"allow":["GET"]}}],"collection":[{"href":"https:\/\/www.grillsymbol.com\/fr\/wp-json\/wp\/v2\/product"}],"about":[{"href":"https:\/\/www.grillsymbol.com\/fr\/wp-json\/wp\/v2\/types\/product"}],"replies":[{"embeddable":true,"href":"https:\/\/www.grillsymbol.com\/fr\/wp-json\/wp\/v2\/comments?post=11112"}],"version-history":[{"count":0,"href":"https:\/\/www.grillsymbol.com\/fr\/wp-json\/wp\/v2\/product\/11112\/revisions"}],"wp:featuredmedia":[{"embeddable":true,"href":"https:\/\/www.grillsymbol.com\/fr\/wp-json\/wp\/v2\/media\/16102"}],"wp:attachment":[{"href":"https:\/\/www.grillsymbol.com\/fr\/wp-json\/wp\/v2\/media?parent=11112"}],"curies":[{"name":"wp","href":"https:\/\/api.w.org\/{rel}","templated":true}]}}