{"id":11304,"date":"2021-02-15T05:00:04","date_gmt":"2021-02-15T05:00:04","guid":{"rendered":"https:\/\/www.grillsymbol.com\/?post_type=product&#038;p=11304"},"modified":"2023-12-13T13:42:39","modified_gmt":"2023-12-13T13:42:39","slug":"grillsymbol-kit-a-cataplana-pro-545-inox-cat","status":"publish","type":"product","link":"https:\/\/www.grillsymbol.com\/fr\/shop\/bruleur-wok-a-gaz-professionnel\/grillsymbol-kit-a-cataplana-pro-545-inox-cat\/","title":{"rendered":"GrillSymbol Kit \u00e0 Cataplana PRO-545 inox CAT"},"content":{"rendered":"<p><strong>Sp\u00e9cifications techniques:<\/strong><\/p>\n<p><strong>\u00a0<\/strong><\/p>\n<ul>\n<li>Mat\u00e9riau : acier inoxydable de 3 mm<\/li>\n<li>Diam\u00e8tre : 54 cm<\/li>\n<li>Profondeur : 10 cm<\/li>\n<li>Hauteur : 98 cm<\/li>\n<li>Poids : la po\u00eale 9 kg, total 22 kg<\/li>\n<li>Nombre de portions : 20<\/li>\n<li>Br\u00fbleur : 11,4 kW, diam\u00e8tre : 40 cm<\/li>\n<li>Les deux cercles du br\u00fbleur peuvent \u00eatre r\u00e9gl\u00e9s s\u00e9par\u00e9ment<\/li>\n<li>Consommation de gaz \u00e0 pleine capacit\u00e9 : 1 kg \/ h. Dans les conditions habituelles : 0,3-0,6 kg \/ h<\/li>\n<li>NB\u00a0! Le br\u00fbleur \u00e0 gaz dispose d&rsquo;un raccord gaz selon la norme fran\u00e7aise, belge ou suisse. La buse est assembl\u00e9e en usine selon la destination de la commande<\/li>\n<li>Le br\u00fbleur a une allumage \u00e9lectrique du pile<\/li>\n<li>Les pieds sont d\u00e9tachables et montables avec des boulons (papillon)<\/li>\n<li>Le r\u00e9ducteur et le tuyau de gaz ne sont pas inclus<\/li>\n<\/ul>\n<p>&nbsp;<\/p>\n<p><strong>Avantages du produit de la s\u00e9rie GrillSymbol PRO :<\/strong><\/p>\n<p><strong>\u00a0<\/strong><\/p>\n<ul>\n<li>Triple Windshield \u2013 triple protection contre le vent, la chaleur est dirig\u00e9e directement sur la po\u00eale, diminution de la consommation de gaz.<\/li>\n<li>Click and Cook \u2013 allumer le feu avec une pile \u2013 oublier les allumettes.<\/li>\n<li>Cadre et pieds solides \u2013 le produit est stable.<\/li>\n<li>Pare-brise et pieds en acier inoxydable \u2013 ne rouillent pas et sont faciles \u00e0 entretenir.<\/li>\n<li>Pr\u00eat \u00e0 l\u2019emploi \u2013 le produit est pr\u00e9-assembl\u00e9 et le montage ne prend que deux minutes.<\/li>\n<li>Le br\u00fbleur et le pare-brise peuvent \u00eatre utilis\u00e9s avec diff\u00e9rentes po\u00eales.<\/li>\n<li>GrillSymbol \u2013 Entreprise familiale depuis 1925. Test\u00e9 et d\u00e9velopp\u00e9 dans les pays nordiques, produit en Estonie.<\/li>\n<\/ul>\n<ul>\n<li style=\"list-style-type: none;\"><\/li>\n<\/ul>\n","protected":false},"excerpt":{"rendered":"<p><strong>Dans l&rsquo;ensemble de PRO-545i-CAT il y a une grande po\u00eale Cataplana, un couvercle, un br\u00fbleur \u00e0 gaz et des pieds. <\/strong>Avec un couvercle convexe, il fonctionne comme une cataplana traditionnelle. Les cataplanas de GrillSymbol n&rsquo;ont pas de supports de serrage sur le couvercle, de sorte que la po\u00eale peut \u00eatre utilis\u00e9e \u00e0 diff\u00e9rents usages.<\/p>\n<p>La po\u00eale profonde en acier inoxydable \u00e0 fond \u00e9pais (3 mm) avec un couvercle en aluminium l\u00e9ger fonctionne comme une cataplana, et sans couvercle comme un wok. Gr\u00e2ce \u00e0 sa forme concave, il peut \u00eatre utilis\u00e9 pour pr\u00e9parer une grande vari\u00e9t\u00e9 d&rsquo;aliments, de la cuisine m\u00e9diterran\u00e9enne \u00e0 la cuisine japonaise. La forme creuse permet d&rsquo;utiliser la po\u00eale comme friteuse pour churros, bu\u00f1uelos, tempura, nems, etc. Diverses soupes peuvent \u00e9galement y \u00eatre pr\u00e9par\u00e9es.<\/p>\n<p>&nbsp;<\/p>\n","protected":false},"featured_media":13796,"comment_status":"open","ping_status":"closed","template":"","meta":{"footnotes":""},"class_list":["post-11304","product","type-product","status-publish","has-post-thumbnail","hentry","product_cat-bruleur-wok-a-gaz-professionnel"],"_links":{"self":[{"href":"https:\/\/www.grillsymbol.com\/fr\/wp-json\/wp\/v2\/product\/11304","targetHints":{"allow":["GET"]}}],"collection":[{"href":"https:\/\/www.grillsymbol.com\/fr\/wp-json\/wp\/v2\/product"}],"about":[{"href":"https:\/\/www.grillsymbol.com\/fr\/wp-json\/wp\/v2\/types\/product"}],"replies":[{"embeddable":true,"href":"https:\/\/www.grillsymbol.com\/fr\/wp-json\/wp\/v2\/comments?post=11304"}],"version-history":[{"count":0,"href":"https:\/\/www.grillsymbol.com\/fr\/wp-json\/wp\/v2\/product\/11304\/revisions"}],"wp:featuredmedia":[{"embeddable":true,"href":"https:\/\/www.grillsymbol.com\/fr\/wp-json\/wp\/v2\/media\/13796"}],"wp:attachment":[{"href":"https:\/\/www.grillsymbol.com\/fr\/wp-json\/wp\/v2\/media?parent=11304"}],"curies":[{"name":"wp","href":"https:\/\/api.w.org\/{rel}","templated":true}]}}