{"id":11379,"date":"2021-02-19T09:39:55","date_gmt":"2021-02-19T09:39:55","guid":{"rendered":"https:\/\/www.grillsymbol.com\/?post_type=product&#038;p=11379"},"modified":"2021-12-25T11:09:39","modified_gmt":"2021-12-25T11:09:39","slug":"grillsymbol-housse-de-poele-en-tissu-pour-pro-460-pro-450","status":"publish","type":"product","link":"https:\/\/www.grillsymbol.com\/fr\/shop\/accessoires-et-couvercles-de-paella\/grillsymbol-housse-de-poele-en-tissu-pour-pro-460-pro-450\/","title":{"rendered":"GrillSymbol Housse de po\u00eale en tissu pour PRO-460 \/PRO-450"},"content":{"rendered":"<ul>\n<li>Mat\u00e9riel : tissu PVC.<\/li>\n<li>Couleur : noir.<\/li>\n<li>Dans l&rsquo;extr\u00e9mit\u00e9 inf\u00e9rieure, il y a une ficelle pour le serrage.<\/li>\n<li>La housse a son propre emballage.<\/li>\n<\/ul>\n","protected":false},"excerpt":{"rendered":"<p>Housse de po\u00eale. Elle prot\u00e8ge une po\u00eale contre l&rsquo;humidit\u00e9 et la poussi\u00e8re. Convient aux mod\u00e8les PRO-460\/ PRO-460 inox\/ PRO-450\/PRO-450 inox.<\/p>\n<p>&nbsp;<\/p>\n","protected":false},"featured_media":13633,"comment_status":"open","ping_status":"closed","template":"","meta":{"footnotes":""},"class_list":["post-11379","product","type-product","status-publish","has-post-thumbnail","hentry","product_cat-accessoires-et-couvercles-de-paella"],"_links":{"self":[{"href":"https:\/\/www.grillsymbol.com\/fr\/wp-json\/wp\/v2\/product\/11379","targetHints":{"allow":["GET"]}}],"collection":[{"href":"https:\/\/www.grillsymbol.com\/fr\/wp-json\/wp\/v2\/product"}],"about":[{"href":"https:\/\/www.grillsymbol.com\/fr\/wp-json\/wp\/v2\/types\/product"}],"replies":[{"embeddable":true,"href":"https:\/\/www.grillsymbol.com\/fr\/wp-json\/wp\/v2\/comments?post=11379"}],"version-history":[{"count":0,"href":"https:\/\/www.grillsymbol.com\/fr\/wp-json\/wp\/v2\/product\/11379\/revisions"}],"wp:featuredmedia":[{"embeddable":true,"href":"https:\/\/www.grillsymbol.com\/fr\/wp-json\/wp\/v2\/media\/13633"}],"wp:attachment":[{"href":"https:\/\/www.grillsymbol.com\/fr\/wp-json\/wp\/v2\/media?parent=11379"}],"curies":[{"name":"wp","href":"https:\/\/api.w.org\/{rel}","templated":true}]}}