{"id":11410,"date":"2021-02-23T03:58:40","date_gmt":"2021-02-23T03:58:40","guid":{"rendered":"https:\/\/www.grillsymbol.com\/?post_type=product&#038;p=11410"},"modified":"2023-03-13T14:12:11","modified_gmt":"2023-03-13T14:12:11","slug":"grillsymbol-bruleur-a-gaz-exterieur-b500-o-50-cm-135kw","status":"publish","type":"product","link":"https:\/\/www.grillsymbol.com\/fr\/shop\/bruleurs-a-paella\/grillsymbol-bruleur-a-gaz-exterieur-b500-o-50-cm-135kw\/","title":{"rendered":"GrillSymbol Br\u00fbleur \u00e0 gaz ext\u00e9rieur B500, \u00f8 50 cm\/13,5kW"},"content":{"rendered":"<ul>\n<li>Br\u00fbleur : 13,5 kw, diam\u00e8tre 50 cm.<\/li>\n<li>Les deux cercles du br\u00fbleur peuvent \u00eatre r\u00e9gl\u00e9s s\u00e9par\u00e9ment.<\/li>\n<li>Consommation de gaz \u00e0 pleine capacit\u00e9 : 1,2 kg \/ h. Dans les conditions habituelles : 0,3-0,7 kg \/ h.<\/li>\n<\/ul>\n","protected":false},"excerpt":{"rendered":"<p>Le br\u00fbleur \u00e0 gaz est parfait pour la cuisine d\\&rsquo;\u00e9t\u00e9 pour faire divers plats et conserves. D\u00e9sormais, cuisinez vos confitures en plein air ! Vous n\\&rsquo;avez plus besoin d\\&rsquo;avoir peur du d\u00e9sordre !<\/p>\n<p>Le diam\u00e8tre du fond des po\u00eales et casseroles utilis\u00e9es sur le br\u00fbleur \u00e0 gaz \u00e0 partir de 50 cm.<\/p>\n","protected":false},"featured_media":18081,"comment_status":"open","ping_status":"closed","template":"","meta":{"footnotes":""},"class_list":["post-11410","product","type-product","status-publish","has-post-thumbnail","hentry","product_cat-bruleurs-a-paella"],"_links":{"self":[{"href":"https:\/\/www.grillsymbol.com\/fr\/wp-json\/wp\/v2\/product\/11410","targetHints":{"allow":["GET"]}}],"collection":[{"href":"https:\/\/www.grillsymbol.com\/fr\/wp-json\/wp\/v2\/product"}],"about":[{"href":"https:\/\/www.grillsymbol.com\/fr\/wp-json\/wp\/v2\/types\/product"}],"replies":[{"embeddable":true,"href":"https:\/\/www.grillsymbol.com\/fr\/wp-json\/wp\/v2\/comments?post=11410"}],"version-history":[{"count":0,"href":"https:\/\/www.grillsymbol.com\/fr\/wp-json\/wp\/v2\/product\/11410\/revisions"}],"wp:featuredmedia":[{"embeddable":true,"href":"https:\/\/www.grillsymbol.com\/fr\/wp-json\/wp\/v2\/media\/18081"}],"wp:attachment":[{"href":"https:\/\/www.grillsymbol.com\/fr\/wp-json\/wp\/v2\/media?parent=11410"}],"curies":[{"name":"wp","href":"https:\/\/api.w.org\/{rel}","templated":true}]}}