{"id":12126,"date":"2021-07-19T12:11:54","date_gmt":"2021-07-19T12:11:54","guid":{"rendered":"https:\/\/www.grillsymbol.com\/shop\/non%20class\u00e9\/grillsymbol-classic-bbq-griddle\/"},"modified":"2023-05-25T19:10:45","modified_gmt":"2023-05-25T19:10:45","slug":"grillsymbol-repose-gril-classic","status":"publish","type":"product","link":"https:\/\/www.grillsymbol.com\/fr\/shop\/accessoires-de-barbecue\/grillsymbol-repose-gril-classic\/","title":{"rendered":"GrillSymbol Repose-gril Classic"},"content":{"rendered":"<p>La grille de cuisson Classic n\\&rsquo;est pas incluse dans l\\&rsquo;\u00e9quipement standard d\\&rsquo;aucun gril au charbon de bois Chef.<\/p>\n<p>Surface de grille: acier rond inoxydable de 8 mm<br \/>\nPoign\u00e9es de grille : acier lamin\u00e9 \u00e0 chaud de 5 mm<br \/>\nDimensions : 50 x 33 cm<br \/>\nPoids : 5kg<\/p>\n<p>&nbsp;<\/p>\n","protected":false},"excerpt":{"rendered":"<p>La grille de cuisson classique en acier inoxydable. Convient au mod\u00e8les Chef et Naked Chef (y compris XL). Ne convient pas au mod\u00e8le XXL.<\/p>\n<p>&nbsp;<\/p>\n<p>&nbsp;<\/p>\n<p>&nbsp;<\/p>\n","protected":false},"featured_media":11927,"comment_status":"open","ping_status":"closed","template":"","meta":{"footnotes":""},"class_list":["post-12126","product","type-product","status-publish","has-post-thumbnail","hentry","product_cat-accessoires-de-barbecue"],"_links":{"self":[{"href":"https:\/\/www.grillsymbol.com\/fr\/wp-json\/wp\/v2\/product\/12126","targetHints":{"allow":["GET"]}}],"collection":[{"href":"https:\/\/www.grillsymbol.com\/fr\/wp-json\/wp\/v2\/product"}],"about":[{"href":"https:\/\/www.grillsymbol.com\/fr\/wp-json\/wp\/v2\/types\/product"}],"replies":[{"embeddable":true,"href":"https:\/\/www.grillsymbol.com\/fr\/wp-json\/wp\/v2\/comments?post=12126"}],"version-history":[{"count":0,"href":"https:\/\/www.grillsymbol.com\/fr\/wp-json\/wp\/v2\/product\/12126\/revisions"}],"wp:featuredmedia":[{"embeddable":true,"href":"https:\/\/www.grillsymbol.com\/fr\/wp-json\/wp\/v2\/media\/11927"}],"wp:attachment":[{"href":"https:\/\/www.grillsymbol.com\/fr\/wp-json\/wp\/v2\/media?parent=12126"}],"curies":[{"name":"wp","href":"https:\/\/api.w.org\/{rel}","templated":true}]}}