{"id":12136,"date":"2021-07-19T12:15:06","date_gmt":"2021-07-19T12:15:06","guid":{"rendered":"https:\/\/www.grillsymbol.com\/shop\/non%20class\u00e9\/grillsymbol-zigzag-solid-bbq-griddle\/"},"modified":"2021-12-27T10:55:30","modified_gmt":"2021-12-27T10:55:30","slug":"grillsymbol-repose-gril-zigzag-solid-50x33-cm","status":"publish","type":"product","link":"https:\/\/www.grillsymbol.com\/fr\/shop\/accessoires-de-barbecue\/grillsymbol-repose-gril-zigzag-solid-50x33-cm\/","title":{"rendered":"GrillSymbol  Repose-gril ZigZag Solid, 50&#215;33 cm"},"content":{"rendered":"<p>La grille de cuisson ZigZag Solid a un rapport sp\u00e9cial entre la surface m\u00e9tallique et les espaces d&rsquo;air, ce qui emp\u00eache la viande de br\u00fbler au feu direct. La grille retient tr\u00e8s bien la chaleur grace \u00e0 l&rsquo;\u00e9paisseur et au poids du mat\u00e9riau. Le motif de grille en zigzag laisse un motif int\u00e9ressant sur le steak, le poisson ou les l\u00e9gumes.<\/p>\n<p>Surface de grille : acier lamin\u00e9 \u00e0 chaud de 8 mm<br \/>\nPoign\u00e9es de grille : acier lamin\u00e9 \u00e0 chaud de 5 mm<br \/>\nDimensions : 50 x 33 cm<br \/>\nPoids : 8,2 kg<\/p>\n","protected":false},"excerpt":{"rendered":"<p>La grille de cuisson ZigZag Solid en acier de 8 mm de conception unique est incluse dans l&rsquo;equipement standard des mod\u00e8les Chef et Chef XL, c&rsquo;est-\u00e0-dire qu&rsquo;elle n&rsquo;a pas besoin d&rsquo;\u00eatre command\u00e9e s\u00e9par\u00e9ment pour ces mod\u00e8les. La grille convient \u00e9galement aux mod\u00e8les Naked Chef et Naked Chef XL, mais la grille ZigZag Solid n&rsquo;est pas incluse dans leur \u00e9quipement standard.<\/p>\n<p>&nbsp;<\/p>\n","protected":false},"featured_media":24168,"comment_status":"open","ping_status":"closed","template":"","meta":{"footnotes":""},"class_list":["post-12136","product","type-product","status-publish","has-post-thumbnail","hentry","product_cat-accessoires-de-barbecue"],"_links":{"self":[{"href":"https:\/\/www.grillsymbol.com\/fr\/wp-json\/wp\/v2\/product\/12136","targetHints":{"allow":["GET"]}}],"collection":[{"href":"https:\/\/www.grillsymbol.com\/fr\/wp-json\/wp\/v2\/product"}],"about":[{"href":"https:\/\/www.grillsymbol.com\/fr\/wp-json\/wp\/v2\/types\/product"}],"replies":[{"embeddable":true,"href":"https:\/\/www.grillsymbol.com\/fr\/wp-json\/wp\/v2\/comments?post=12136"}],"version-history":[{"count":0,"href":"https:\/\/www.grillsymbol.com\/fr\/wp-json\/wp\/v2\/product\/12136\/revisions"}],"wp:featuredmedia":[{"embeddable":true,"href":"https:\/\/www.grillsymbol.com\/fr\/wp-json\/wp\/v2\/media\/24168"}],"wp:attachment":[{"href":"https:\/\/www.grillsymbol.com\/fr\/wp-json\/wp\/v2\/media?parent=12136"}],"curies":[{"name":"wp","href":"https:\/\/api.w.org\/{rel}","templated":true}]}}