{"id":12137,"date":"2021-07-20T04:17:40","date_gmt":"2021-07-20T04:17:40","guid":{"rendered":"https:\/\/www.grillsymbol.com\/shop\/non%20class\u00e9\/grillsymbol-wok-o-30-cm-adapter-set\/"},"modified":"2024-08-23T13:14:06","modified_gmt":"2024-08-23T13:14:06","slug":"grillsymbol-base-de-poele-wok","status":"publish","type":"product","link":"https:\/\/www.grillsymbol.com\/fr\/shop\/accessoires-de-barbecue\/grillsymbol-base-de-poele-wok\/","title":{"rendered":"GrillSymbol Base de po\u00eale wok"},"content":{"rendered":"<p>La po\u00eale \u00e0 wok est en fonte de haute qualit\u00e9.<\/p>\n<p>Diam\u00e8tre : 30 cm, profondeur : 7 cm<br \/>\nLargeur de l\\&rsquo;adaptateur 34 cm, mat\u00e9riau : acier Cor-Ten de 4 mm.<\/p>\n<p>&nbsp;<\/p>\n","protected":false},"excerpt":{"rendered":"<p>Po\u00eale de wok en fonte avec adaptateur, adapt\u00e9e pour une utilisation sur les mod\u00e8les Chef et Naked Chef.<\/p>\n<p>&nbsp;<\/p>\n<p>&nbsp;<\/p>\n<p>&nbsp;<\/p>\n","protected":false},"featured_media":11942,"comment_status":"open","ping_status":"closed","template":"","meta":{"footnotes":""},"class_list":["post-12137","product","type-product","status-publish","has-post-thumbnail","hentry","product_cat-accessoires-de-barbecue"],"_links":{"self":[{"href":"https:\/\/www.grillsymbol.com\/fr\/wp-json\/wp\/v2\/product\/12137","targetHints":{"allow":["GET"]}}],"collection":[{"href":"https:\/\/www.grillsymbol.com\/fr\/wp-json\/wp\/v2\/product"}],"about":[{"href":"https:\/\/www.grillsymbol.com\/fr\/wp-json\/wp\/v2\/types\/product"}],"replies":[{"embeddable":true,"href":"https:\/\/www.grillsymbol.com\/fr\/wp-json\/wp\/v2\/comments?post=12137"}],"version-history":[{"count":0,"href":"https:\/\/www.grillsymbol.com\/fr\/wp-json\/wp\/v2\/product\/12137\/revisions"}],"wp:featuredmedia":[{"embeddable":true,"href":"https:\/\/www.grillsymbol.com\/fr\/wp-json\/wp\/v2\/media\/11942"}],"wp:attachment":[{"href":"https:\/\/www.grillsymbol.com\/fr\/wp-json\/wp\/v2\/media?parent=12137"}],"curies":[{"name":"wp","href":"https:\/\/api.w.org\/{rel}","templated":true}]}}