{"id":12925,"date":"2021-11-10T12:19:18","date_gmt":"2021-11-10T12:19:18","guid":{"rendered":"https:\/\/www.grillsymbol.com\/shop\/non%20class\u00e9\/grillsymbol-corten-steel-firewood-rack-enzo-rack-s\/"},"modified":"2023-01-03T17:24:01","modified_gmt":"2023-01-03T17:24:01","slug":"grillsymbol-rangement-de-bois-enzo-rack-s","status":"publish","type":"product","link":"https:\/\/www.grillsymbol.com\/fr\/shop\/rangement-de-bois\/grillsymbol-rangement-de-bois-enzo-rack-s\/","title":{"rendered":"Grillsymbol Rangement de bois Enzo Rack-S"},"content":{"rendered":"<p>\u2022 Materiau : acier Cor-Ten de 2 mm et 3 mm<br \/>\n\u2022 Mesures : 48 x 43 x 37 cm (hauteur x largeur x profendeur)<br \/>\n\u2022 Poids : 16 kg<br \/>\n\u2022 L\\&rsquo;ensemble comprend une base de si\u00e8ge en bois, fabriqu\u00e9es en fr\u00eane trait\u00e9 thermiquement<br \/>\n\u2022 Le produit est livr\u00e9 en pi\u00e8ces<br \/>\n\u2022 Montage : 15-20 minutes<br \/>\n\u2022 Des roues \u00e9l\u00e9gantes d\\&rsquo;un diam\u00e8tre de 50 mm sont disponibles en tant qu\\&rsquo;accessoires, code produit Wheels<\/p>\n<p>NB ! Si vous souhaitez utiliser le produit \u00e0 l\\&rsquo;int\u00e9rieur, le produit doit \u00eatre pr\u00e9alablement trait\u00e9 \u00e0 l\\&rsquo;ext\u00e9rieur. Vous pouvez trouver plus d\\&rsquo;informations sur la formation d\\&rsquo;une couche de rouille dans le guide ci-dessous.<\/p>\n<p>Si vous souhaitez ensuite utiliser le produit \u00e0 l\\&rsquo;int\u00e9rieur, vous devez tenir compte du fait que le produit peut tacher. Pour \u00e9viter cela, le produit doit \u00eatre pr\u00e9alablement trait\u00e9 avec un vernis en a\u00e9rosol, les instructions pour cela sont incluses avec le produit et les vernis sont disponibles dans les quincailleries.<\/p>\n<p><strong>La surface est \u00e0 l\\&rsquo;origine gris\u00e2tre, puis elle devient brun rouge\u00e2tre (ressemble \u00e0 la couleur de la rouille).<\/strong><\/p>\n<p>&nbsp;<\/p>\n<blockquote class=\"wp-embedded-content\" data-secret=\"QV4vxWFVid\"><p><a href=\"https:\/\/grillsymbol.com\/fr\/a-propos-des-differentes-poeles\/instructions-de-vieillissement-des-produits-en-acier-cor-ten\/\">Instructions de vieillissement des produits en acier COR-TEN\u00ae<\/a><\/p><\/blockquote>\n<p><iframe loading=\"lazy\" class=\"wp-embedded-content\" sandbox=\"allow-scripts\" security=\"restricted\" style=\"position: absolute; clip: rect(1px, 1px, 1px, 1px);\" title=\"\u00ab\u00a0Instructions de vieillissement des produits en acier COR-TEN\u00ae\u00a0\u00bb &#8212; GrillSymbol\" src=\"https:\/\/grillsymbol.com\/fr\/a-propos-des-differentes-poeles\/instructions-de-vieillissement-des-produits-en-acier-cor-ten\/embed\/#?secret=QV4vxWFVid\" data-secret=\"QV4vxWFVid\" width=\"600\" height=\"338\" frameborder=\"0\" marginwidth=\"0\" marginheight=\"0\" scrolling=\"no\"><\/iframe><\/p>\n","protected":false},"excerpt":{"rendered":"<p>Le rangement de bois <strong>Enzo S<\/strong> est en acier Cor-Ten et il est r\u00e9sistant aux intemp\u00e9ries. Pour une utilisation int\u00e9rieure et ext\u00e9rieure. Le montage est facile et rapide.<\/p>\n<p><strong>Design : Petteri Wiimaa<\/strong><\/p>\n<p>Les rangement de bois Enzo sont disponibles en trois tailles diff\u00e9rentes (S, M, L). Ils peuvent \u00eatre plac\u00e9s horizontalement ou verticalement.<\/p>\n<p>D\u00e9couvrez la chemin\u00e9e ext\u00e9riure Enzo!<\/p>\n<p>&nbsp;<\/p>\n","protected":false},"featured_media":19255,"comment_status":"open","ping_status":"closed","template":"","meta":{"footnotes":""},"class_list":["post-12925","product","type-product","status-publish","has-post-thumbnail","hentry","product_cat-rangement-de-bois"],"_links":{"self":[{"href":"https:\/\/www.grillsymbol.com\/fr\/wp-json\/wp\/v2\/product\/12925","targetHints":{"allow":["GET"]}}],"collection":[{"href":"https:\/\/www.grillsymbol.com\/fr\/wp-json\/wp\/v2\/product"}],"about":[{"href":"https:\/\/www.grillsymbol.com\/fr\/wp-json\/wp\/v2\/types\/product"}],"replies":[{"embeddable":true,"href":"https:\/\/www.grillsymbol.com\/fr\/wp-json\/wp\/v2\/comments?post=12925"}],"version-history":[{"count":0,"href":"https:\/\/www.grillsymbol.com\/fr\/wp-json\/wp\/v2\/product\/12925\/revisions"}],"wp:featuredmedia":[{"embeddable":true,"href":"https:\/\/www.grillsymbol.com\/fr\/wp-json\/wp\/v2\/media\/19255"}],"wp:attachment":[{"href":"https:\/\/www.grillsymbol.com\/fr\/wp-json\/wp\/v2\/media?parent=12925"}],"curies":[{"name":"wp","href":"https:\/\/api.w.org\/{rel}","templated":true}]}}