{"id":12931,"date":"2021-11-01T11:35:59","date_gmt":"2021-11-01T11:35:59","guid":{"rendered":"https:\/\/www.grillsymbol.com\/shop\/non%20class\u00e9\/grillsymbol-firewood-rack-ake-72-x-72-cm\/"},"modified":"2023-05-10T12:04:31","modified_gmt":"2023-05-10T12:04:31","slug":"grillsymbol-rangement-de-bois-ake-72-72-cm","status":"publish","type":"product","link":"https:\/\/www.grillsymbol.com\/fr\/shop\/rangement-de-bois\/grillsymbol-rangement-de-bois-ake-72-72-cm\/","title":{"rendered":"Grillsymbol Rangement de bois Ake 72*72 cm"},"content":{"rendered":"<ul>\n<li>Mat\u00e9riau : acier Cor-Ten de 3 mm<\/li>\n<li>Dimensions : 72 x 72 cm<\/li>\n<li>Profondeur : 23 cm + support mural<\/li>\n<li>Poids : 8 kg<\/li>\n<li>Capacit\u00e9 : ca 3 sacs (40L) de bois de chauffage<\/li>\n<li>L\\&rsquo;ensemble contient les pieds et les supports de montage mural<\/li>\n<li>Montage : ca 15-20 minutes<\/li>\n<\/ul>\n<p>&nbsp;<\/p>\n<p>NB\u00a0! Lorsqu\\&rsquo;une couche de rouille se forme, le produit d\u00e9gage de la rouille la premi\u00e8re ann\u00e9e, plus d\\&rsquo;informations dans les instructions ci-dessous.<\/p>\n<p>&nbsp;<\/p>\n<blockquote class=\"wp-embedded-content\" data-secret=\"PDjf6bRYVI\"><p><a href=\"https:\/\/www.grillsymbol.com\/fr\/a-propos-des-differentes-poeles\/instructions-de-vieillissement-des-produits-en-acier-cor-ten\/\">COR-TEN\u00ae Steel products seasoning instructions<\/a><\/p><\/blockquote>\n<p><iframe loading=\"lazy\" class=\"wp-embedded-content\" sandbox=\"allow-scripts\" security=\"restricted\" style=\"position: absolute; clip: rect(1px, 1px, 1px, 1px);\" title=\"\u00ab\u00a0COR-TEN\u00ae Steel products seasoning instructions\u00a0\u00bb &#8212; GrillSymbol\" src=\"https:\/\/www.grillsymbol.com\/fr\/a-propos-des-differentes-poeles\/instructions-de-vieillissement-des-produits-en-acier-cor-ten\/embed\/#?secret=PDjf6bRYVI\" data-secret=\"PDjf6bRYVI\" width=\"600\" height=\"338\" frameborder=\"0\" marginwidth=\"0\" marginheight=\"0\" scrolling=\"no\"><\/iframe><\/p>\n","protected":false},"excerpt":{"rendered":"<p><strong>Le rangement de bois Ake peut \u00eatre utilis\u00e9 au mur et au sol.<\/strong> Ake est en acier CorTen de 3mm et il et compl\u00e8tement r\u00e9sistant aux intemp\u00e9ries. Peut \u00eatre utilis\u00e9 \u00e0 l\\&rsquo;int\u00e9rieur et \u00e0 l\\&rsquo;ext\u00e9rieur. Le montage est facile et rapide.<br \/>\n<strong>Design : Petteri Wiimaa<\/strong><\/p>\n<p>L\u2019acier CorTen est un acier au carbone presque pur mais trait\u00e9 de mani\u00e8re \u00e0 avoir une couche protectrice sur la surface pour la rendre r\u00e9sistante aux intemp\u00e9ries. La surface est \u00e0 l\\&rsquo;origine gris\u00e2tre, puis elle devient brun rouge\u00e2tre (ressemble \u00e0 la couleur de la rouille), qui devient plus fonc\u00e9e avec le temps. S\\&rsquo;il est utilis\u00e9 correctement, l\\&rsquo;acier Cor-Ten est expressif, durable et sans entretien et peut tenir le temps \u00e0 sa mani\u00e8re unique.<\/p>\n","protected":false},"featured_media":21128,"comment_status":"open","ping_status":"closed","template":"","meta":{"footnotes":""},"class_list":["post-12931","product","type-product","status-publish","has-post-thumbnail","hentry","product_cat-rangement-de-bois"],"_links":{"self":[{"href":"https:\/\/www.grillsymbol.com\/fr\/wp-json\/wp\/v2\/product\/12931","targetHints":{"allow":["GET"]}}],"collection":[{"href":"https:\/\/www.grillsymbol.com\/fr\/wp-json\/wp\/v2\/product"}],"about":[{"href":"https:\/\/www.grillsymbol.com\/fr\/wp-json\/wp\/v2\/types\/product"}],"replies":[{"embeddable":true,"href":"https:\/\/www.grillsymbol.com\/fr\/wp-json\/wp\/v2\/comments?post=12931"}],"version-history":[{"count":0,"href":"https:\/\/www.grillsymbol.com\/fr\/wp-json\/wp\/v2\/product\/12931\/revisions"}],"wp:featuredmedia":[{"embeddable":true,"href":"https:\/\/www.grillsymbol.com\/fr\/wp-json\/wp\/v2\/media\/21128"}],"wp:attachment":[{"href":"https:\/\/www.grillsymbol.com\/fr\/wp-json\/wp\/v2\/media?parent=12931"}],"curies":[{"name":"wp","href":"https:\/\/api.w.org\/{rel}","templated":true}]}}