{"id":12948,"date":"2021-11-12T10:13:43","date_gmt":"2021-11-12T10:13:43","guid":{"rendered":"https:\/\/www.grillsymbol.com\/shop\/non%20class\u00e9\/grillsymbol-outdoor-fireplace-enzo\/"},"modified":"2023-01-03T17:07:28","modified_gmt":"2023-01-03T17:07:28","slug":"grillsymbol-cheminee-exterieure-enzo","status":"publish","type":"product","link":"https:\/\/www.grillsymbol.com\/fr\/shop\/braseros-en-acier-corten\/grillsymbol-cheminee-exterieure-enzo\/","title":{"rendered":"GrillSymbol Chemin\u00e9e ext\u00e9rieure Enzo"},"content":{"rendered":"<ul>\n<li>Mesures : 132 x 43 x 37 cm (hauteur x largeur x profondeur)<\/li>\n<li>Poids : 50 kg<\/li>\n<li>Mat\u00e9riau : acier Cor-Ten de 3 mm<\/li>\n<li>Mesures de la grille : 41 x 35 cm<\/li>\n<li>Livr\u00e9 en deux parties, le montage prend environ 10-15 minutes<\/li>\n<\/ul>\n<p>&nbsp;<\/p>\n<p><strong>Exigences de s\u00e9curit\u00e9\u00a0:<\/strong><\/p>\n<p>&nbsp;<\/p>\n<ul>\n<li>La chemin\u00e9e ext\u00e9rieure doit \u00eatre plac\u00e9e sur un souterrain ininflammable<\/li>\n<li>Ne la placez pas \u00e0 proximit\u00e9 de mat\u00e9riaux inflammables (comme des murs en bois, etc.)<\/li>\n<li>Ne laissez pas sans surveillance lorsque le feu est allum\u00e9<\/li>\n<li>Ne remplissez pas l&rsquo;\u00e9tag\u00e8re \u00e0 bois jusqu&rsquo;au bord sup\u00e9rieur pendant que le feu est allum\u00e9.<\/li>\n<\/ul>\n<p>&nbsp;<\/p>\n<p>&nbsp;<\/p>\n<blockquote class=\"wp-embedded-content\" data-secret=\"DKJXoVpZqM\"><p><a href=\"https:\/\/grillsymbol.com\/fr\/a-propos-des-differentes-poeles\/instructions-de-vieillissement-des-produits-en-acier-cor-ten\/\">Instructions de vieillissement des produits en acier COR-TEN\u00ae<\/a><\/p><\/blockquote>\n<p><iframe loading=\"lazy\" class=\"wp-embedded-content\" sandbox=\"allow-scripts\" security=\"restricted\" style=\"position: absolute; clip: rect(1px, 1px, 1px, 1px);\" title=\"\u00ab\u00a0Instructions de vieillissement des produits en acier COR-TEN\u00ae\u00a0\u00bb &#8212; GrillSymbol\" src=\"https:\/\/grillsymbol.com\/fr\/a-propos-des-differentes-poeles\/instructions-de-vieillissement-des-produits-en-acier-cor-ten\/embed\/#?secret=DKJXoVpZqM\" data-secret=\"DKJXoVpZqM\" width=\"600\" height=\"338\" frameborder=\"0\" marginwidth=\"0\" marginheight=\"0\" scrolling=\"no\"><\/iframe><\/p>\n","protected":false},"excerpt":{"rendered":"<p>Notre chemin\u00e9e ext\u00e9rieure Enzo est sp\u00e9ciale. Derri\u00e8re le design nordique modeste se cache un c\u0153ur italien chaleureux. Allumez le feu dans cette chemin\u00e9e et chaque rendez-vous sera un moment sp\u00e9cial !<\/p>\n<p>Dans cette chemin\u00e9e, vous pouvez \u00e9galement griller car il y a une grille en acier inoxydable incluse dans l&rsquo;ensemble. La chemin\u00e9e ext\u00e9rieure est en acier Cor-ten de 3 mm r\u00e9sistant aux intemp\u00e9ries et de haute qualit\u00e9.<\/p>\n<p>Jetez un coup d&rsquo;\u0153il sur nos <strong>\u00e9tag\u00e8res \u00e0 bois Enzo<\/strong>.<\/p>\n<p>L\u2019acier Cor-Ten est un acier au carbone presque pur mais trait\u00e9 de mani\u00e8re \u00e0 avoir une couche protectrice sur la surface pour la rendre r\u00e9sistante aux intemp\u00e9ries. La surface est \u00e0 l&rsquo;origine gris\u00e2tre, puis elle devient brun rouge\u00e2tre (ressemble \u00e0 la couleur de la rouille), qui devient plus fonc\u00e9e avec le temps.<\/p>\n<p>S&rsquo;il est utilis\u00e9 correctement, l&rsquo;acier Cor-Ten est expressif, durable et sans entretien et peut tenir le temps \u00e0 sa mani\u00e8re unique.<\/p>\n<p>&nbsp;<\/p>\n","protected":false},"featured_media":13851,"comment_status":"open","ping_status":"closed","template":"","meta":{"footnotes":""},"class_list":["post-12948","product","type-product","status-publish","has-post-thumbnail","hentry","product_cat-braseros-en-acier-corten"],"_links":{"self":[{"href":"https:\/\/www.grillsymbol.com\/fr\/wp-json\/wp\/v2\/product\/12948","targetHints":{"allow":["GET"]}}],"collection":[{"href":"https:\/\/www.grillsymbol.com\/fr\/wp-json\/wp\/v2\/product"}],"about":[{"href":"https:\/\/www.grillsymbol.com\/fr\/wp-json\/wp\/v2\/types\/product"}],"replies":[{"embeddable":true,"href":"https:\/\/www.grillsymbol.com\/fr\/wp-json\/wp\/v2\/comments?post=12948"}],"version-history":[{"count":0,"href":"https:\/\/www.grillsymbol.com\/fr\/wp-json\/wp\/v2\/product\/12948\/revisions"}],"wp:featuredmedia":[{"embeddable":true,"href":"https:\/\/www.grillsymbol.com\/fr\/wp-json\/wp\/v2\/media\/13851"}],"wp:attachment":[{"href":"https:\/\/www.grillsymbol.com\/fr\/wp-json\/wp\/v2\/media?parent=12948"}],"curies":[{"name":"wp","href":"https:\/\/api.w.org\/{rel}","templated":true}]}}