{"id":12968,"date":"2021-11-15T07:44:23","date_gmt":"2021-11-15T07:44:23","guid":{"rendered":"https:\/\/www.grillsymbol.com\/shop\/non%20class\u00e9\/grillsymbol-chef-xxl-charcoal-grill\/"},"modified":"2026-04-22T16:14:56","modified_gmt":"2026-04-22T16:14:56","slug":"grillsymbol-barbecue-au-charbon-naked-chef-xxl","status":"publish","type":"product","link":"https:\/\/www.grillsymbol.com\/fr\/shop\/bbq-fumoirs-et-barbecues-au-charbon\/grillsymbol-barbecue-au-charbon-naked-chef-xxl\/","title":{"rendered":"GrillSymbol Barbecue au charbon Naked Chef XXL"},"content":{"rendered":"<p><strong>Sp\u00e9cifications techniques:<\/strong><\/p>\n<ul>\n<li>Mesures: 116 x 65 x 90 cm (largeur * profondeur * hauteur)<\/li>\n<li>Poids: 70 kg<\/li>\n<li>Le corps du gril est en acier Cor-Ten de 3 mm<\/li>\n<li>Surface de cuisson: 115 x 62 cm<\/li>\n<li>Dimensions de la grille de cuisson 62 x 38 cm (2x grilles)<\/li>\n<li>Le fond du gril a des bouches d\\&rsquo;a\u00e9ration r\u00e9glables<\/li>\n<li>Les pieds sont d\u00e9tachables avec des boulons papillon<\/li>\n<li>Les pieds ont des semelles qui augmentent la stabilit\u00e9<\/li>\n<li>Mat\u00e9riau du bac de pr\u00e9paration au charbon : acier inox de 2 mm<\/li>\n<li>Bac \u00e0 charbon de bois\u00a0: base en acier inoxydable de 1,2\u00a0mm et cadre de 3\u00a0mm<\/li>\n<li>Le gril a une protection contre le vent et les \u00e9claboussures 116 x 15 cm (largeur * hauteur)<\/li>\n<\/ul>\n<p>&nbsp;<\/p>\n<p><strong>Accessoires pour barbecue \u00e0 charbon Naked Chef XXL<\/strong> : (non inclus dans le prix)<\/p>\n<ul>\n<li>Couvercle de gril en acier inoxydable (couvre 2\/3 de la surface de cuisson, 62 x 76 cm)<\/li>\n<li>Grille de cuisson classique, acier rond \u00f8 8 mm (couvre 1\/3 de la surface du gril, 62 x 38 cm)<\/li>\n<li>Grill argentin (couvre 2\/3 de la surface du grill, 62 x 76 cm)<\/li>\n<li>Po\u00eale \u00e0 frire, acier inoxydable 5 mm (couvre 1\/3 de la surface du gril, 62 x 38 cm)<\/li>\n<li>\u00c9tag\u00e8res lat\u00e9rales pour gril, acier inoxydable 2 pi\u00e8ces<\/li>\n<li>\u00c9tag\u00e8re de rangement pour grille de cuisson (stocke 3 grilles de cuisson)<\/li>\n<li>Adaptateur pour bac GN 1\/1 (couvre 1\/3 de la surface du gril, 62 x 38 cm)<\/li>\n<\/ul>\n<p>&nbsp;<\/p>\n<p><strong>NB\u00a0!<\/strong> La grillade et la chaleur rendront l\\&rsquo;acier Cor-Ten du corps du gril l\u00e9g\u00e8rement plus fonc\u00e9 que celui indiqu\u00e9 sur les photos du produit.<\/p>\n<p><strong>NB!<\/strong> Le produit ne doit pas \u00eatre install\u00e9 sur un socle en bois, car le gril comporte de petites ouvertures d\\&rsquo;o\u00f9 une petite quantit\u00e9 de cendres ou d\\&rsquo;\u00e9tincelles peut tomber.<\/p>\n<p>&nbsp;<\/p>\n<p>NB ! Les produits en acier Cor-Ten sont livr\u00e9s non trait\u00e9s. Lorsqu\u2019il est neuf, l\u2019acier Cor-Ten est de couleur grise comme l\u2019acier lamin\u00e9 \u00e0 chaud habituel. Vous pouvez trouver les instructions de vieillissement sur notre site Web ou vous pouvez les scanner directement sur le produit. Les produits en acier Cor-Ten peuvent \u00eatre stock\u00e9s \u00e0 l\u2019ext\u00e9rieur toute l\u2019ann\u00e9e. Ne n\u00e9cessite pas de stockage.<\/p>\n<p>&nbsp;<\/p>\n<h5><a href=\"https:\/\/www.grillsymbol.com\/fr\/a-propos-des-differentes-poeles\/instructions-de-vieillissement-des-produits-en-acier-cor-ten\/\" target=\"_blank\" rel=\"noopener\">Regardez ici : Instructions de vieillissement des produits en acier Cor-Ten<\/a><\/h5>\n","protected":false},"excerpt":{"rendered":"<p><strong>Naked Chef XXL<\/strong> est un gril \u00e0 charbon de grande taille, performant, fiable et solide. Facile \u00e0 monter et \u00e0 d\u00e9monter, prend peu de place et fait parfaitement son travail. La taille de la zone du gril est de 115 x 62 cm. L\\&rsquo;ensemble comprend 2 grilles de cuisson en inox qui couvrent le 2\/3 de la surface du gril, un bac de pr\u00e9paration au charbon et un bac \u00e0 charbon. Le gril est \u00e9quip\u00e9 d\\&rsquo;une protection contre le vent et les \u00e9claboussures de 15 cm de large, qui peut \u00eatre utilis\u00e9e comme zone de refroidissement lors de la cuisson en position basse.<\/p>\n<p>Les barbecues au charbon de bois Chef sont une combinaison de vieux classiques et de mat\u00e9riaux modernes. Une forme ancienne et classique, des d\u00e9tails pratiques et des mat\u00e9riaux actuels. La mati\u00e8re a aussi \u00e9t\u00e9 utilis\u00e9e comme au bon vieux temps et en quantit\u00e9 g\u00e9n\u00e9reuse ! Le corps du gril est en <strong>acier Corten<\/strong> de 3 mm, ce qui maintient la temp\u00e9rature stable pendant la cuisson au barbecue. La surface est \u00e0 l\u2019origine gris\u00e2tre, puis elle devient brun rouge\u00e2tre (ressemble \u00e0 la couleur de la rouille), qui devient plus fonc\u00e9e avec le temps.<\/p>\n<p>&nbsp;<\/p>\n","protected":false},"featured_media":25969,"comment_status":"open","ping_status":"closed","template":"","meta":{"footnotes":""},"class_list":["post-12968","product","type-product","status-publish","has-post-thumbnail","hentry","product_cat-bbq-fumoirs-et-barbecues-au-charbon"],"_links":{"self":[{"href":"https:\/\/www.grillsymbol.com\/fr\/wp-json\/wp\/v2\/product\/12968","targetHints":{"allow":["GET"]}}],"collection":[{"href":"https:\/\/www.grillsymbol.com\/fr\/wp-json\/wp\/v2\/product"}],"about":[{"href":"https:\/\/www.grillsymbol.com\/fr\/wp-json\/wp\/v2\/types\/product"}],"replies":[{"embeddable":true,"href":"https:\/\/www.grillsymbol.com\/fr\/wp-json\/wp\/v2\/comments?post=12968"}],"version-history":[{"count":1,"href":"https:\/\/www.grillsymbol.com\/fr\/wp-json\/wp\/v2\/product\/12968\/revisions"}],"predecessor-version":[{"id":35599,"href":"https:\/\/www.grillsymbol.com\/fr\/wp-json\/wp\/v2\/product\/12968\/revisions\/35599"}],"wp:featuredmedia":[{"embeddable":true,"href":"https:\/\/www.grillsymbol.com\/fr\/wp-json\/wp\/v2\/media\/25969"}],"wp:attachment":[{"href":"https:\/\/www.grillsymbol.com\/fr\/wp-json\/wp\/v2\/media?parent=12968"}],"curies":[{"name":"wp","href":"https:\/\/api.w.org\/{rel}","templated":true}]}}