{"id":13138,"date":"2021-12-02T12:31:08","date_gmt":"2021-12-02T12:31:08","guid":{"rendered":"https:\/\/www.grillsymbol.com\/shop\/non%20class\u00e9\/argentina-grill-48-x-68-cm\/"},"modified":"2026-03-26T15:19:47","modified_gmt":"2026-03-26T15:19:47","slug":"grillsymbol-grille-de-cuisson-argentine","status":"publish","type":"product","link":"https:\/\/www.grillsymbol.com\/fr\/shop\/accessoires-de-barbecue\/grillsymbol-grille-de-cuisson-argentine\/","title":{"rendered":"GrillSymbol Plaque de cuisson Asado argentin 68 x 33 cm ARG"},"content":{"rendered":"<ul>\n<li>Fabriqu\u00e9 en acier inoxydable (304)<\/li>\n<li>Dimensions\u00a0: 68 x 33 cm<\/li>\n<li>Avec bac de r\u00e9cup\u00e9ration des graisses\u00a0: 70 x 33 cm<\/li>\n<li>Poids\u00a0: environ 3 kg<\/li>\n<li>Base fixe, hauteur non r\u00e9glable<\/li>\n<li>Bac de r\u00e9cup\u00e9ration des graisses facile \u00e0 vider (PAS pendant la cuisson\u00a0!)<\/li>\n<li>Compatible avec les mod\u00e8les Chef, Chef-XL, Chef-N et Chef-NXL (mod\u00e8les Cor-Ten et Silver)<\/li>\n<li>Gr\u00e2ce au bac de r\u00e9cup\u00e9ration des graisses et aux grilles en V, la cuisson sur la grille argentine est plus homog\u00e8ne et moins marqu\u00e9e par le br\u00fbl\u00e9.<\/li>\n<li>Savourez les meilleurs steaks, travers de porc, saucisses ou l\u00e9gumes avec la grille argentine GrillSymbol\u00a0!<\/li>\n<\/ul>\n<p>&nbsp;<\/p>\n<p>Attention\u00a0! Ce produit a \u00e9t\u00e9 passiv\u00e9, c\\&rsquo;est-\u00e0-dire qu\\&rsquo;il a subi un processus chimique qui \u00e9limine la couche d\\&rsquo;oxyde, les r\u00e9sidus de soudure et les traces d\\&rsquo;usinage de la surface de la pi\u00e8ce. En cons\u00e9quence, l\u2019acier inoxydable est plus r\u00e9sistant \u00e0 la corrosion et pr\u00e9sente une couleur gris\u00e2tre uniforme.<\/p>\n","protected":false},"excerpt":{"rendered":"<p>Grille de cuisson argentine avec r\u00e9cup\u00e9rateur de graisse, en acier inoxydable. Ce r\u00e9cup\u00e9rateur assure une cuisson optimale en r\u00e9duisant les flammes. Les profils en V, l\u00e9g\u00e8rement inclin\u00e9s, guident le bac de r\u00e9cup\u00e9ration des graisses. R\u00e9sultat\u00a0: une cuisson plus uniforme et un go\u00fbt de br\u00fbl\u00e9 r\u00e9duit. Savourez les meilleurs steaks, travers, saucisses ou l\u00e9gumes avec la grille argentine GrillSymbol\u00a0!<\/p>\n","protected":false},"featured_media":35012,"comment_status":"open","ping_status":"closed","template":"","meta":{"footnotes":""},"class_list":["post-13138","product","type-product","status-publish","has-post-thumbnail","hentry","product_cat-accessoires-de-barbecue"],"_links":{"self":[{"href":"https:\/\/www.grillsymbol.com\/fr\/wp-json\/wp\/v2\/product\/13138","targetHints":{"allow":["GET"]}}],"collection":[{"href":"https:\/\/www.grillsymbol.com\/fr\/wp-json\/wp\/v2\/product"}],"about":[{"href":"https:\/\/www.grillsymbol.com\/fr\/wp-json\/wp\/v2\/types\/product"}],"replies":[{"embeddable":true,"href":"https:\/\/www.grillsymbol.com\/fr\/wp-json\/wp\/v2\/comments?post=13138"}],"version-history":[{"count":0,"href":"https:\/\/www.grillsymbol.com\/fr\/wp-json\/wp\/v2\/product\/13138\/revisions"}],"wp:featuredmedia":[{"embeddable":true,"href":"https:\/\/www.grillsymbol.com\/fr\/wp-json\/wp\/v2\/media\/35012"}],"wp:attachment":[{"href":"https:\/\/www.grillsymbol.com\/fr\/wp-json\/wp\/v2\/media?parent=13138"}],"curies":[{"name":"wp","href":"https:\/\/api.w.org\/{rel}","templated":true}]}}