{"id":13191,"date":"2021-12-03T08:40:27","date_gmt":"2021-12-03T08:40:27","guid":{"rendered":"https:\/\/www.grillsymbol.com\/shop\/non%20class\u00e9\/grillsymbol-paella-cooking-set-basic-960-o-96-cm\/"},"modified":"2023-05-09T13:28:21","modified_gmt":"2023-05-09T13:28:21","slug":"grillsymbol-kit-a-paella-professionnel-basic-960","status":"publish","type":"product","link":"https:\/\/www.grillsymbol.com\/fr\/shop\/kit-a-paella-professionnel\/grillsymbol-kit-a-paella-professionnel-basic-960\/","title":{"rendered":"GrillSymbol Kit \u00e0 paella professionnel Expert-960"},"content":{"rendered":"<ul>\n<li>Diam\u00e8tre : 96 cm<\/li>\n<li>Diam\u00e8tre du fond : 85 cm<\/li>\n<li>Nombre de portions : 50-80<\/li>\n<li>Hauteur : 85 cm<\/li>\n<li>Hauteur de la po\u00eale : 5 cm<\/li>\n<li>Poids : la po\u00eale 19 kg, total 35 kg (poids l\u00e9ger, bon \u00e0 transporter)<\/li>\n<li>Mat\u00e9riau : acier de 3 mm<\/li>\n<li>Br\u00fbleur : 21 kW Diam\u00e8tre : 600 mm<\/li>\n<li>Tout les 3 cercles du br\u00fbleur peuvent \u00eatre r\u00e9gl\u00e9s s\u00e9par\u00e9ment.<\/li>\n<li>Consommation de gaz \u00e0 pleine capacit\u00e9 : 1,5 kg \/ h. Dans les conditions habituelles : 0,5-1 kg \/ h.<\/li>\n<li>NB\u00a0! Le br\u00fbleur \u00e0 gaz dispose d\\&rsquo;un raccord gaz selon la norme fran\u00e7aise, belge ou suisse. La buse est assembl\u00e9e en usine selon la destination de la commande.<\/li>\n<li>Les pieds sont d\u00e9tachables et montables avec des boulons (papillon).<\/li>\n<li>Le r\u00e9ducteur et le tuyau de gaz ne sont pas inclus.<\/li>\n<\/ul>\n<p>&nbsp;<\/p>\n<p>NB! Le couvercle et la bouteille de gaz ne sont pas inclus dans l\u2019ensemble.<\/p>\n<p>&nbsp;<\/p>\n<p><strong>Avantages du produit de la s\u00e9rie GrillSymbol Basic :<\/strong><\/p>\n<p>&nbsp;<\/p>\n<ul>\n<li>Une po\u00eale \u00e0 rebord haut permet de faire frire, cuire, cuire \u00e0 la vapeur et bouillir.<\/li>\n<li>Le pare-brise entourant le br\u00fbleur \u00e0 gaz offre une protection suffisante contre le vent.<\/li>\n<li>Pare-brise et pieds en acier inoxydable \u2013 ne rouillent pas et sont faciles \u00e0 entretenir.<\/li>\n<li>Pr\u00eat \u00e0 l\u2019emploi \u2013 le produit est pr\u00e9-assembl\u00e9 et le montage ne prend que deux minutes.<\/li>\n<li>Test\u00e9 et d\u00e9velopp\u00e9 dans les pays nordiques, produit en Estonie.<\/li>\n<li>GrillSymbol \u2013 Entreprise familiale depuis 1925.<\/li>\n<\/ul>\n","protected":false},"excerpt":{"rendered":"<p>Une po\u00eale en acier \u00e0 rebord haut avec de tr\u00e8s bonnes fonctionnalit\u00e9s de cuisson, parfaitement adapt\u00e9e \u00e0 la cuisson.\u00a0La po\u00eale est en acier de 3 mm, elle est <strong>facile \u00e0 transporter<\/strong> et \u00e0 installer &#8211; avec un diam\u00e8tre pr\u00e8s d\\&rsquo;un m\u00e8tre, il ne p\u00e8se que 19 kg, poids de l\\&rsquo;ensemble : 35kg.<\/p>\n<p><strong>Expert-960<\/strong> permet de fournir de grandes foules tr\u00e8s rapidement &#8211; 50 \u00e0 200 portions par heure, selon la nourriture et la demande.<\/p>\n<p><strong>Basic-960<\/strong> permet de pr\u00e9parer diff\u00e9rents plats \u00e0 partir d\u2019ingr\u00e9dients crus mais aussi d\u2019ingr\u00e9dients pr\u00e9cuits. La po\u00eale peut contenir 50 \u00e0 80 portions selon le type de plat. La po\u00eale a un rebord de 5 cm, ce qui permet aux aliments d\u2019\u00eatre cuits et cuits \u00e0 la vapeur (avec le couvercle), c\u2019est un grand avantage par rapport \u00e0 une po\u00eale \u00e0 rebord bas.<\/p>\n<p>&nbsp;<\/p>\n<p>&nbsp;<\/p>\n","protected":false},"featured_media":18121,"comment_status":"open","ping_status":"closed","template":"","meta":{"footnotes":""},"class_list":["post-13191","product","type-product","status-publish","has-post-thumbnail","hentry","product_cat-kit-a-paella-professionnel"],"_links":{"self":[{"href":"https:\/\/www.grillsymbol.com\/fr\/wp-json\/wp\/v2\/product\/13191","targetHints":{"allow":["GET"]}}],"collection":[{"href":"https:\/\/www.grillsymbol.com\/fr\/wp-json\/wp\/v2\/product"}],"about":[{"href":"https:\/\/www.grillsymbol.com\/fr\/wp-json\/wp\/v2\/types\/product"}],"replies":[{"embeddable":true,"href":"https:\/\/www.grillsymbol.com\/fr\/wp-json\/wp\/v2\/comments?post=13191"}],"version-history":[{"count":0,"href":"https:\/\/www.grillsymbol.com\/fr\/wp-json\/wp\/v2\/product\/13191\/revisions"}],"wp:featuredmedia":[{"embeddable":true,"href":"https:\/\/www.grillsymbol.com\/fr\/wp-json\/wp\/v2\/media\/18121"}],"wp:attachment":[{"href":"https:\/\/www.grillsymbol.com\/fr\/wp-json\/wp\/v2\/media?parent=13191"}],"curies":[{"name":"wp","href":"https:\/\/api.w.org\/{rel}","templated":true}]}}