{"id":13264,"date":"2021-12-03T09:04:40","date_gmt":"2021-12-03T09:04:40","guid":{"rendered":"https:\/\/www.grillsymbol.com\/shop\/non%20class\u00e9\/grillsymbol-cataplana-ws-545-inox-cat-pfanne-adapter\/"},"modified":"2023-12-14T08:57:22","modified_gmt":"2023-12-14T08:57:22","slug":"grillsymbol-poele-cataplanaadaptateur-ws-545-inox-cat","status":"publish","type":"product","link":"https:\/\/www.grillsymbol.com\/fr\/shop\/poeles-wok-et-paella\/grillsymbol-poele-cataplanaadaptateur-ws-545-inox-cat\/","title":{"rendered":"GrillSymbol Po\u00eale Cataplana+adaptateur WS-545 inox CAT"},"content":{"rendered":"<ul>\n<li>Mat\u00e9riau : acier inoxydable de 3 mm<\/li>\n<li>Diam\u00e8tre : 54 cm<\/li>\n<li>Profondeur : 10 cm<\/li>\n<li>Nombre de portions : 20<\/li>\n<li>Poids : 10 kg<\/li>\n<li>L\\&rsquo;adaptateur est inclus dans l\\&rsquo;ensemble<\/li>\n<\/ul>\n","protected":false},"excerpt":{"rendered":"<p><strong>WS-545i-CAT est un ensemble\u00a0<\/strong><strong>d\\&rsquo;une po\u00eale cataplana, d\u2019un couvercle et d\u2019un adaptateur special. Il peut \u00eatre install\u00e9 sur les mod\u00e8les PRO-580 et PRO-580 inox et un <\/strong><strong>r\u00e9chaud \u00e0 gaz<\/strong><strong> TW-580.<\/strong><\/p>\n<p>La po\u00eale profonde en acier inoxydable \u00e0 fond \u00e9pais (3 mm) avec un couvercle en aluminium l\u00e9ger fonctionne comme une cataplana, et sans couvrcle comme un wok. Gr\u00e2ce \u00e0 sa forme concave, il peut \u00eatre utilis\u00e9 pour pr\u00e9parer une grande vari\u00e9t\u00e9 d\\&rsquo;aliments, de la cuisine m\u00e9diterran\u00e9enne \u00e0 la cuisine japonaise. La forme creuse permet d\\&rsquo;utiliser la po\u00eale comme friteuse pour churros, bu\u00f1uelos, tempura, nems, etc. Diverses soupes peuvent \u00e9galement y \u00eatre pr\u00e9par\u00e9es.<\/p>\n<p>&nbsp;<\/p>\n","protected":false},"featured_media":13574,"comment_status":"open","ping_status":"closed","template":"","meta":{"footnotes":""},"class_list":["post-13264","product","type-product","status-publish","has-post-thumbnail","hentry","product_cat-poeles-wok-et-paella"],"_links":{"self":[{"href":"https:\/\/www.grillsymbol.com\/fr\/wp-json\/wp\/v2\/product\/13264","targetHints":{"allow":["GET"]}}],"collection":[{"href":"https:\/\/www.grillsymbol.com\/fr\/wp-json\/wp\/v2\/product"}],"about":[{"href":"https:\/\/www.grillsymbol.com\/fr\/wp-json\/wp\/v2\/types\/product"}],"replies":[{"embeddable":true,"href":"https:\/\/www.grillsymbol.com\/fr\/wp-json\/wp\/v2\/comments?post=13264"}],"version-history":[{"count":0,"href":"https:\/\/www.grillsymbol.com\/fr\/wp-json\/wp\/v2\/product\/13264\/revisions"}],"wp:featuredmedia":[{"embeddable":true,"href":"https:\/\/www.grillsymbol.com\/fr\/wp-json\/wp\/v2\/media\/13574"}],"wp:attachment":[{"href":"https:\/\/www.grillsymbol.com\/fr\/wp-json\/wp\/v2\/media?parent=13264"}],"curies":[{"name":"wp","href":"https:\/\/api.w.org\/{rel}","templated":true}]}}